{"id":4365,"date":"2018-09-14T19:38:12","date_gmt":"2018-09-14T19:38:12","guid":{"rendered":"https:\/\/triceps.com.tr\/?page_id=4365"},"modified":"2024-12-30T12:37:22","modified_gmt":"2024-12-30T12:37:22","slug":"merll-hosting","status":"publish","type":"page","link":"https:\/\/triceps.com.tr\/tr\/merll-hosting\/","title":{"rendered":"Merll Hosting"},"content":{"rendered":"<div class=\"wpb-content-wrapper\">[vc_row type=&#8221;in_container&#8221; parallax_speed=&#8221;1&#8243; parallax_direction=&#8221;up&#8221; el_class=&#8221;head-spaces&#8221;][vc_column][vc_column_text]\n<div class=\"title-ctr\">El \u0130\u015f\u00e7ili\u011fi<\/div>\n<h1 class=\"pages-h1\">Web<strong>HOSTING<\/strong><\/h1>\n[\/vc_column_text][\/vc_column][\/vc_row][vc_row disable_element=&#8221;yes&#8221; css=&#8221;.vc_custom_1692021451136{padding-top: 60px !important;padding-right: 30px !important;padding-bottom: 60px !important;padding-left: 30px !important;background-color: #e2eeff !important;}&#8221;][vc_column width=&#8221;1\/4&#8243; css=&#8221;.vc_custom_1536959071974{padding-top: 10px !important;padding-right: 20px !important;padding-bottom: 10px !important;padding-left: 20px !important;}&#8221;][vc_column_text css=&#8221;.vc_custom_1536952381544{padding-bottom: 30px !important;}&#8221;]\n<div class=\"office\"><strong>Ki\u015fisel Bir \u015eeyler<\/strong><br \/>\n<em>Merll Ki\u015fisel HOSTING Planlar\u0131<\/em><\/div>\n[\/vc_column_text][vc_column_text el_class=&#8221;cat-desc&#8221;]Sizin i\u00e7in sa\u011flam performans ve uyumluluk olmazsa olmaz bir gereklilik midir? Ki\u015fisel projelerinizin ihtiya\u00e7 duydu\u011fu h\u0131zl\u0131 performans\u0131 ve \u00e7al\u0131\u015fma s\u00fcresini sa\u011flayan bir web hosting mimarisini \u00f6zelle\u015ftirmek i\u00e7in gelin birlikte \u00e7al\u0131\u015fal\u0131m.[\/vc_column_text][\/vc_column][vc_column width=&#8221;3\/4&#8243;][vc_column_text]\n<table class=\"rwd-table\">\n<tbody>\n<tr>\n<th colspan=\"2\">Bireysel Hosting<\/th>\n<th>Domain<\/th>\n<th>RAM<\/th>\n<th class=\"fix-me\">CPU<\/th>\n<th>Disk<\/th>\n<th>Trafik<\/th>\n<th class=\"fix-me\">E-Posta<\/th>\n<th>MySQL<\/th>\n<th>\u00dccret<\/th>\n<th><\/th>\n<\/tr>\n<tr>\n<td colspan=\"2\" data-th=\"Bireysel Hosting\">Eko<\/td>\n<td data-th=\"Domain\">1<\/td>\n<td data-th=\"RAM\">1 GB<\/td>\n<td data-th=\"CPU\">1 Core<\/td>\n<td data-th=\"Disk\">1 GB<\/td>\n<td data-th=\"Trafik\">5 GB<\/td>\n<td data-th=\"E-Posta\">5<\/td>\n<td data-th=\"MySQL\">1<\/td>\n<td data-th=\"\u00dccret\">\u20ba600,00<\/td>\n<td class=\"add-cart\"><a href=\"https:\/\/merll.triceps.com.tr\/cart.php?a=add&amp;pid=1&amp;carttpl=flathost\" target=\"_blank\" rel=\"noopener noreferrer\">Sat\u0131n Al<\/a><\/td>\n<\/tr>\n<tr>\n<td colspan=\"2\" data-th=\"Bireysel Hosting\">Standart<\/td>\n<td data-th=\"Domain\">1<\/td>\n<td data-th=\"RAM\">1 GB<\/td>\n<td data-th=\"CPU\">1 Core<\/td>\n<td data-th=\"Disk\">2 GB<\/td>\n<td data-th=\"Trafik\">10 GB<\/td>\n<td data-th=\"E-Posta\">5<\/td>\n<td data-th=\"MySQL\">3<\/td>\n<td data-th=\"\u00dccret\">\u20ba800,00<\/td>\n<td class=\"add-cart\"><a href=\"https:\/\/merll.triceps.com.tr\/cart.php?a=add&amp;pid=3&amp;carttpl=flathost\" target=\"_blank\" rel=\"noopener noreferrer\">Sat\u0131n Al<\/a><\/td>\n<\/tr>\n<\/tbody>\n<\/table>\n[\/vc_column_text][\/vc_column][\/vc_row][vc_row css=&#8221;.vc_custom_1692021688514{padding-top: 60px !important;padding-right: 30px !important;padding-bottom: 60px !important;padding-left: 30px !important;background-color: #f7f7f7 !important;}&#8221;][vc_column width=&#8221;1\/4&#8243; css=&#8221;.vc_custom_1536959110763{padding-top: 10px !important;padding-right: 20px !important;padding-bottom: 10px !important;padding-left: 20px !important;}&#8221;][vc_column_text css=&#8221;.vc_custom_1536952394154{padding-bottom: 30px !important;}&#8221;]\n<div class=\"office\"><strong>Kurumsal \u00c7\u00f6z\u00fcmler<\/strong><br \/>\n<em>Merll Kurumsal HOSTING Planlar\u0131<\/em><\/div>\n[\/vc_column_text][vc_column_text el_class=&#8221;cat-desc&#8221;]Sizin i\u00e7in sa\u011flam g\u00fcvenlik, s\u0131k\u0131 performans ve %100 uyumluluk olmazsa olmaz bir gereklilik midir? \u0130\u015fletmenizin ihtiya\u00e7 duydu\u011fu g\u00fcvenlik ve performans\u0131 sa\u011flayan bir web hosting mimarisini \u00f6zelle\u015ftirmek i\u00e7in gelin birlikte \u00e7al\u0131\u015fal\u0131m.<\/p>\n<p>Bir Merll Hosting m\u00fc\u015fterisi olarak, her t\u00fcrl\u00fc konfig\u00fcrasyonu planlama, uygulama ve y\u00f6netme konusundaki tecr\u00fcbelerimizden yararlanabilirsiniz.[\/vc_column_text][\/vc_column][vc_column width=&#8221;3\/4&#8243;][vc_column_text css=&#8221;&#8221;]\n<table class=\"rwd-table\">\n<tbody>\n<tr>\n<th colspan=\"2\">Kurumsal Hosting<\/th>\n<th>Domain<\/th>\n<th>RAM<\/th>\n<th class=\"fix-me\">CPU<\/th>\n<th class=\"fix-me\">Disk<\/th>\n<th>Trafik<\/th>\n<th class=\"fix-me\">E-Posta<\/th>\n<th>MySQL<\/th>\n<th>\u00dccret<\/th>\n<th><\/th>\n<\/tr>\n<tr>\n<td colspan=\"2\" data-th=\"Kurumsal Hosting\">Eko \u0130\u015f<\/td>\n<td data-th=\"Domain\">1<\/td>\n<td data-th=\"RAM\">2 GB<\/td>\n<td data-th=\"CPU\">1 Core<\/td>\n<td data-th=\"Disk\">4 GB<\/td>\n<td data-th=\"Trafik\">20 GB<\/td>\n<td data-th=\"E-Posta\">25<\/td>\n<td data-th=\"MySQL\">5<\/td>\n<td data-th=\"\u00dccret\">\u20ba3.750,00<\/td>\n<td class=\"add-cart\"><a href=\"https:\/\/merll.triceps.com.tr\/cart.php?a=add&amp;pid=4&amp;carttpl=flathost\" target=\"_blank\" rel=\"noopener noreferrer\">Sat\u0131n Al<\/a><\/td>\n<\/tr>\n<tr class=\"recommended\">\n<td colspan=\"2\" data-th=\"Kurumsal Hosting\">\u0130\u015f Plan\u0131<\/td>\n<td data-th=\"Domain\">1<\/td>\n<td data-th=\"RAM\">2 GB<\/td>\n<td data-th=\"CPU\">2 Core<\/td>\n<td data-th=\"Disk\">12 GB<\/td>\n<td data-th=\"Trafik\">60 GB<\/td>\n<td data-th=\"E-Posta\">Limitsiz<\/td>\n<td data-th=\"MySQL\">Limitsiz<\/td>\n<td data-th=\"\u00dccret\">\u20ba6.400,00<\/td>\n<td class=\"add-cart\"><a href=\"https:\/\/merll.triceps.com.tr\/cart.php?a=add&amp;pid=5&amp;carttpl=flathost\" target=\"_blank\" rel=\"noopener noreferrer\">Sat\u0131n Al<\/a><\/td>\n<\/tr>\n<tr>\n<td colspan=\"2\" data-th=\"Kurumsal Hosting\">Limitsiz \u0130\u015f<\/td>\n<td data-th=\"Domain\">1<\/td>\n<td data-th=\"RAM\">4 GB<\/td>\n<td data-th=\"CPU\">2 Core<\/td>\n<td data-th=\"Disk\">64 GB<\/td>\n<td data-th=\"Trafik\">Limitsiz<\/td>\n<td data-th=\"E-Posta\">Limitsiz<\/td>\n<td data-th=\"MySQL\">Limitsiz<\/td>\n<td data-th=\"\u00dccret\">\u20ba12.180,00<\/td>\n<td class=\"add-cart\"><a href=\"https:\/\/merll.triceps.com.tr\/cart.php?a=add&amp;pid=6&amp;carttpl=flathost\" target=\"_blank\" rel=\"noopener noreferrer\">Sat\u0131n Al<\/a><\/td>\n<\/tr>\n<tr>\n<td colspan=\"2\" data-th=\"Kurumsal Hosting\">Limitsiz +<\/td>\n<td data-th=\"Domain\">5<\/td>\n<td data-th=\"RAM\">4 GB<\/td>\n<td data-th=\"CPU\">4 Core<\/td>\n<td data-th=\"Disk\">128 GB<\/td>\n<td data-th=\"Trafik\">Limitsiz<\/td>\n<td data-th=\"E-Posta\">Limitsiz<\/td>\n<td data-th=\"MySQL\">Limitsiz<\/td>\n<td data-th=\"\u00dccret\">\u20ba16.240,00<\/td>\n<td class=\"add-cart\"><a href=\"https:\/\/merll.triceps.com.tr\/cart.php?a=add&amp;pid=20&amp;carttpl=flathost\" target=\"_blank\" rel=\"noopener noreferrer\">Sat\u0131n Al<\/a><\/td>\n<\/tr>\n<\/tbody>\n<\/table>\n[\/vc_column_text][\/vc_column][\/vc_row][vc_row css=&#8221;.vc_custom_1692021698526{padding-top: 60px !important;padding-right: 30px !important;padding-bottom: 60px !important;padding-left: 30px !important;}&#8221;][vc_column width=&#8221;1\/4&#8243; css=&#8221;.vc_custom_1536959126205{padding-top: 10px !important;padding-right: 20px !important;padding-bottom: 10px !important;padding-left: 20px !important;}&#8221;][vc_column_text css=&#8221;.vc_custom_1536952404018{padding-bottom: 30px !important;}&#8221;]\n<div class=\"office\"><strong>Eklentiler (Add-on)<\/strong><br \/>\n<em>Temel Web HOSTING \u0130htiya\u00e7lar\u0131<\/em><\/div>\n[\/vc_column_text][vc_column_text el_class=&#8221;cat-desc&#8221;]Bireysel veya kurmsal t\u00fcm web sayfalar\u0131nda zorunlu hale gelen SSL Sertifikalar\u0131 ve i\u015fletmenize \u00f6zel IP(v4\/v6) adresleri. [\/vc_column_text][\/vc_column][vc_column width=&#8221;3\/4&#8243;][vc_column_text css=&#8221;&#8221;]\n<table class=\"rwd-table\">\n<tbody>\n<tr>\n<th colspan=\"2\">Eklenti<\/th>\n<th>\u00dccret<\/th>\n<\/tr>\n<tr>\n<td colspan=\"2\" data-th=\"Eklenti\">IP Address<\/td>\n<td data-th=\"\u00dccret\">\u20ba 3.240,00\/Y\u0131l<\/td>\n<\/tr>\n<tr class=\"recommended\">\n<td colspan=\"2\" data-th=\"Eklenti\">SSL Certificate<\/td>\n<td data-th=\"\u00dccret\">\u20ba 1.980,00\/Y\u0131l<\/td>\n<\/tr>\n<\/tbody>\n<\/table>\n[\/vc_column_text][\/vc_column][\/vc_row][vc_row css=&#8221;.vc_custom_1611868523588{padding-top: 20px !important;padding-right: 30px !important;padding-bottom: 60px !important;padding-left: 30px !important;background-image: url(https:\/\/triceps.com.tr\/wp-content\/uploads\/2016\/12\/lets-start-bg.jpg?id=3874) !important;}&#8221;][vc_column width=&#8221;1\/2&#8243; css=&#8221;.vc_custom_1536959143045{padding-top: 10px !important;padding-right: 20px !important;padding-bottom: 10px !important;padding-left: 20px !important;}&#8221;][vc_column_text css=&#8221;.vc_custom_1536954670695{padding-bottom: 20px !important;}&#8221;]\n<div class=\"office merll\"><strong>MERLL<\/strong><br \/>\n<em>WEB HOSTING<\/em><br \/>\n<a href=\"https:\/\/merll.triceps.com.tr\/\" target=\"_blank\" rel=\"noopener noreferrer\">https:\/\/MERLL.TRICEPS.COM.TR<\/a><\/div>\n[\/vc_column_text][\/vc_column][vc_column width=&#8221;1\/2&#8243;][vc_column_text el_class=&#8221;bottom-h5&#8243;]\n<h5>S\u0131k\u0131 performans veya uyumluluk bir gereklilik midir? \u0130\u015fletmenizin ihtiya\u00e7 duydu\u011fu h\u0131zl\u0131 performans\u0131 ve \u00e7al\u0131\u015fma s\u00fcresini sa\u011flayan bir bar\u0131nd\u0131rma mimarisini \u00f6zelle\u015ftirmek i\u00e7in gelin birlikte \u00e7al\u0131\u015fal\u0131m. Bir Merll Hosting m\u00fc\u015fterisi olarak, her t\u00fcrl\u00fc konfig\u00fcrasyonu planlama, uygulama ve y\u00f6netme konusundaki tecr\u00fcbelerimizden yararlanabilirsiniz. Ayr\u0131ca, soru &amp; cevaplar veya rehberlik i\u00e7in her zaman bizimle ileti\u015fime ge\u00e7ebilirsiniz.<\/h5>\n[\/vc_column_text][\/vc_column][\/vc_row][vc_row css=&#8221;.vc_custom_1642716647697{padding-top: 60px !important;padding-right: 30px !important;padding-bottom: 60px !important;padding-left: 30px !important;background-color: #f4f4f4 !important;}&#8221;][vc_column width=&#8221;1\/2&#8243; css=&#8221;.vc_custom_1536959158642{padding-top: 10px !important;padding-right: 20px !important;padding-bottom: 10px !important;padding-left: 20px !important;}&#8221;][vc_column_text css=&#8221;.vc_custom_1536954655453{padding-bottom: 20px !important;}&#8221;]\n<div class=\"office\"><strong>El \u0130\u015f\u00e7ili\u011fi HOSTING<\/strong><br \/>\n<em>Sayfan\u0131z\u0131 hemen bug\u00fcn yay\u0131nlay\u0131n!<\/em><\/div>\n[\/vc_column_text][\/vc_column][vc_column width=&#8221;1\/2&#8243;][vc_column_text]3.4GHz Hexa-Core E-2236 Coffee Lake Xeon i\u015flemciler, NVMe disk teknolojisi ve CloudLinux + CageFS mimarisi ile size ayr\u0131lan sunucu kayna\u011f\u0131n\u0131 payla\u015fmadan, izole bir ortamda \u00e7al\u0131\u015fmaya ne dersiniz? Fikirlerinizi, sayfan\u0131z\u0131 veya uygulaman\u0131z\u0131 h\u0131zl\u0131, verimli ve g\u00fcvenli bir \u015fekilde bar\u0131nd\u0131rmak i\u00e7in daha fazla beklemenize gerek yok.<\/p>\n<p>Merll Hosting ile g\u00fcn\u00fcn 24 saati sizin i\u00e7in \u00e7al\u0131\u015fan bir ekibiniz oluyor. Diler ki\u015fisel \u00e7al\u0131\u015fman\u0131z\u0131, dilerseniz i\u015fletmenize ait sayfalar\u0131 veya uygulamalar\u0131 bar\u0131nd\u0131r\u0131n. Merll Hosting ile art\u0131k tek ilgilenmeniz gereken yaz\u0131lar\u0131n\u0131z, i\u015fletmeniz veya \u00fcr\u00fcn &amp; hizmetleriniz olacak.<\/p>\n<p>2007 y\u0131l\u0131ndan bug\u00fcne g\u00fcvenle ve birlikte in\u015fa etti\u011fimiz Merll Hosting bir Triceps, The Web Tailor markas\u0131d\u0131r.[\/vc_column_text][\/vc_column][\/vc_row][vc_row css=&#8221;.vc_custom_1611868537736{padding-top: 30px !important;padding-right: 30px !important;padding-bottom: 30px !important;padding-left: 30px !important;}&#8221;][vc_column width=&#8221;1\/2&#8243; css=&#8221;.vc_custom_1536959173461{padding-top: 10px !important;padding-right: 20px !important;padding-bottom: 10px !important;padding-left: 20px !important;}&#8221;][vc_column_text css=&#8221;.vc_custom_1536954647419{padding-bottom: 20px !important;}&#8221;]\n<div class=\"office\"><strong>Merll M\u00fc\u015fteri Portal\u0131<\/strong><br \/>\n<em>Kendi hesab\u0131n\u0131z\u0131 kendiniz y\u00f6netin!<\/em><\/div>\n[\/vc_column_text][\/vc_column][vc_column width=&#8221;1\/2&#8243;][vc_column_text]Merll Hosting M\u00fc\u015fteri Portal\u0131 ile hosting hizmetlerinizi, faturalar\u0131n\u0131z\u0131, \u00f6demelerinizi vb. bir \u00e7ok detay\u0131 kendiniz y\u00f6netebilirsiniz.<\/p>\n<p>Merll Hosting Planlar\u0131ndan herhangi birini sat\u0131n ald\u0131ktan sonra, hesab\u0131n\u0131z otomatik olarak olu\u015fturulur. Cpanel Hesap Bilgileri, Fatura Beyanlar\u0131, Alan ad\u0131 y\u00f6netimi ve 7\/24 Destek bildirimleri ve di\u011fer Destek Hizmetleri gibi bir\u00e7ok \u00f6zellik Merll Hosting M\u00fc\u015fteri Portal\u0131 ile sizi bekliyor. \u015eimdi hemen \u00fccretsiz olarak kay\u0131t olun.<\/p>\n<p><a class=\"btn regular small merll\" href=\"http:\/\/merll.triceps.com.tr\/index.php\" target=\"_blank\" rel=\"noopener noreferrer\">Merll Hosting M\u00fc\u015fteri Portal\u0131<\/a>[\/vc_column_text][\/vc_column][\/vc_row][vc_row thb_full_width=&#8221;true&#8221; full_width=&#8221;stretch_row&#8221; css=&#8221;.vc_custom_1471972078170{padding-top: 40px !important;padding-bottom: 40px !important;background-color: #c7b5e5 !important;}&#8221; type=&#8221;full_width_background&#8221; parallax_speed=&#8221;1&#8243; parallax_direction=&#8221;up&#8221;][vc_column][vc_raw_html]JTNDaDIlMjBjbGFzcyUzRCUyMnBhZ2VzLWgyJTIyJTNFJUM0JUIwaHRpeWElQzMlQTdsYXIlQzQlQjFuJUM0JUIxemElMjAlM0NzdHJvbmclM0UlQzMlQjZ6ZWwlM0MlMkZzdHJvbmclM0UlMjBrZXNpbSUyMHdlYiUyMGhvc3RpbmclMjBwbGFubGFyJUM0JUIxbmElMjBoYXolQzQlQjFyJTIwb2x1biUyMSUzQyUyRmgyJTNFJTBBJTNDZGl2JTNFJTNDYSUyMGNsYXNzJTNEJTIyYnRuJTIwcmVndWxhciUyMHNtYWxsJTIwbWVldDUlMjIlMjBocmVmJTNEJTIyJTJGdHIlMkZoYWtraW1pemRhJTJGJTIyJTIwcm9sZSUzRCUyMmJ1dHRvbiUyMiUzRUhha2slQzQlQjFtJUM0JUIxemRhJTNDJTJGYSUzRSUzQ2ElMjBjbGFzcyUzRCUyMmJ0biUyMHJlZ3VsYXIlMjBzbWFsbCUyMG1lZXQ1JTIyJTIwaHJlZiUzRCUyMiUyRnRyJTJGaWxldGlzaW0lMkYlMjIlMjByb2xlJTNEJTIyYnV0dG9uJTIyJTNFQml6ZSUyMFVsYSVDNSU5RiVDNCVCMW4lM0MlMkZhJTNFJTNDJTJGZGl2JTNF[\/vc_raw_html][\/vc_column][\/vc_row]\n<\/div>","protected":false},"excerpt":{"rendered":"<p>[vc_row type=&#8221;in_container&#8221; parallax_speed=&#8221;1&#8243; parallax_direction=&#8221;up&#8221; el_class=&#8221;head-spaces&#8221;][vc_column][vc_column_text] El \u0130\u015f\u00e7ili\u011fi WebHOSTING [\/vc_column_text][\/vc_column][\/vc_row][vc_row disable_element=&#8221;yes&#8221; css=&#8221;.vc_custom_1692021451136{padding-top: 60px !important;padding-right: 30px !important;padding-bottom: 60px !important;padding-left: 30px !important;background-color: #e2eeff !important;}&#8221;][vc_column width=&#8221;1\/4&#8243; css=&#8221;.vc_custom_1536959071974{padding-top: 10px !important;padding-right:&hellip;<\/p>\n","protected":false},"author":1,"featured_media":0,"parent":0,"menu_order":0,"comment_status":"closed","ping_status":"closed","template":"","meta":{"footnotes":""},"class_list":["post-4365","page","type-page","status-publish","hentry"],"yoast_head":"<!-- This site is optimized with the Yoast SEO plugin v27.4 - https:\/\/yoast.com\/product\/yoast-seo-wordpress\/ -->\n<title>Merll Hosting &#8212; Triceps - the web tailor<\/title>\n<meta name=\"description\" content=\"Merll Hosting bir Triceps markas\u0131d\u0131r. Merll Hosting terzi tipi web hosting hizmetleri vermek i\u00e7in hizmetinizdedir.\" \/>\n<meta name=\"robots\" content=\"index, follow, max-snippet:-1, max-image-preview:large, max-video-preview:-1\" \/>\n<link rel=\"canonical\" href=\"https:\/\/triceps.com.tr\/tr\/merll-hosting\/\" \/>\n<meta property=\"og:locale\" content=\"tr_TR\" \/>\n<meta property=\"og:type\" content=\"article\" \/>\n<meta property=\"og:title\" content=\"Merll Hosting &#8212; Triceps - the web tailor\" \/>\n<meta property=\"og:description\" content=\"Merll Hosting bir Triceps markas\u0131d\u0131r. Merll Hosting terzi tipi web hosting hizmetleri vermek i\u00e7in hizmetinizdedir.\" \/>\n<meta property=\"og:url\" content=\"https:\/\/triceps.com.tr\/tr\/merll-hosting\/\" \/>\n<meta property=\"og:site_name\" content=\"Triceps - the web tailor\" \/>\n<meta property=\"article:publisher\" content=\"https:\/\/www.facebook.com\/thewebtailor\" \/>\n<meta property=\"article:modified_time\" content=\"2024-12-30T12:37:22+00:00\" \/>\n<meta name=\"twitter:card\" content=\"summary_large_image\" \/>\n<meta name=\"twitter:site\" content=\"@thewebtailor\" \/>\n<meta name=\"twitter:label1\" content=\"Tahmini okuma s\u00fcresi\" \/>\n\t<meta name=\"twitter:data1\" content=\"3 dakika\" \/>\n<script type=\"application\/ld+json\" class=\"yoast-schema-graph\">{\"@context\":\"https:\\\/\\\/schema.org\",\"@graph\":[{\"@type\":\"WebPage\",\"@id\":\"https:\\\/\\\/triceps.com.tr\\\/tr\\\/merll-hosting\\\/\",\"url\":\"https:\\\/\\\/triceps.com.tr\\\/tr\\\/merll-hosting\\\/\",\"name\":\"Merll Hosting &#8212; Triceps - the web tailor\",\"isPartOf\":{\"@id\":\"https:\\\/\\\/triceps.com.tr\\\/tr\\\/#website\"},\"datePublished\":\"2018-09-14T19:38:12+00:00\",\"dateModified\":\"2024-12-30T12:37:22+00:00\",\"description\":\"Merll Hosting bir Triceps markas\u0131d\u0131r. Merll Hosting terzi tipi web hosting hizmetleri vermek i\u00e7in hizmetinizdedir.\",\"breadcrumb\":{\"@id\":\"https:\\\/\\\/triceps.com.tr\\\/tr\\\/merll-hosting\\\/#breadcrumb\"},\"inLanguage\":\"tr\",\"potentialAction\":[{\"@type\":\"ReadAction\",\"target\":[\"https:\\\/\\\/triceps.com.tr\\\/tr\\\/merll-hosting\\\/\"]}]},{\"@type\":\"BreadcrumbList\",\"@id\":\"https:\\\/\\\/triceps.com.tr\\\/tr\\\/merll-hosting\\\/#breadcrumb\",\"itemListElement\":[{\"@type\":\"ListItem\",\"position\":1,\"name\":\"Home\",\"item\":\"https:\\\/\\\/triceps.com.tr\\\/tr\\\/\"},{\"@type\":\"ListItem\",\"position\":2,\"name\":\"Merll Hosting\"}]},{\"@type\":\"WebSite\",\"@id\":\"https:\\\/\\\/triceps.com.tr\\\/tr\\\/#website\",\"url\":\"https:\\\/\\\/triceps.com.tr\\\/tr\\\/\",\"name\":\"Triceps - the web tailor\",\"description\":\"Haute Couture Web Design\",\"publisher\":{\"@id\":\"https:\\\/\\\/triceps.com.tr\\\/tr\\\/#organization\"},\"potentialAction\":[{\"@type\":\"SearchAction\",\"target\":{\"@type\":\"EntryPoint\",\"urlTemplate\":\"https:\\\/\\\/triceps.com.tr\\\/tr\\\/?s={search_term_string}\"},\"query-input\":{\"@type\":\"PropertyValueSpecification\",\"valueRequired\":true,\"valueName\":\"search_term_string\"}}],\"inLanguage\":\"tr\"},{\"@type\":\"Organization\",\"@id\":\"https:\\\/\\\/triceps.com.tr\\\/tr\\\/#organization\",\"name\":\"Triceps - The Web Tailor\",\"url\":\"https:\\\/\\\/triceps.com.tr\\\/tr\\\/\",\"logo\":{\"@type\":\"ImageObject\",\"inLanguage\":\"tr\",\"@id\":\"https:\\\/\\\/triceps.com.tr\\\/tr\\\/#\\\/schema\\\/logo\\\/image\\\/\",\"url\":\"https:\\\/\\\/triceps.com.tr\\\/wp-content\\\/uploads\\\/2014\\\/11\\\/favicon-1.png\",\"contentUrl\":\"https:\\\/\\\/triceps.com.tr\\\/wp-content\\\/uploads\\\/2014\\\/11\\\/favicon-1.png\",\"width\":1024,\"height\":1024,\"caption\":\"Triceps - The Web Tailor\"},\"image\":{\"@id\":\"https:\\\/\\\/triceps.com.tr\\\/tr\\\/#\\\/schema\\\/logo\\\/image\\\/\"},\"sameAs\":[\"https:\\\/\\\/www.facebook.com\\\/thewebtailor\",\"https:\\\/\\\/x.com\\\/thewebtailor\",\"https:\\\/\\\/www.linkedin.com\\\/company\\\/triceps-the-web-tailor\"]}]}<\/script>\n<!-- \/ Yoast SEO plugin. -->","yoast_head_json":{"title":"Merll Hosting &#8212; Triceps - the web tailor","description":"Merll Hosting bir Triceps markas\u0131d\u0131r. Merll Hosting terzi tipi web hosting hizmetleri vermek i\u00e7in hizmetinizdedir.","robots":{"index":"index","follow":"follow","max-snippet":"max-snippet:-1","max-image-preview":"max-image-preview:large","max-video-preview":"max-video-preview:-1"},"canonical":"https:\/\/triceps.com.tr\/tr\/merll-hosting\/","og_locale":"tr_TR","og_type":"article","og_title":"Merll Hosting &#8212; Triceps - the web tailor","og_description":"Merll Hosting bir Triceps markas\u0131d\u0131r. Merll Hosting terzi tipi web hosting hizmetleri vermek i\u00e7in hizmetinizdedir.","og_url":"https:\/\/triceps.com.tr\/tr\/merll-hosting\/","og_site_name":"Triceps - the web tailor","article_publisher":"https:\/\/www.facebook.com\/thewebtailor","article_modified_time":"2024-12-30T12:37:22+00:00","twitter_card":"summary_large_image","twitter_site":"@thewebtailor","twitter_misc":{"Tahmini okuma s\u00fcresi":"3 dakika"},"schema":{"@context":"https:\/\/schema.org","@graph":[{"@type":"WebPage","@id":"https:\/\/triceps.com.tr\/tr\/merll-hosting\/","url":"https:\/\/triceps.com.tr\/tr\/merll-hosting\/","name":"Merll Hosting &#8212; Triceps - the web tailor","isPartOf":{"@id":"https:\/\/triceps.com.tr\/tr\/#website"},"datePublished":"2018-09-14T19:38:12+00:00","dateModified":"2024-12-30T12:37:22+00:00","description":"Merll Hosting bir Triceps markas\u0131d\u0131r. Merll Hosting terzi tipi web hosting hizmetleri vermek i\u00e7in hizmetinizdedir.","breadcrumb":{"@id":"https:\/\/triceps.com.tr\/tr\/merll-hosting\/#breadcrumb"},"inLanguage":"tr","potentialAction":[{"@type":"ReadAction","target":["https:\/\/triceps.com.tr\/tr\/merll-hosting\/"]}]},{"@type":"BreadcrumbList","@id":"https:\/\/triceps.com.tr\/tr\/merll-hosting\/#breadcrumb","itemListElement":[{"@type":"ListItem","position":1,"name":"Home","item":"https:\/\/triceps.com.tr\/tr\/"},{"@type":"ListItem","position":2,"name":"Merll Hosting"}]},{"@type":"WebSite","@id":"https:\/\/triceps.com.tr\/tr\/#website","url":"https:\/\/triceps.com.tr\/tr\/","name":"Triceps - the web tailor","description":"Haute Couture Web Design","publisher":{"@id":"https:\/\/triceps.com.tr\/tr\/#organization"},"potentialAction":[{"@type":"SearchAction","target":{"@type":"EntryPoint","urlTemplate":"https:\/\/triceps.com.tr\/tr\/?s={search_term_string}"},"query-input":{"@type":"PropertyValueSpecification","valueRequired":true,"valueName":"search_term_string"}}],"inLanguage":"tr"},{"@type":"Organization","@id":"https:\/\/triceps.com.tr\/tr\/#organization","name":"Triceps - The Web Tailor","url":"https:\/\/triceps.com.tr\/tr\/","logo":{"@type":"ImageObject","inLanguage":"tr","@id":"https:\/\/triceps.com.tr\/tr\/#\/schema\/logo\/image\/","url":"https:\/\/triceps.com.tr\/wp-content\/uploads\/2014\/11\/favicon-1.png","contentUrl":"https:\/\/triceps.com.tr\/wp-content\/uploads\/2014\/11\/favicon-1.png","width":1024,"height":1024,"caption":"Triceps - The Web Tailor"},"image":{"@id":"https:\/\/triceps.com.tr\/tr\/#\/schema\/logo\/image\/"},"sameAs":["https:\/\/www.facebook.com\/thewebtailor","https:\/\/x.com\/thewebtailor","https:\/\/www.linkedin.com\/company\/triceps-the-web-tailor"]}]}},"_links":{"self":[{"href":"https:\/\/triceps.com.tr\/tr\/wp-json\/wp\/v2\/pages\/4365","targetHints":{"allow":["GET"]}}],"collection":[{"href":"https:\/\/triceps.com.tr\/tr\/wp-json\/wp\/v2\/pages"}],"about":[{"href":"https:\/\/triceps.com.tr\/tr\/wp-json\/wp\/v2\/types\/page"}],"author":[{"embeddable":true,"href":"https:\/\/triceps.com.tr\/tr\/wp-json\/wp\/v2\/users\/1"}],"replies":[{"embeddable":true,"href":"https:\/\/triceps.com.tr\/tr\/wp-json\/wp\/v2\/comments?post=4365"}],"version-history":[{"count":0,"href":"https:\/\/triceps.com.tr\/tr\/wp-json\/wp\/v2\/pages\/4365\/revisions"}],"wp:attachment":[{"href":"https:\/\/triceps.com.tr\/tr\/wp-json\/wp\/v2\/media?parent=4365"}],"curies":[{"name":"wp","href":"https:\/\/api.w.org\/{rel}","templated":true}]}}