{"id":4212,"date":"2018-05-23T18:01:13","date_gmt":"2018-05-23T18:01:13","guid":{"rendered":"https:\/\/triceps.com.tr\/?page_id=4212"},"modified":"2018-10-03T18:55:37","modified_gmt":"2018-10-03T18:55:37","slug":"guvenlik-onlemleri","status":"publish","type":"page","link":"https:\/\/triceps.com.tr\/tr\/guvenlik-onlemleri\/","title":{"rendered":"G\u00fcvenlik \u00d6nlemleri"},"content":{"rendered":"<div class=\"wpb-content-wrapper\">[vc_row row_id=&#8221;about-us&#8221; css=&#8221;.vc_custom_1538424468710{padding-top: 110px !important;padding-bottom: 40px !important;}&#8221; parallax_direction=&#8221;up&#8221;][vc_column][vc_column_text animation=&#8221;animation bottom-to-top&#8221;]\n<div class=\"title-ctr\">Yasal Y\u00fck\u00fcml\u00fcl\u00fckler<\/div>\n[\/vc_column_text][vc_column_text animation=&#8221;animation bottom-to-top&#8221;]\n<h1 class=\"pages-h1\"><strong>S\u00f6zle\u015fmeler<\/strong><\/h1>\n[\/vc_column_text][\/vc_column][\/vc_row][vc_row css=&#8221;.vc_custom_1538513864784{padding-top: 30px !important;padding-bottom: 30px !important;background-color: #e6e9ee !important;}&#8221; el_class=&#8221;care-first&#8221;][vc_column width=&#8221;1\/3&#8243; el_class=&#8221;kariyer&#8221;][vc_column_text animation=&#8221;animation bottom-to-top&#8221; css=&#8221;.vc_custom_1538592715287{padding-bottom: 30px !important;}&#8221;]\n<h2><strong>G\u00fcvenlik<\/strong> \u00d6nlemleri<\/h2>\n[\/vc_column_text][vc_column_text animation=&#8221;animation bottom-to-top&#8221; css_animation=&#8221;bottom-to-top&#8221; css=&#8221;.vc_custom_1538534397991{padding-top: 10px !important;}&#8221;]<a href=\"http:\/\/triceps.com.tr\/tr\/kullanim-kosullari\/\"><strong>Kullan\u0131m Ko\u015fullar\u0131\u00a0\u2192<\/strong><\/a>[\/vc_column_text][vc_column_text animation=&#8221;animation bottom-to-top&#8221; css_animation=&#8221;bottom-to-top&#8221; css=&#8221;.vc_custom_1538591379137{padding-top: 10px !important;}&#8221;]<a href=\"http:\/\/triceps.com.tr\/tr\/gizlilik-politikasi\/\"><strong>Gizlilik Politikas\u0131\u00a0\u2192<\/strong><\/a>[\/vc_column_text][vc_column_text animation=&#8221;animation bottom-to-top&#8221; css_animation=&#8221;bottom-to-top&#8221; css=&#8221;.vc_custom_1538591368449{padding-top: 10px !important;}&#8221;]<a href=\"http:\/\/triceps.com.tr\/tr\/cerez-politikasi\/\"><strong>\u00c7erez Politikas\u0131\u00a0\u2192<\/strong><\/a>[\/vc_column_text][vc_column_text animation=&#8221;animation bottom-to-top&#8221; css_animation=&#8221;bottom-to-top&#8221; css=&#8221;.vc_custom_1538423757531{padding-top: 10px !important;}&#8221;]<a href=\"http:\/\/triceps.com.tr\/tr\/mesafeli-satis-sozlesmesi\/\"><strong>Mesafeli Sat\u0131\u015f S\u00f6zle\u015fmesi\u00a0\u2192<\/strong><\/a>[\/vc_column_text][vc_column_text animation=&#8221;animation bottom-to-top&#8221; css_animation=&#8221;bottom-to-top&#8221; css=&#8221;.vc_custom_1538591388302{padding-top: 10px !important;}&#8221;]<a href=\"http:\/\/triceps.com.tr\/tr\/kullanim-politikasi\/\"><strong>Kullan\u0131m Politikas\u0131\u00a0\u2192<\/strong><\/a>[\/vc_column_text][vc_column_text animation=&#8221;animation bottom-to-top&#8221; css_animation=&#8221;bottom-to-top&#8221; css=&#8221;.vc_custom_1538423781651{padding-top: 10px !important;}&#8221;]<a href=\"http:\/\/triceps.com.tr\/tr\/telif-hakki-politikasi\/\"><strong>Telif Hakk\u0131 Politikas\u0131\u00a0\u2192<\/strong><\/a>[\/vc_column_text][vc_column_text animation=&#8221;animation bottom-to-top&#8221; css_animation=&#8221;bottom-to-top&#8221; css=&#8221;.vc_custom_1538592752922{padding-top: 10px !important;}&#8221;]<a href=\"http:\/\/triceps.com.tr\/tr\/veri-isleme-ek-bilgilendirme\/\"><strong>Veri \u0130\u015fleme Ek Bilgilendirme\u00a0\u2192<\/strong><\/a>[\/vc_column_text][vc_column_text animation=&#8221;animation bottom-to-top&#8221; css_animation=&#8221;bottom-to-top&#8221; css=&#8221;.vc_custom_1538592736031{padding-top: 10px !important;}&#8221; el_class=&#8221;current&#8221;]<a href=\"http:\/\/triceps.com.tr\/tr\/guvenlik-onlemleri\/\"><strong>G\u00fcvenlik \u00d6nlemleri<\/strong><\/a>[\/vc_column_text][\/vc_column][vc_column width=&#8221;2\/3&#8243;][vc_row_inner css=&#8221;.vc_custom_1538513097331{padding-top: 30px !important;padding-right: 30px !important;padding-bottom: 30px !important;padding-left: 30px !important;}&#8221;][vc_column_inner][vc_column_text]<em>G\u00fcncelleme: 02 Kas\u0131m, 2018.<\/em><br \/>\n<strong>Bilgi:<\/strong> Bu G\u00fcvenlik \u00d6nlemleri, Kullan\u0131m Ko\u015fullar\u0131 ve \u015eartlar\u0131\u2019n\u0131n (T\u00fcrk\u00e7e) bir ek d\u00f6k\u00fcman\u0131d\u0131r ve uluslararas\u0131na a\u00e7\u0131k hizmet ve \u00fcr\u00fcnlerimize y\u00f6nelik haz\u0131rland\u0131\u011f\u0131 i\u00e7in \u0130ngilizce (A.B.D. Merkezli firmam\u0131z The Web Tailor, Inc. taraf\u0131ndan) olarak haz\u0131rlanm\u0131\u015ft\u0131r. T\u00fcrkiye\u2019deki m\u00fc\u015fterilerimizin uymakla y\u00fck\u00fcml\u00fc oldu\u011fu ve hizmetlerimizi kullan\u0131\u011f\u0131nda kabul etmi\u015f say\u0131ld\u0131klar\u0131 s\u00f6zle\u015fmeler ve kurallar Kullan\u0131m Ko\u015fullar\u0131 ve \u015eartlar, Gizlilik Politikas\u0131, \u00c7erez Politikas\u0131, Mesafeli Sat\u0131\u015f S\u00f6zle\u015fmesi ile belirtilmi\u015ftir.<\/p>\n<p>Capitalized terms that are not defined in these Security Measures have the meanings set forth in the Terms of Service or the Data Processing Addendum.[\/vc_column_text][\/vc_column_inner][\/vc_row_inner][\/vc_column][\/vc_row][vc_row css=&#8221;.vc_custom_1538514120501{padding-top: 60px !important;padding-right: 30px !important;padding-bottom: 60px !important;padding-left: 30px !important;}&#8221;][vc_column][vc_column_text]<strong>Security Overview<\/strong><br \/>\nTriceps, The Web Tailor has a dedicated security team that guides the implementation of controls, processes, and procedures governing the security of Triceps, The Web Tailor, and its customers. The Triceps, The Web Tailor security team is responsible for developing, implementing and maintaining an information security program that reflects the following principles:<\/p>\n<p>&#8211; Align security activities with The Web Tailor, Inc.&#8217;s strategies and support The Web Tailor, Inc.&#8217;s objectives.<br \/>\n&#8211; Leverage security to facilitate confidentiality, integrity, and availability of data and assets.<br \/>\n&#8211; Utilize The Web Tailor, Inc.&#8217;s security resources efficiently and effectively.<br \/>\n&#8211; Utilize monitoring and metrics to facilitate adequate performance of security-related activities.<br \/>\n&#8211; Manage security utilizing a risk-based approach.<br \/>\n&#8211; Implement measures designed to manage risks and potential impacts to an acceptable level.<br \/>\n&#8211; Leverage industry security frameworks where relevant and applicable.<br \/>\n&#8211; Leverage compliance\/assurance processes as necessary.<br \/>\n&#8211; Analyze identified or potential threats to Triceps, The Web Tailor, and its customers, provide reasonable remediation recommendations and communicate results as appropriate.<\/p>\n<p><strong>Data Center Security, Availability, and Disaster Recovery<\/strong><\/p>\n<p>&#8211; Triceps, The Web Tailor leverages leading data center providers to house our physical infrastructure.<br \/>\n&#8211; Our data center providers utilize an array of security equipment, techniques, and procedures designed to control monitor and record access to the facilities.<br \/>\n&#8211; We have implemented solutions designed to protect against and mitigate the effects of DDoS attacks.<br \/>\n&#8211; We have dedicated teams located in multiple geographies to support our platform and supporting infrastructure.<br \/>\n&#8211; Triceps, The Web Tailor maintains geographically separate data centers to facilitate infrastructure and service availability and continuity.<br \/>\n&#8211; Triceps, The Web Tailor has a formally documented disaster recovery (failover) plan which is tested at least annually. Results of testing are documented and maintained.<\/p>\n<p><strong>Application Level Security<\/strong><\/p>\n<p>&#8211; Triceps, The Web Tailor hashes passwords for user accounts and provides SSL for customers.<br \/>\n&#8211; Triceps, The Web Tailor utilizes a Web Application Firewall (WAF) technology.<br \/>\n&#8211; Regular pen testing is performed on the Triceps, The Web Tailor platform, the results of which are analyzed and remediated (as appropriate) by our engineering and security teams.<br \/>\n&#8211; Customers are provided with the ability to customize website permissions.<\/p>\n<p><strong>Incident Response<\/strong><\/p>\n<p>&#8211; In the event of an issue related to the security of the Triceps, The Web Tailor platform, the Triceps, The Web Tailor security team follows a formal incident response process.<br \/>\n&#8211; We analyze identified or potential threats to Triceps, The Web Tailor and its customers, provide reasonable remediation recommendations and communicate results as appropriate.<\/p>\n<p><strong>Triceps, The Web Tailor Building, and Network Access<\/strong><\/p>\n<p>&#8211; Physical access to Triceps, The Web Tailor offices and access to the Triceps, The Web Tailor internal network is restricted and monitored.<\/p>\n<p><strong>Systems Access Control<\/strong><\/p>\n<p>&#8211; Access to Triceps, The Web Tailor systems is limited to appropriate personnel.<br \/>\n&#8211; Triceps, The Web Tailor subscribes to the principle of least privilege (e.g., employees, system accounts, vendors, etc. are provided with the least amount of access to their job function).<br \/>\n&#8211; Triceps, The Web Tailor leverages multifactor authentication.<\/p>\n<p><strong>Security Risk Management<\/strong><\/p>\n<p>Threat intelligence and risk assessment are key components of The Web Tailor, Inc.&#8217;s information security program. Awareness and understanding of potential (and actual) threats guide the selection and implementation of appropriate security controls to mitigate risk. Potential security threats are identified and assessed for severity and exploitability prior to being classified as risks. If risk mitigation is required, the security team works with relevant stakeholders and system owners to remediate. The remediation efforts are tested to confirm the new measures\/controls have achieved their intended purpose.<\/p>\n<p>G\u00fcvenlik \u00d6nlemleri h\u00fck\u00fcmleri de\u011fi\u015fti\u011fi takdirde, yay\u0131nland\u0131\u011f\u0131 tarihte y\u00fcr\u00fcrl\u00fck kazan\u0131r.<\/p>\n<p>G\u00fcvenlik \u00d6nlemleri ile ilgili her t\u00fcrl\u00fc soru ve \u00f6nerileriniz i\u00e7in info@triceps.com.tr e-posta adresine email g\u00f6nderebilirsiniz. TRICEPS\u2019a ait a\u015fa\u011f\u0131daki ileti\u015fim bilgilerinden ula\u015fabilirsiniz.<\/p>\n<p><strong>Firma \u00dcnvan\u0131:<\/strong> Triceps Bilgi Teknolojileri \u2013 U\u011fur Terzi (A.B.D.\u2019deki resmi \u00fcnvan\u0131: The Web Tailor, Inc.)<br \/>\nAdres: Ba\u011fl\u0131ca Mahallesi G\u00f6k\u00e7e Kent Sitesi 1272. Sokak No. 5-14 PK.06790 Etimesgut, Ankara TURK\u0130YE<br \/>\n\u0130leti\u015fim Adresi: Next Level, B#1305 \u00c7ankaya, Ankara, PK06520 T\u00dcRK\u0130YE<br \/>\nABD Adresi: Amerika Birle\u015fik Devletleri \u0130leti\u015fim Ofisi: 1647 Highlandon Ct. State College, PA, ABD<br \/>\nE-posta: info@triceps.com.tr<br \/>\nTel 1: +90 (312) 230 21 51<br \/>\nTel 2: +90 (312) 230 51 00<br \/>\nTel ABD: +1 207 219-9008[\/vc_column_text][\/vc_column][\/vc_row]\n<\/div>","protected":false},"excerpt":{"rendered":"<p>[vc_row row_id=&#8221;about-us&#8221; css=&#8221;.vc_custom_1538424468710{padding-top: 110px !important;padding-bottom: 40px !important;}&#8221; parallax_direction=&#8221;up&#8221;][vc_column][vc_column_text animation=&#8221;animation bottom-to-top&#8221;] Yasal Y\u00fck\u00fcml\u00fcl\u00fckler [\/vc_column_text][vc_column_text animation=&#8221;animation bottom-to-top&#8221;] S\u00f6zle\u015fmeler [\/vc_column_text][\/vc_column][\/vc_row][vc_row css=&#8221;.vc_custom_1538513864784{padding-top: 30px !important;padding-bottom: 30px !important;background-color: #e6e9ee !important;}&#8221; el_class=&#8221;care-first&#8221;][vc_column&hellip;<\/p>\n","protected":false},"author":1,"featured_media":0,"parent":0,"menu_order":0,"comment_status":"closed","ping_status":"closed","template":"","meta":{"footnotes":""},"class_list":["post-4212","page","type-page","status-publish","hentry"],"yoast_head":"<!-- This site is optimized with the Yoast SEO plugin v27.4 - https:\/\/yoast.com\/product\/yoast-seo-wordpress\/ -->\n<title>G\u00fcvenlik \u00d6nlemleri &#8212; Triceps - the web tailor<\/title>\n<meta name=\"description\" content=\"This Acceptable Use Policy outlines examples of prohibited conduct in connection with our Services.\" \/>\n<meta name=\"robots\" content=\"index, follow, max-snippet:-1, max-image-preview:large, max-video-preview:-1\" \/>\n<link rel=\"canonical\" href=\"https:\/\/triceps.com.tr\/tr\/guvenlik-onlemleri\/\" \/>\n<meta property=\"og:locale\" content=\"tr_TR\" \/>\n<meta property=\"og:type\" content=\"article\" \/>\n<meta property=\"og:title\" content=\"G\u00fcvenlik \u00d6nlemleri &#8212; Triceps - the web tailor\" \/>\n<meta property=\"og:description\" content=\"This Acceptable Use Policy outlines examples of prohibited conduct in connection with our Services.\" \/>\n<meta property=\"og:url\" content=\"https:\/\/triceps.com.tr\/tr\/guvenlik-onlemleri\/\" \/>\n<meta property=\"og:site_name\" content=\"Triceps - the web tailor\" \/>\n<meta property=\"article:publisher\" content=\"https:\/\/www.facebook.com\/thewebtailor\" \/>\n<meta property=\"article:modified_time\" content=\"2018-10-03T18:55:37+00:00\" \/>\n<meta name=\"twitter:card\" content=\"summary_large_image\" \/>\n<meta name=\"twitter:site\" content=\"@thewebtailor\" \/>\n<meta name=\"twitter:label1\" content=\"Tahmini okuma s\u00fcresi\" \/>\n\t<meta name=\"twitter:data1\" content=\"6 dakika\" \/>\n<script type=\"application\/ld+json\" class=\"yoast-schema-graph\">{\"@context\":\"https:\\\/\\\/schema.org\",\"@graph\":[{\"@type\":\"WebPage\",\"@id\":\"https:\\\/\\\/triceps.com.tr\\\/tr\\\/guvenlik-onlemleri\\\/\",\"url\":\"https:\\\/\\\/triceps.com.tr\\\/tr\\\/guvenlik-onlemleri\\\/\",\"name\":\"G\u00fcvenlik \u00d6nlemleri &#8212; Triceps - the web tailor\",\"isPartOf\":{\"@id\":\"https:\\\/\\\/triceps.com.tr\\\/tr\\\/#website\"},\"datePublished\":\"2018-05-23T18:01:13+00:00\",\"dateModified\":\"2018-10-03T18:55:37+00:00\",\"description\":\"This Acceptable Use Policy outlines examples of prohibited conduct in connection with our Services.\",\"breadcrumb\":{\"@id\":\"https:\\\/\\\/triceps.com.tr\\\/tr\\\/guvenlik-onlemleri\\\/#breadcrumb\"},\"inLanguage\":\"tr\",\"potentialAction\":[{\"@type\":\"ReadAction\",\"target\":[\"https:\\\/\\\/triceps.com.tr\\\/tr\\\/guvenlik-onlemleri\\\/\"]}]},{\"@type\":\"BreadcrumbList\",\"@id\":\"https:\\\/\\\/triceps.com.tr\\\/tr\\\/guvenlik-onlemleri\\\/#breadcrumb\",\"itemListElement\":[{\"@type\":\"ListItem\",\"position\":1,\"name\":\"Home\",\"item\":\"https:\\\/\\\/triceps.com.tr\\\/tr\\\/\"},{\"@type\":\"ListItem\",\"position\":2,\"name\":\"G\u00fcvenlik \u00d6nlemleri\"}]},{\"@type\":\"WebSite\",\"@id\":\"https:\\\/\\\/triceps.com.tr\\\/tr\\\/#website\",\"url\":\"https:\\\/\\\/triceps.com.tr\\\/tr\\\/\",\"name\":\"Triceps - the web tailor\",\"description\":\"Haute Couture Web Design\",\"publisher\":{\"@id\":\"https:\\\/\\\/triceps.com.tr\\\/tr\\\/#organization\"},\"potentialAction\":[{\"@type\":\"SearchAction\",\"target\":{\"@type\":\"EntryPoint\",\"urlTemplate\":\"https:\\\/\\\/triceps.com.tr\\\/tr\\\/?s={search_term_string}\"},\"query-input\":{\"@type\":\"PropertyValueSpecification\",\"valueRequired\":true,\"valueName\":\"search_term_string\"}}],\"inLanguage\":\"tr\"},{\"@type\":\"Organization\",\"@id\":\"https:\\\/\\\/triceps.com.tr\\\/tr\\\/#organization\",\"name\":\"Triceps - The Web Tailor\",\"url\":\"https:\\\/\\\/triceps.com.tr\\\/tr\\\/\",\"logo\":{\"@type\":\"ImageObject\",\"inLanguage\":\"tr\",\"@id\":\"https:\\\/\\\/triceps.com.tr\\\/tr\\\/#\\\/schema\\\/logo\\\/image\\\/\",\"url\":\"https:\\\/\\\/triceps.com.tr\\\/wp-content\\\/uploads\\\/2014\\\/11\\\/favicon-1.png\",\"contentUrl\":\"https:\\\/\\\/triceps.com.tr\\\/wp-content\\\/uploads\\\/2014\\\/11\\\/favicon-1.png\",\"width\":1024,\"height\":1024,\"caption\":\"Triceps - The Web Tailor\"},\"image\":{\"@id\":\"https:\\\/\\\/triceps.com.tr\\\/tr\\\/#\\\/schema\\\/logo\\\/image\\\/\"},\"sameAs\":[\"https:\\\/\\\/www.facebook.com\\\/thewebtailor\",\"https:\\\/\\\/x.com\\\/thewebtailor\",\"https:\\\/\\\/www.linkedin.com\\\/company\\\/triceps-the-web-tailor\"]}]}<\/script>\n<!-- \/ Yoast SEO plugin. -->","yoast_head_json":{"title":"G\u00fcvenlik \u00d6nlemleri &#8212; Triceps - the web tailor","description":"This Acceptable Use Policy outlines examples of prohibited conduct in connection with our Services.","robots":{"index":"index","follow":"follow","max-snippet":"max-snippet:-1","max-image-preview":"max-image-preview:large","max-video-preview":"max-video-preview:-1"},"canonical":"https:\/\/triceps.com.tr\/tr\/guvenlik-onlemleri\/","og_locale":"tr_TR","og_type":"article","og_title":"G\u00fcvenlik \u00d6nlemleri &#8212; Triceps - the web tailor","og_description":"This Acceptable Use Policy outlines examples of prohibited conduct in connection with our Services.","og_url":"https:\/\/triceps.com.tr\/tr\/guvenlik-onlemleri\/","og_site_name":"Triceps - the web tailor","article_publisher":"https:\/\/www.facebook.com\/thewebtailor","article_modified_time":"2018-10-03T18:55:37+00:00","twitter_card":"summary_large_image","twitter_site":"@thewebtailor","twitter_misc":{"Tahmini okuma s\u00fcresi":"6 dakika"},"schema":{"@context":"https:\/\/schema.org","@graph":[{"@type":"WebPage","@id":"https:\/\/triceps.com.tr\/tr\/guvenlik-onlemleri\/","url":"https:\/\/triceps.com.tr\/tr\/guvenlik-onlemleri\/","name":"G\u00fcvenlik \u00d6nlemleri &#8212; Triceps - the web tailor","isPartOf":{"@id":"https:\/\/triceps.com.tr\/tr\/#website"},"datePublished":"2018-05-23T18:01:13+00:00","dateModified":"2018-10-03T18:55:37+00:00","description":"This Acceptable Use Policy outlines examples of prohibited conduct in connection with our Services.","breadcrumb":{"@id":"https:\/\/triceps.com.tr\/tr\/guvenlik-onlemleri\/#breadcrumb"},"inLanguage":"tr","potentialAction":[{"@type":"ReadAction","target":["https:\/\/triceps.com.tr\/tr\/guvenlik-onlemleri\/"]}]},{"@type":"BreadcrumbList","@id":"https:\/\/triceps.com.tr\/tr\/guvenlik-onlemleri\/#breadcrumb","itemListElement":[{"@type":"ListItem","position":1,"name":"Home","item":"https:\/\/triceps.com.tr\/tr\/"},{"@type":"ListItem","position":2,"name":"G\u00fcvenlik \u00d6nlemleri"}]},{"@type":"WebSite","@id":"https:\/\/triceps.com.tr\/tr\/#website","url":"https:\/\/triceps.com.tr\/tr\/","name":"Triceps - the web tailor","description":"Haute Couture Web Design","publisher":{"@id":"https:\/\/triceps.com.tr\/tr\/#organization"},"potentialAction":[{"@type":"SearchAction","target":{"@type":"EntryPoint","urlTemplate":"https:\/\/triceps.com.tr\/tr\/?s={search_term_string}"},"query-input":{"@type":"PropertyValueSpecification","valueRequired":true,"valueName":"search_term_string"}}],"inLanguage":"tr"},{"@type":"Organization","@id":"https:\/\/triceps.com.tr\/tr\/#organization","name":"Triceps - The Web Tailor","url":"https:\/\/triceps.com.tr\/tr\/","logo":{"@type":"ImageObject","inLanguage":"tr","@id":"https:\/\/triceps.com.tr\/tr\/#\/schema\/logo\/image\/","url":"https:\/\/triceps.com.tr\/wp-content\/uploads\/2014\/11\/favicon-1.png","contentUrl":"https:\/\/triceps.com.tr\/wp-content\/uploads\/2014\/11\/favicon-1.png","width":1024,"height":1024,"caption":"Triceps - The Web Tailor"},"image":{"@id":"https:\/\/triceps.com.tr\/tr\/#\/schema\/logo\/image\/"},"sameAs":["https:\/\/www.facebook.com\/thewebtailor","https:\/\/x.com\/thewebtailor","https:\/\/www.linkedin.com\/company\/triceps-the-web-tailor"]}]}},"_links":{"self":[{"href":"https:\/\/triceps.com.tr\/tr\/wp-json\/wp\/v2\/pages\/4212","targetHints":{"allow":["GET"]}}],"collection":[{"href":"https:\/\/triceps.com.tr\/tr\/wp-json\/wp\/v2\/pages"}],"about":[{"href":"https:\/\/triceps.com.tr\/tr\/wp-json\/wp\/v2\/types\/page"}],"author":[{"embeddable":true,"href":"https:\/\/triceps.com.tr\/tr\/wp-json\/wp\/v2\/users\/1"}],"replies":[{"embeddable":true,"href":"https:\/\/triceps.com.tr\/tr\/wp-json\/wp\/v2\/comments?post=4212"}],"version-history":[{"count":0,"href":"https:\/\/triceps.com.tr\/tr\/wp-json\/wp\/v2\/pages\/4212\/revisions"}],"wp:attachment":[{"href":"https:\/\/triceps.com.tr\/tr\/wp-json\/wp\/v2\/media?parent=4212"}],"curies":[{"name":"wp","href":"https:\/\/api.w.org\/{rel}","templated":true}]}}