{"id":4210,"date":"2018-05-23T18:00:21","date_gmt":"2018-05-23T18:00:21","guid":{"rendered":"https:\/\/triceps.com.tr\/?page_id=4210"},"modified":"2018-10-03T18:21:12","modified_gmt":"2018-10-03T18:21:12","slug":"telif-hakki-politikasi","status":"publish","type":"page","link":"https:\/\/triceps.com.tr\/tr\/telif-hakki-politikasi\/","title":{"rendered":"Telif Hakk\u0131 Politikas\u0131"},"content":{"rendered":"<div class=\"wpb-content-wrapper\">[vc_row row_id=&#8221;about-us&#8221; css=&#8221;.vc_custom_1538424468710{padding-top: 110px !important;padding-bottom: 40px !important;}&#8221; parallax_direction=&#8221;up&#8221;][vc_column][vc_column_text animation=&#8221;animation bottom-to-top&#8221;]\n<div class=\"title-ctr\">Yasal Y\u00fck\u00fcml\u00fcl\u00fckler<\/div>\n[\/vc_column_text][vc_column_text animation=&#8221;animation bottom-to-top&#8221;]\n<h1 class=\"pages-h1\"><strong>S\u00f6zle\u015fmeler<\/strong><\/h1>\n[\/vc_column_text][\/vc_column][\/vc_row][vc_row css=&#8221;.vc_custom_1538513864784{padding-top: 30px !important;padding-bottom: 30px !important;background-color: #e6e9ee !important;}&#8221; el_class=&#8221;care-first&#8221;][vc_column width=&#8221;1\/3&#8243; el_class=&#8221;kariyer&#8221;][vc_column_text animation=&#8221;animation bottom-to-top&#8221; css=&#8221;.vc_custom_1538590870446{padding-bottom: 30px !important;}&#8221;]\n<h2><strong>Telif<\/strong> Hakk\u0131 Politikas\u0131<\/h2>\n[\/vc_column_text][vc_column_text animation=&#8221;animation bottom-to-top&#8221; css_animation=&#8221;bottom-to-top&#8221; css=&#8221;.vc_custom_1538534397991{padding-top: 10px !important;}&#8221;]<a href=\"http:\/\/triceps.com.tr\/tr\/kullanim-kosullari\/\"><strong>Kullan\u0131m Ko\u015fullar\u0131\u00a0\u2192<\/strong><\/a>[\/vc_column_text][vc_column_text animation=&#8221;animation bottom-to-top&#8221; css_animation=&#8221;bottom-to-top&#8221; css=&#8221;.vc_custom_1538590555672{padding-top: 10px !important;}&#8221;]<a href=\"http:\/\/triceps.com.tr\/tr\/gizlilik-politikasi\/\"><strong>Gizlilik Politikas\u0131 \u00a0\u2192<\/strong><\/a>[\/vc_column_text][vc_column_text animation=&#8221;animation bottom-to-top&#8221; css_animation=&#8221;bottom-to-top&#8221; css=&#8221;.vc_custom_1538590592458{padding-top: 10px !important;}&#8221;]<a href=\"http:\/\/triceps.com.tr\/tr\/cerez-politikasi\/\"><strong>\u00c7erez Politikas\u0131\u00a0\u2192<\/strong><\/a>[\/vc_column_text][vc_column_text animation=&#8221;animation bottom-to-top&#8221; css_animation=&#8221;bottom-to-top&#8221; css=&#8221;.vc_custom_1538423757531{padding-top: 10px !important;}&#8221;]<a href=\"http:\/\/triceps.com.tr\/tr\/mesafeli-satis-sozlesmesi\/\"><strong>Mesafeli Sat\u0131\u015f S\u00f6zle\u015fmesi\u00a0\u2192<\/strong><\/a>[\/vc_column_text][vc_column_text animation=&#8221;animation bottom-to-top&#8221; css_animation=&#8221;bottom-to-top&#8221; css=&#8221;.vc_custom_1538590601600{padding-top: 10px !important;}&#8221;]<a href=\"http:\/\/triceps.com.tr\/tr\/kullanim-politikasi\/\"><strong>Kullan\u0131m Politikas\u0131\u00a0\u2192<\/strong><\/a>[\/vc_column_text][vc_column_text animation=&#8221;animation bottom-to-top&#8221; css_animation=&#8221;bottom-to-top&#8221; css=&#8221;.vc_custom_1538590580239{padding-top: 10px !important;}&#8221; el_class=&#8221;current&#8221;]<a href=\"http:\/\/triceps.com.tr\/tr\/telif-hakki-politikasi\/\"><strong>Telif Hakk\u0131 Politikas\u0131<\/strong><\/a>[\/vc_column_text][vc_column_text animation=&#8221;animation bottom-to-top&#8221; css_animation=&#8221;bottom-to-top&#8221; css=&#8221;.vc_custom_1538423792236{padding-top: 10px !important;}&#8221;]<a href=\"http:\/\/triceps.com.tr\/tr\/veri-isleme-ek-bilgilendirme\/\"><strong>Veri \u0130\u015fleme Ek Bilgilendirme\u00a0\u2192<\/strong><\/a>[\/vc_column_text][vc_column_text animation=&#8221;animation bottom-to-top&#8221; css_animation=&#8221;bottom-to-top&#8221; css=&#8221;.vc_custom_1538514217522{padding-top: 10px !important;}&#8221;]<a href=\"http:\/\/triceps.com.tr\/tr\/guvenlik-onlemleri\/\"><strong>G\u00fcvenlik \u00d6nlemleri\u00a0\u2192<\/strong><\/a>[\/vc_column_text][\/vc_column][vc_column width=&#8221;2\/3&#8243;][vc_row_inner css=&#8221;.vc_custom_1538513097331{padding-top: 30px !important;padding-right: 30px !important;padding-bottom: 30px !important;padding-left: 30px !important;}&#8221;][vc_column_inner][vc_column_text]<em>G\u00fcncelleme: 02 Kas\u0131m, 2018.<\/em><br \/>\nThe Web Tailor, Inc. (TRIPCES\u2019in ABD merkezli firmas\u0131d\u0131r.) fikri m\u00fclkiyet haklar\u0131na sayg\u0131 duyar ve kullan\u0131c\u0131lar\u0131n\u0131n da ayn\u0131s\u0131n\u0131 yapmas\u0131n\u0131 bekler. The Web Tailor, Inc., kendisine ait hizmetler kullan\u0131larak taahh\u00fct edilen telif hakk\u0131 ihlali iddialar\u0131na h\u0131zla yan\u0131t verir.<\/p>\n<p><strong>Bilgi: <\/strong>Bu Telif Hakk\u0131 Politikas\u0131, Kullan\u0131m Ko\u015fullar\u0131 ve \u015eartlar\u0131\u2019n\u0131n (T\u00fcrk\u00e7e) bir ek d\u00f6k\u00fcman\u0131d\u0131r ve uluslararas\u0131na a\u00e7\u0131k hizmet ve \u00fcr\u00fcnlerimize y\u00f6nelik haz\u0131rland\u0131\u011f\u0131 i\u00e7in \u0130ngilizce (A.B.D. Merkezli firmam\u0131z The Web Tailor, Inc. taraf\u0131ndan) olarak haz\u0131rlanm\u0131\u015ft\u0131r. T\u00fcrkiye\u2019deki m\u00fc\u015fterilerimizin uymakla y\u00fck\u00fcml\u00fc oldu\u011fu ve hizmetlerimizi kullan\u0131\u011f\u0131nda kabul etmi\u015f say\u0131ld\u0131klar\u0131 s\u00f6zle\u015fmeler ve kurallar Kullan\u0131m Ko\u015fullar\u0131 ve \u015eartlar, Gizlilik Politikas\u0131, \u00c7erez Politikas\u0131, Mesafeli Sat\u0131\u015f S\u00f6zle\u015fmesi ile belirtilmi\u015ftir.<\/p>\n<p>The Web Tailor, Inc. respects intellectual property rights and expects its users to do the same. The Web Tailor, Inc. responds expeditiously to claims of copyright infringement committed using the Services.<\/p>\n<p>In accordance with applicable law (including the Digital Millennium Copyright Act of 1998), The Web Tailor, Inc. will, under appropriate circumstances, terminate the accounts of repeat copyright infringers.<\/p>\n<p>We also reserve the right, in our sole discretion, to terminate any account for actual or apparent copyright infringement. Note that any capitalized terms not defined in this Copyright Policy have the meanings set forth in our Terms of Service.[\/vc_column_text][\/vc_column_inner][\/vc_row_inner][\/vc_column][\/vc_row][vc_row css=&#8221;.vc_custom_1538514120501{padding-top: 60px !important;padding-right: 30px !important;padding-bottom: 60px !important;padding-left: 30px !important;}&#8221;][vc_column][vc_column_text]<strong>Submitting A Notice Of Infringement.<\/strong><br \/>\nTo submit a notice of claimed copyright infringement, you will need to provide us with the following information:<br \/>\n<strong>1.<\/strong> Identification of the copyrighted work claimed to have been infringed (e.g., a link to your original work or clear description of the materials allegedly being infringed upon);<br \/>\n<strong>2.<\/strong> Identification of the infringing material and information reasonably sufficient to permit The Web Tailor, Inc. to locate the material on the Services;<br \/>\n<strong>3.<\/strong> Your contact information, including name, address, telephone number, and email address;<br \/>\n<strong>4.<\/strong> The following statements:<br \/>\n\u201cI hereby state that I have a good faith belief that the disputed use of the copyrighted material is not authorized by the copyright owner, its agent, or the law.\u201d<br \/>\n\u201cI hereby state that the information in this notice is accurate and, under penalty of perjury, that I am the owner, or authorized to act on behalf of the owner, of the copyright or of an exclusive right under the copyright that is allegedly infringed.\u201d; and<br \/>\n<strong>5.<\/strong> A physical or electronic signature (typing your full name will suffice) of the copyright owner or a person authorized to act on their behalf.<br \/>\nDeliver this notice, with all items completed, to The Web Tailor, Inc.\u2019s Designated Copyright Agent:<br \/>\nThe Web Tailor, Inc.<br \/>\nAttention: Copyright Agent<br \/>\n1647 Highlandon Ct.<br \/>\nState College, PA 16801<br \/>\ninfo@triceps.com.tr<br \/>\nThe Web Tailor, Inc.\u2019s response to notices of alleged copyright infringement may include the removal or restriction of access to the allegedly infringing material. Please note that information provided in a notice of copyright infringement may be forwarded to the user who posted the allegedly infringing content.<br \/>\n<strong>Bad Faith Notices.<\/strong> Please be aware that under applicable law (including 17 U.S.C. \u00a7 512(f)), you may be liable for any damages, including without limitation costs and attorneys\u2019 fees incurred by us or our users, if you knowingly materially misrepresent that material or activity is infringing. If you\u2019re unsure whether the material you are reporting is, in fact, infringing, you may wish to contact an attorney before filing a notification with us.<br \/>\n<strong>Submitting A Counter-Notification.<\/strong> If you believe in good faith that a notice of copyright infringement has been wrongly filed against you, you may send us a counter-notice. To submit a counter-notice, please respond to our original email notification of removal with the following information:<br \/>\n<strong>1.<\/strong> Identification of the material that has been removed or to which access has been disabled and the location at which the material appeared before it was removed or access to it was disabled (the description from the copyright notice will suffice);<br \/>\n<strong>2.<\/strong> Your name, address, and telephone number;<br \/>\n<strong>3.<\/strong> A statement that you consent to the jurisdiction of Federal District Court for the judicial district in which your address is located (or the federal district courts located in State College County, PA if your address is outside of the United States), and that you will accept service of process from the person who provided the original notification or an agent of such person;<br \/>\n<strong>4.<\/strong> The following statement: &#8220;I swear, under penalty of perjury, that I have a good faith belief that the material was removed or disabled as a result of a mistake or misidentification of the material to be removed or disabled.&#8221;; and<br \/>\n<strong>5.<\/strong> A physical or electronic signature (typing your full name will suffice).<br \/>\nUpon receipt of a valid counter-notification, The Web Tailor, Inc. will forward it to the notifying party who submitted the original notice of infringement. The notifying party will then have ten business days to notify us that they have filed legal action relating to the allegedly infringing material. If we don\u2019t receive any such notification within ten business days, we may restore the material to the Services.<\/p>\n<p>We may modify this Copyright Policy from time to time and will post the most current version on our site. If a modification meaningfully reduces your rights, we&#8217;ll notify you in accordance with the procedures set forth in our Terms of Service.<\/p>\n<p>Telif Hakk\u0131 Politikas\u0131 h\u00fck\u00fcmleri de\u011fi\u015fti\u011fi takdirde, yay\u0131nland\u0131\u011f\u0131 tarihte y\u00fcr\u00fcrl\u00fck kazan\u0131r.<\/p>\n<p>Telif Hakk\u0131 Politikas\u0131 ile ilgili her t\u00fcrl\u00fc soru ve \u00f6nerileriniz i\u00e7in info@triceps.com.tr e-posta adresine email g\u00f6nderebilirsiniz. TRICEPS\u2019a ait a\u015fa\u011f\u0131daki ileti\u015fim bilgilerinden ula\u015fabilirsiniz.<\/p>\n<p><strong>Firma \u00dcnvan\u0131:<\/strong> Triceps Bilgi Teknolojileri \u2013 U\u011fur Terzi (A.B.D.\u2019deki resmi \u00fcnvan\u0131: The Web Tailor, Inc.)<br \/>\n<strong>Adres:<\/strong> Ba\u011fl\u0131ca Mahallesi G\u00f6k\u00e7e Kent Sitesi 1272. Sokak No. 5-14 PK.06790 Etimesgut, Ankara TURK\u0130YE<br \/>\n<strong>\u0130leti\u015fim Adresi:<\/strong> Next Level, B#1305 \u00c7ankaya, Ankara, PK06520 T\u00dcRK\u0130YE<br \/>\n<strong>ABD Adresi:<\/strong> Amerika Birle\u015fik Devletleri \u0130leti\u015fim Ofisi: 1647 Highlandon Ct. State College, PA, ABD<br \/>\n<strong>E-posta:<\/strong> info@triceps.com.tr<br \/>\n<strong>Tel 1:<\/strong> +90 (312) 230 21 51<br \/>\n<strong>Tel 2:<\/strong> +90 (312) 230 51 00<br \/>\n<strong>Tel ABD:<\/strong> +1 207 219-9008[\/vc_column_text][\/vc_column][\/vc_row]\n<\/div>","protected":false},"excerpt":{"rendered":"<p>[vc_row row_id=&#8221;about-us&#8221; css=&#8221;.vc_custom_1538424468710{padding-top: 110px !important;padding-bottom: 40px !important;}&#8221; parallax_direction=&#8221;up&#8221;][vc_column][vc_column_text animation=&#8221;animation bottom-to-top&#8221;] Yasal Y\u00fck\u00fcml\u00fcl\u00fckler [\/vc_column_text][vc_column_text animation=&#8221;animation bottom-to-top&#8221;] S\u00f6zle\u015fmeler [\/vc_column_text][\/vc_column][\/vc_row][vc_row css=&#8221;.vc_custom_1538513864784{padding-top: 30px !important;padding-bottom: 30px !important;background-color: #e6e9ee !important;}&#8221; el_class=&#8221;care-first&#8221;][vc_column&hellip;<\/p>\n","protected":false},"author":1,"featured_media":0,"parent":0,"menu_order":0,"comment_status":"closed","ping_status":"closed","template":"","meta":{"footnotes":""},"class_list":["post-4210","page","type-page","status-publish","hentry"],"yoast_head":"<!-- This site is optimized with the Yoast SEO plugin v27.4 - https:\/\/yoast.com\/product\/yoast-seo-wordpress\/ -->\n<title>Telif Hakk\u0131 Politikas\u0131 &#8212; Triceps - the web tailor<\/title>\n<meta name=\"description\" content=\"TRIPCES fikri m\u00fclkiyet haklar\u0131na sayg\u0131 duyar ve kullan\u0131c\u0131lar\u0131n\u0131n da ayn\u0131s\u0131n\u0131 yapmas\u0131n\u0131 bekler.\" \/>\n<meta name=\"robots\" content=\"index, follow, max-snippet:-1, max-image-preview:large, max-video-preview:-1\" \/>\n<link rel=\"canonical\" href=\"https:\/\/triceps.com.tr\/tr\/telif-hakki-politikasi\/\" \/>\n<meta property=\"og:locale\" content=\"tr_TR\" \/>\n<meta property=\"og:type\" content=\"article\" \/>\n<meta property=\"og:title\" content=\"Telif Hakk\u0131 Politikas\u0131 &#8212; Triceps - the web tailor\" \/>\n<meta property=\"og:description\" content=\"TRIPCES fikri m\u00fclkiyet haklar\u0131na sayg\u0131 duyar ve kullan\u0131c\u0131lar\u0131n\u0131n da ayn\u0131s\u0131n\u0131 yapmas\u0131n\u0131 bekler.\" \/>\n<meta property=\"og:url\" content=\"https:\/\/triceps.com.tr\/tr\/telif-hakki-politikasi\/\" \/>\n<meta property=\"og:site_name\" content=\"Triceps - the web tailor\" \/>\n<meta property=\"article:publisher\" content=\"https:\/\/www.facebook.com\/thewebtailor\" \/>\n<meta property=\"article:modified_time\" content=\"2018-10-03T18:21:12+00:00\" \/>\n<meta name=\"twitter:card\" content=\"summary_large_image\" \/>\n<meta name=\"twitter:site\" content=\"@thewebtailor\" \/>\n<meta name=\"twitter:label1\" content=\"Tahmini okuma s\u00fcresi\" \/>\n\t<meta name=\"twitter:data1\" content=\"7 dakika\" \/>\n<script type=\"application\/ld+json\" class=\"yoast-schema-graph\">{\"@context\":\"https:\\\/\\\/schema.org\",\"@graph\":[{\"@type\":\"WebPage\",\"@id\":\"https:\\\/\\\/triceps.com.tr\\\/tr\\\/telif-hakki-politikasi\\\/\",\"url\":\"https:\\\/\\\/triceps.com.tr\\\/tr\\\/telif-hakki-politikasi\\\/\",\"name\":\"Telif Hakk\u0131 Politikas\u0131 &#8212; Triceps - the web tailor\",\"isPartOf\":{\"@id\":\"https:\\\/\\\/triceps.com.tr\\\/tr\\\/#website\"},\"datePublished\":\"2018-05-23T18:00:21+00:00\",\"dateModified\":\"2018-10-03T18:21:12+00:00\",\"description\":\"TRIPCES fikri m\u00fclkiyet haklar\u0131na sayg\u0131 duyar ve kullan\u0131c\u0131lar\u0131n\u0131n da ayn\u0131s\u0131n\u0131 yapmas\u0131n\u0131 bekler.\",\"breadcrumb\":{\"@id\":\"https:\\\/\\\/triceps.com.tr\\\/tr\\\/telif-hakki-politikasi\\\/#breadcrumb\"},\"inLanguage\":\"tr\",\"potentialAction\":[{\"@type\":\"ReadAction\",\"target\":[\"https:\\\/\\\/triceps.com.tr\\\/tr\\\/telif-hakki-politikasi\\\/\"]}]},{\"@type\":\"BreadcrumbList\",\"@id\":\"https:\\\/\\\/triceps.com.tr\\\/tr\\\/telif-hakki-politikasi\\\/#breadcrumb\",\"itemListElement\":[{\"@type\":\"ListItem\",\"position\":1,\"name\":\"Home\",\"item\":\"https:\\\/\\\/triceps.com.tr\\\/tr\\\/\"},{\"@type\":\"ListItem\",\"position\":2,\"name\":\"Telif Hakk\u0131 Politikas\u0131\"}]},{\"@type\":\"WebSite\",\"@id\":\"https:\\\/\\\/triceps.com.tr\\\/tr\\\/#website\",\"url\":\"https:\\\/\\\/triceps.com.tr\\\/tr\\\/\",\"name\":\"Triceps - the web tailor\",\"description\":\"Haute Couture Web Design\",\"publisher\":{\"@id\":\"https:\\\/\\\/triceps.com.tr\\\/tr\\\/#organization\"},\"potentialAction\":[{\"@type\":\"SearchAction\",\"target\":{\"@type\":\"EntryPoint\",\"urlTemplate\":\"https:\\\/\\\/triceps.com.tr\\\/tr\\\/?s={search_term_string}\"},\"query-input\":{\"@type\":\"PropertyValueSpecification\",\"valueRequired\":true,\"valueName\":\"search_term_string\"}}],\"inLanguage\":\"tr\"},{\"@type\":\"Organization\",\"@id\":\"https:\\\/\\\/triceps.com.tr\\\/tr\\\/#organization\",\"name\":\"Triceps - The Web Tailor\",\"url\":\"https:\\\/\\\/triceps.com.tr\\\/tr\\\/\",\"logo\":{\"@type\":\"ImageObject\",\"inLanguage\":\"tr\",\"@id\":\"https:\\\/\\\/triceps.com.tr\\\/tr\\\/#\\\/schema\\\/logo\\\/image\\\/\",\"url\":\"https:\\\/\\\/triceps.com.tr\\\/wp-content\\\/uploads\\\/2014\\\/11\\\/favicon-1.png\",\"contentUrl\":\"https:\\\/\\\/triceps.com.tr\\\/wp-content\\\/uploads\\\/2014\\\/11\\\/favicon-1.png\",\"width\":1024,\"height\":1024,\"caption\":\"Triceps - The Web Tailor\"},\"image\":{\"@id\":\"https:\\\/\\\/triceps.com.tr\\\/tr\\\/#\\\/schema\\\/logo\\\/image\\\/\"},\"sameAs\":[\"https:\\\/\\\/www.facebook.com\\\/thewebtailor\",\"https:\\\/\\\/x.com\\\/thewebtailor\",\"https:\\\/\\\/www.linkedin.com\\\/company\\\/triceps-the-web-tailor\"]}]}<\/script>\n<!-- \/ Yoast SEO plugin. -->","yoast_head_json":{"title":"Telif Hakk\u0131 Politikas\u0131 &#8212; Triceps - the web tailor","description":"TRIPCES fikri m\u00fclkiyet haklar\u0131na sayg\u0131 duyar ve kullan\u0131c\u0131lar\u0131n\u0131n da ayn\u0131s\u0131n\u0131 yapmas\u0131n\u0131 bekler.","robots":{"index":"index","follow":"follow","max-snippet":"max-snippet:-1","max-image-preview":"max-image-preview:large","max-video-preview":"max-video-preview:-1"},"canonical":"https:\/\/triceps.com.tr\/tr\/telif-hakki-politikasi\/","og_locale":"tr_TR","og_type":"article","og_title":"Telif Hakk\u0131 Politikas\u0131 &#8212; Triceps - the web tailor","og_description":"TRIPCES fikri m\u00fclkiyet haklar\u0131na sayg\u0131 duyar ve kullan\u0131c\u0131lar\u0131n\u0131n da ayn\u0131s\u0131n\u0131 yapmas\u0131n\u0131 bekler.","og_url":"https:\/\/triceps.com.tr\/tr\/telif-hakki-politikasi\/","og_site_name":"Triceps - the web tailor","article_publisher":"https:\/\/www.facebook.com\/thewebtailor","article_modified_time":"2018-10-03T18:21:12+00:00","twitter_card":"summary_large_image","twitter_site":"@thewebtailor","twitter_misc":{"Tahmini okuma s\u00fcresi":"7 dakika"},"schema":{"@context":"https:\/\/schema.org","@graph":[{"@type":"WebPage","@id":"https:\/\/triceps.com.tr\/tr\/telif-hakki-politikasi\/","url":"https:\/\/triceps.com.tr\/tr\/telif-hakki-politikasi\/","name":"Telif Hakk\u0131 Politikas\u0131 &#8212; Triceps - the web tailor","isPartOf":{"@id":"https:\/\/triceps.com.tr\/tr\/#website"},"datePublished":"2018-05-23T18:00:21+00:00","dateModified":"2018-10-03T18:21:12+00:00","description":"TRIPCES fikri m\u00fclkiyet haklar\u0131na sayg\u0131 duyar ve kullan\u0131c\u0131lar\u0131n\u0131n da ayn\u0131s\u0131n\u0131 yapmas\u0131n\u0131 bekler.","breadcrumb":{"@id":"https:\/\/triceps.com.tr\/tr\/telif-hakki-politikasi\/#breadcrumb"},"inLanguage":"tr","potentialAction":[{"@type":"ReadAction","target":["https:\/\/triceps.com.tr\/tr\/telif-hakki-politikasi\/"]}]},{"@type":"BreadcrumbList","@id":"https:\/\/triceps.com.tr\/tr\/telif-hakki-politikasi\/#breadcrumb","itemListElement":[{"@type":"ListItem","position":1,"name":"Home","item":"https:\/\/triceps.com.tr\/tr\/"},{"@type":"ListItem","position":2,"name":"Telif Hakk\u0131 Politikas\u0131"}]},{"@type":"WebSite","@id":"https:\/\/triceps.com.tr\/tr\/#website","url":"https:\/\/triceps.com.tr\/tr\/","name":"Triceps - the web tailor","description":"Haute Couture Web Design","publisher":{"@id":"https:\/\/triceps.com.tr\/tr\/#organization"},"potentialAction":[{"@type":"SearchAction","target":{"@type":"EntryPoint","urlTemplate":"https:\/\/triceps.com.tr\/tr\/?s={search_term_string}"},"query-input":{"@type":"PropertyValueSpecification","valueRequired":true,"valueName":"search_term_string"}}],"inLanguage":"tr"},{"@type":"Organization","@id":"https:\/\/triceps.com.tr\/tr\/#organization","name":"Triceps - The Web Tailor","url":"https:\/\/triceps.com.tr\/tr\/","logo":{"@type":"ImageObject","inLanguage":"tr","@id":"https:\/\/triceps.com.tr\/tr\/#\/schema\/logo\/image\/","url":"https:\/\/triceps.com.tr\/wp-content\/uploads\/2014\/11\/favicon-1.png","contentUrl":"https:\/\/triceps.com.tr\/wp-content\/uploads\/2014\/11\/favicon-1.png","width":1024,"height":1024,"caption":"Triceps - The Web Tailor"},"image":{"@id":"https:\/\/triceps.com.tr\/tr\/#\/schema\/logo\/image\/"},"sameAs":["https:\/\/www.facebook.com\/thewebtailor","https:\/\/x.com\/thewebtailor","https:\/\/www.linkedin.com\/company\/triceps-the-web-tailor"]}]}},"_links":{"self":[{"href":"https:\/\/triceps.com.tr\/tr\/wp-json\/wp\/v2\/pages\/4210","targetHints":{"allow":["GET"]}}],"collection":[{"href":"https:\/\/triceps.com.tr\/tr\/wp-json\/wp\/v2\/pages"}],"about":[{"href":"https:\/\/triceps.com.tr\/tr\/wp-json\/wp\/v2\/types\/page"}],"author":[{"embeddable":true,"href":"https:\/\/triceps.com.tr\/tr\/wp-json\/wp\/v2\/users\/1"}],"replies":[{"embeddable":true,"href":"https:\/\/triceps.com.tr\/tr\/wp-json\/wp\/v2\/comments?post=4210"}],"version-history":[{"count":0,"href":"https:\/\/triceps.com.tr\/tr\/wp-json\/wp\/v2\/pages\/4210\/revisions"}],"wp:attachment":[{"href":"https:\/\/triceps.com.tr\/tr\/wp-json\/wp\/v2\/media?parent=4210"}],"curies":[{"name":"wp","href":"https:\/\/api.w.org\/{rel}","templated":true}]}}