{"id":4206,"date":"2018-05-23T17:58:41","date_gmt":"2018-05-23T17:58:41","guid":{"rendered":"https:\/\/triceps.com.tr\/?page_id=4206"},"modified":"2018-10-16T23:47:06","modified_gmt":"2018-10-16T23:47:06","slug":"ek-kullanim-kosullari","status":"publish","type":"page","link":"https:\/\/triceps.com.tr\/tr\/ek-kullanim-kosullari\/","title":{"rendered":"Ek Kullan\u0131m Ko\u015fullar\u0131 (S\u0131n\u0131rl\u0131l\u0131klar)"},"content":{"rendered":"<div class=\"wpb-content-wrapper\">[vc_row row_id=&#8221;about-us&#8221; css=&#8221;.vc_custom_1538424468710{padding-top: 110px !important;padding-bottom: 40px !important;}&#8221; parallax_direction=&#8221;up&#8221;][vc_column][vc_column_text animation=&#8221;animation bottom-to-top&#8221;]\n<div class=\"title-ctr\">Yasal Y\u00fck\u00fcml\u00fcl\u00fckler<\/div>\n[\/vc_column_text][vc_column_text animation=&#8221;animation bottom-to-top&#8221;]\n<h1 class=\"pages-h1\"><strong>S\u00f6zle\u015fmeler<\/strong><\/h1>\n[\/vc_column_text][\/vc_column][\/vc_row][vc_row css=&#8221;.vc_custom_1538513864784{padding-top: 30px !important;padding-bottom: 30px !important;background-color: #e6e9ee !important;}&#8221; el_class=&#8221;care-first&#8221;][vc_column width=&#8221;1\/3&#8243; el_class=&#8221;kariyer&#8221;][vc_column_text animation=&#8221;animation bottom-to-top&#8221; css=&#8221;.vc_custom_1539733621206{padding-bottom: 30px !important;}&#8221;]\n<h2><strong>Ek Kullan\u0131m Ko\u015fullar\u0131<\/strong> (S\u0131n\u0131rl\u0131l\u0131klar)<\/h2>\n[\/vc_column_text][vc_column_text animation=&#8221;animation bottom-to-top&#8221; css_animation=&#8221;bottom-to-top&#8221; css=&#8221;.vc_custom_1538534397991{padding-top: 10px !important;}&#8221;]<a href=\"https:\/\/triceps.com.tr\/tr\/kullanim-kosullari\/\"><strong>Kullan\u0131m Ko\u015fullar\u0131\u00a0\u2192<\/strong><\/a>[\/vc_column_text][vc_column_text animation=&#8221;animation bottom-to-top&#8221; css_animation=&#8221;bottom-to-top&#8221; css=&#8221;.vc_custom_1538589556446{padding-top: 10px !important;}&#8221;]<a href=\"https:\/\/triceps.com.tr\/tr\/gizlilik-politikasi\/\"><strong>Gizlilik Politikas\u0131\u00a0\u2192<\/strong><\/a>[\/vc_column_text][vc_column_text animation=&#8221;animation bottom-to-top&#8221; css_animation=&#8221;bottom-to-top&#8221; css=&#8221;.vc_custom_1538589600702{padding-top: 10px !important;}&#8221;]<a href=\"http:\/\/triceps.com.tr\/tr\/cerez-politikasi\/\"><strong>\u00c7erez Politikas\u0131\u00a0\u2192<\/strong><\/a>[\/vc_column_text][vc_column_text animation=&#8221;animation bottom-to-top&#8221; css_animation=&#8221;bottom-to-top&#8221; css=&#8221;.vc_custom_1538423757531{padding-top: 10px !important;}&#8221;]<a href=\"https:\/\/triceps.com.tr\/tr\/mesafeli-satis-sozlesmesi\/\"><strong>Mesafeli Sat\u0131\u015f S\u00f6zle\u015fmesi\u00a0\u2192<\/strong><\/a>[\/vc_column_text][vc_column_text animation=&#8221;animation bottom-to-top&#8221; css_animation=&#8221;bottom-to-top&#8221; css=&#8221;.vc_custom_1538589579887{padding-top: 10px !important;}&#8221; el_class=&#8221;current&#8221;]<a href=\"http:\/\/triceps.com.tr\/tr\/kullanim-politikasi\/\"><strong>Kullan\u0131m Politikas\u0131<\/strong><\/a>[\/vc_column_text][vc_column_text animation=&#8221;animation bottom-to-top&#8221; css_animation=&#8221;bottom-to-top&#8221; css=&#8221;.vc_custom_1538423781651{padding-top: 10px !important;}&#8221;]<a href=\"https:\/\/triceps.com.tr\/tr\/telif-hakki-politikasi\/\"><strong>Telif Hakk\u0131 Politikas\u0131\u00a0\u2192<\/strong><\/a>[\/vc_column_text][vc_column_text animation=&#8221;animation bottom-to-top&#8221; css_animation=&#8221;bottom-to-top&#8221; css=&#8221;.vc_custom_1538423792236{padding-top: 10px !important;}&#8221;]<a href=\"https:\/\/triceps.com.tr\/tr\/veri-isleme-ek-bilgilendirme\/\"><strong>Veri \u0130\u015fleme Ek Bilgilendirme\u00a0\u2192<\/strong><\/a>[\/vc_column_text][vc_column_text animation=&#8221;animation bottom-to-top&#8221; css_animation=&#8221;bottom-to-top&#8221; css=&#8221;.vc_custom_1538514217522{padding-top: 10px !important;}&#8221;]<a href=\"https:\/\/triceps.com.tr\/tr\/guvenlik-onlemleri\/\"><strong>G\u00fcvenlik \u00d6nlemleri\u00a0\u2192<\/strong><\/a>[\/vc_column_text][\/vc_column][vc_column width=&#8221;2\/3&#8243;][vc_row_inner css=&#8221;.vc_custom_1538513097331{padding-top: 30px !important;padding-right: 30px !important;padding-bottom: 30px !important;padding-left: 30px !important;}&#8221;][vc_column_inner][vc_column_text]<em>G\u00fcncelleme: 02 Kas\u0131m, 2018.<\/em><br \/>\nBu Kullan\u0131m Politikas\u0131, hizmetlerimiz ile ba\u011flant\u0131l\u0131 olarak yasaklanm\u0131\u015f davran\u0131\u015f \u00f6rneklerini \u00f6zetlemektedir. Bu Kullan\u0131m Politikas\u0131nda tan\u0131mlanmayan b\u00fcy\u00fck harfle yaz\u0131lm\u0131\u015f terimlerin, Kullan\u0131m Ko\u015fullar\u0131 ve \u015eartlar\u0131\u2019nda belirtilen anlamlar\u0131 ta\u015f\u0131d\u0131\u011f\u0131n\u0131 unutmay\u0131n. Bu Kullan\u0131m Politikas\u0131 ile ilgili herhangi bir yorumunuz veya sorunuz varsa, bizimle ileti\u015fime ge\u00e7mekten \u00e7ekinmeyin.<\/p>\n<p><strong>Bilgi:<\/strong> Bu Kullan\u0131m Politikas\u0131, Kullan\u0131m Ko\u015fullar\u0131 ve \u015eartlar\u0131\u2019n\u0131n (T\u00fcrk\u00e7e) bir ek d\u00f6k\u00fcman\u0131d\u0131r ve uluslararas\u0131na a\u00e7\u0131k hizmet ve \u00fcr\u00fcnlerimize y\u00f6nelik haz\u0131rland\u0131\u011f\u0131 i\u00e7in \u0130ngilizce (A.B.D. Merkezli firmam\u0131z The Web Tailor, Inc. taraf\u0131ndan) olarak haz\u0131rlanm\u0131\u015ft\u0131r. T\u00fcrkiye\u2019deki m\u00fc\u015fterilerimizin uymakla y\u00fck\u00fcml\u00fc oldu\u011fu ve hizmetlerimizi kullan\u0131\u011f\u0131nda kabul etmi\u015f say\u0131ld\u0131klar\u0131 s\u00f6zle\u015fmeler ve kurallar Kullan\u0131m Ko\u015fullar\u0131 ve \u015eartlar, Gizlilik Politikas\u0131, \u00c7erez Politikas\u0131, Mesafeli Sat\u0131\u015f S\u00f6zle\u015fmesi ile belirtilmi\u015ftir.<\/p>\n<p>This Acceptable Use Policy outlines examples of prohibited conduct in connection with our Services. Note that any capitalized terms not defined in this Acceptable Use Policy have the meanings set forth in our Terms of Service. If you have any comments or questions about this Acceptable Use Policy, feel free to contact us.<\/p>\n<p>Our Services are used by millions of people to express themselves, build their brands and grow their businesses. We\u2019re proud of the creative and inspiring ways that people use our Services, but we expect our users to use our platform responsibly. As a The Web Tailor, Inc. user you agree not to misuse the Services or help anyone else do so. Below are some guidelines for what you should not do with the Services.[\/vc_column_text][\/vc_column_inner][\/vc_row_inner][\/vc_column][\/vc_row][vc_row css=&#8221;.vc_custom_1538514120501{padding-top: 60px !important;padding-right: 30px !important;padding-bottom: 60px !important;padding-left: 30px !important;}&#8221;][vc_column][vc_column_text]<strong>1. Abusing And Disrupting The Services<\/strong><br \/>\n1.1. Don\u2019t probe, scan or test the vulnerability of any system or network.<br \/>\n1.2. Don\u2019t breach or otherwise bypass any security or authentication measures.<br \/>\n1.3. Don\u2019t access, tamper with or use non-public areas or parts of the Services, or shared areas of the Services you haven&#8217;t been invited to access.<br \/>\n1.4. Don\u2019t interfere with or disrupt any user, host or network (whether it\u2019s Triceps\u2019s or someone else\u2019s), for example by distributing malware or overloading, flooding or mail-bombing any part of the Services.<br \/>\n1.5. Don\u2019t take apart, decompile or reverse engineer any part of the Services in an effort to access things such as source code or algorithms.<br \/>\n1.6. Don\u2019t access, search or create accounts for the Services by any means other than our publicly supported interfaces (for example, scraping, spidering or crawling).<br \/>\n1.7. Don\u2019t take action that imposes an unreasonable load on our infrastructure or our third-party providers. We reserve the right to determine what\u2019s reasonable.<br \/>\n1.8. Don\u2019t provide your password to any other person, use any other person\u2019s username and password, or otherwise manage the Services through shared credentials.<\/p>\n<p><strong>2. Spamming And Phishing<\/strong><br \/>\n2.1. Don\u2019t use our Services to send spam, emails that violate CAN-SPAM or other laws, emails to people who have not explicitly consented (where such consent is required) or other unsolicited communications (bulk or otherwise), promotions or advertisements. Note, we reserve the right to determine what constitutes spam.<br \/>\n2.2. Don\u2019t send altered, deceptive or false source-identifying information (including any misleading or incorrect names, email addresses, subject lines), including without limitation phishing or spoofing.<\/p>\n<p><strong>3. Deceiving And Impersonating Others<\/strong><br \/>\n3.1. Don\u2019t do anything that&#8217;s false, fraudulent, inaccurate or deceiving.<br \/>\n3.2. Don\u2019t impersonate another person, company or entity.<br \/>\n3.3. Don\u2019t engage in misleading or unethical marketing or advertising.<\/p>\n<p><strong>4. Stealing<\/strong><br \/>\n4.1. Don\u2019t use unauthorized credit cards, debit cards or other unauthorized payment devices on the Services.<br \/>\n4.2. Don\u2019t promote or advertise products or services other than your own without appropriate authorization.<br \/>\n4.3. Don\u2019t sell the Services unless specifically authorized to do so, or publish or use the Services on any network or system other than those provided by The Web Tailor, Inc. unless previously authorized by The Web Tailor, Inc.<\/p>\n<p><strong>5. Infringing, Misappropriating And Violating Rights<\/strong><br \/>\n5.1. Don\u2019t infringe or misappropriate anyone\u2019s copyright, trademark or other intellectual property rights.<br \/>\n5.2. Don\u2019t violate anyone\u2019s privacy or publicity rights.<\/p>\n<p><strong>6. Other Improper Or Illegal Conduct<\/strong><br \/>\n6.1. Don\u2019t threaten, harass, or abuse any individuals.<br \/>\n6.2. Don\u2019t incite violence.<br \/>\n6.3. Don\u2019t publish sexually explicit or obscene material.<br \/>\n6.4. Don\u2019t condone or promote self-harm.<br \/>\n6.5. Don\u2019t condone or promote violence against any person or group based on race, ethnicity, nationality, religion, gender, gender identity, sexual preference, age or disability.<br \/>\n6.6. Don\u2019t violate any laws through the Services, including without limitation all local laws regarding online conduct and acceptable content.<\/p>\n<p>If we conclude, in our discretion, that you have misused the Services, we may take action against your Account or Your Sites. We try to ensure fair outcomes, but in all cases we reserve the right to remove any content or suspend or terminate your Account or Your Sites, without any refund of any amounts paid for the Services, without liability or notice to you, at any time and for any reason (except where prohibited by applicable law). We reserve the right to enforce, or not enforce, this Acceptable Use Policy in our sole discretion.<\/p>\n<p>You can report violations of these guidelines to us directly by emailing abuse@triceps.com.tr.<\/p>\n<p>We may modify this Acceptable Use Policy from time to time and will post the most current version on our site. If a modification meaningfully reduces your rights, we&#8217;ll notify you in accordance with the procedures set forth in our Terms of Service.<\/p>\n<p>Kullan\u0131m Politikas\u0131 h\u00fck\u00fcmleri de\u011fi\u015fti\u011fi takdirde, yay\u0131nland\u0131\u011f\u0131 tarihte y\u00fcr\u00fcrl\u00fck kazan\u0131r.<\/p>\n<p>Kullan\u0131m Politikas\u0131 ile ilgili her t\u00fcrl\u00fc soru ve \u00f6nerileriniz i\u00e7in info@triceps.com.tr e-posta adresine email g\u00f6nderebilirsiniz. TRICEPS\u2019a ait a\u015fa\u011f\u0131daki ileti\u015fim bilgilerinden ula\u015fabilirsiniz.<\/p>\n<p><strong>Firma \u00dcnvan\u0131:<\/strong> Triceps Bilgi Teknolojileri \u2013 U\u011fur Terzi (A.B.D.\u2019deki resmi \u00fcnvan\u0131: The Web Tailor, Inc.)<br \/>\n<strong>Adres:<\/strong> Ba\u011fl\u0131ca Mahallesi G\u00f6k\u00e7e Kent Sitesi 1272. Sokak No. 5-14 PK.06790 Etimesgut, Ankara TURK\u0130YE<br \/>\n<strong>\u0130leti\u015fim Adresi:<\/strong> Next Level, B#1305 \u00c7ankaya, Ankara, PK06520 T\u00dcRK\u0130YE<br \/>\n<strong>ABD Adresi:<\/strong> Amerika Birle\u015fik Devletleri \u0130leti\u015fim Ofisi: 1647 Highlandon Ct. State College, PA, ABD<br \/>\n<strong>E-posta:<\/strong> info@triceps.com.tr<br \/>\n<strong>Tel 1:<\/strong> +90 (312) 230 21 51<br \/>\n<strong>Tel 2:<\/strong> +90 (312) 230 51 00<br \/>\n<strong>Tel ABD:<\/strong> +1 207 219-9008[\/vc_column_text][\/vc_column][\/vc_row]\n<\/div>","protected":false},"excerpt":{"rendered":"<p>[vc_row row_id=&#8221;about-us&#8221; css=&#8221;.vc_custom_1538424468710{padding-top: 110px !important;padding-bottom: 40px !important;}&#8221; parallax_direction=&#8221;up&#8221;][vc_column][vc_column_text animation=&#8221;animation bottom-to-top&#8221;] Yasal Y\u00fck\u00fcml\u00fcl\u00fckler [\/vc_column_text][vc_column_text animation=&#8221;animation bottom-to-top&#8221;] S\u00f6zle\u015fmeler [\/vc_column_text][\/vc_column][\/vc_row][vc_row css=&#8221;.vc_custom_1538513864784{padding-top: 30px !important;padding-bottom: 30px !important;background-color: #e6e9ee !important;}&#8221; el_class=&#8221;care-first&#8221;][vc_column&hellip;<\/p>\n","protected":false},"author":1,"featured_media":0,"parent":0,"menu_order":0,"comment_status":"closed","ping_status":"closed","template":"","meta":{"footnotes":""},"class_list":["post-4206","page","type-page","status-publish","hentry"],"yoast_head":"<!-- This site is optimized with the Yoast SEO plugin v27.4 - https:\/\/yoast.com\/product\/yoast-seo-wordpress\/ -->\n<title>Ek Kullan\u0131m Ko\u015fullar\u0131 (S\u0131n\u0131rl\u0131l\u0131klar) &#8212; Triceps - the web tailor<\/title>\n<meta name=\"description\" content=\"Bu Kullan\u0131m Politikas\u0131, hizmetlerimiz ile ba\u011flant\u0131l\u0131 olarak yasaklanm\u0131\u015f davran\u0131\u015f \u00f6rneklerini \u00f6zetlemektedir.\" \/>\n<meta name=\"robots\" content=\"index, follow, max-snippet:-1, max-image-preview:large, max-video-preview:-1\" \/>\n<link rel=\"canonical\" href=\"https:\/\/triceps.com.tr\/tr\/ek-kullanim-kosullari\/\" \/>\n<meta property=\"og:locale\" content=\"tr_TR\" \/>\n<meta property=\"og:type\" content=\"article\" \/>\n<meta property=\"og:title\" content=\"Ek Kullan\u0131m Ko\u015fullar\u0131 (S\u0131n\u0131rl\u0131l\u0131klar) &#8212; Triceps - the web tailor\" \/>\n<meta property=\"og:description\" content=\"Bu Kullan\u0131m Politikas\u0131, hizmetlerimiz ile ba\u011flant\u0131l\u0131 olarak yasaklanm\u0131\u015f davran\u0131\u015f \u00f6rneklerini \u00f6zetlemektedir.\" \/>\n<meta property=\"og:url\" content=\"https:\/\/triceps.com.tr\/tr\/ek-kullanim-kosullari\/\" \/>\n<meta property=\"og:site_name\" content=\"Triceps - the web tailor\" \/>\n<meta property=\"article:publisher\" content=\"https:\/\/www.facebook.com\/thewebtailor\" \/>\n<meta property=\"article:modified_time\" content=\"2018-10-16T23:47:06+00:00\" \/>\n<meta name=\"twitter:card\" content=\"summary_large_image\" \/>\n<meta name=\"twitter:site\" content=\"@thewebtailor\" \/>\n<meta name=\"twitter:label1\" content=\"Tahmini okuma s\u00fcresi\" \/>\n\t<meta name=\"twitter:data1\" content=\"7 dakika\" \/>\n<script type=\"application\/ld+json\" class=\"yoast-schema-graph\">{\"@context\":\"https:\\\/\\\/schema.org\",\"@graph\":[{\"@type\":\"WebPage\",\"@id\":\"https:\\\/\\\/triceps.com.tr\\\/tr\\\/ek-kullanim-kosullari\\\/\",\"url\":\"https:\\\/\\\/triceps.com.tr\\\/tr\\\/ek-kullanim-kosullari\\\/\",\"name\":\"Ek Kullan\u0131m Ko\u015fullar\u0131 (S\u0131n\u0131rl\u0131l\u0131klar) &#8212; Triceps - the web tailor\",\"isPartOf\":{\"@id\":\"https:\\\/\\\/triceps.com.tr\\\/tr\\\/#website\"},\"datePublished\":\"2018-05-23T17:58:41+00:00\",\"dateModified\":\"2018-10-16T23:47:06+00:00\",\"description\":\"Bu Kullan\u0131m Politikas\u0131, hizmetlerimiz ile ba\u011flant\u0131l\u0131 olarak yasaklanm\u0131\u015f davran\u0131\u015f \u00f6rneklerini \u00f6zetlemektedir.\",\"breadcrumb\":{\"@id\":\"https:\\\/\\\/triceps.com.tr\\\/tr\\\/ek-kullanim-kosullari\\\/#breadcrumb\"},\"inLanguage\":\"tr\",\"potentialAction\":[{\"@type\":\"ReadAction\",\"target\":[\"https:\\\/\\\/triceps.com.tr\\\/tr\\\/ek-kullanim-kosullari\\\/\"]}]},{\"@type\":\"BreadcrumbList\",\"@id\":\"https:\\\/\\\/triceps.com.tr\\\/tr\\\/ek-kullanim-kosullari\\\/#breadcrumb\",\"itemListElement\":[{\"@type\":\"ListItem\",\"position\":1,\"name\":\"Home\",\"item\":\"https:\\\/\\\/triceps.com.tr\\\/tr\\\/\"},{\"@type\":\"ListItem\",\"position\":2,\"name\":\"Ek Kullan\u0131m Ko\u015fullar\u0131 (S\u0131n\u0131rl\u0131l\u0131klar)\"}]},{\"@type\":\"WebSite\",\"@id\":\"https:\\\/\\\/triceps.com.tr\\\/tr\\\/#website\",\"url\":\"https:\\\/\\\/triceps.com.tr\\\/tr\\\/\",\"name\":\"Triceps - the web tailor\",\"description\":\"Haute Couture Web Design\",\"publisher\":{\"@id\":\"https:\\\/\\\/triceps.com.tr\\\/tr\\\/#organization\"},\"potentialAction\":[{\"@type\":\"SearchAction\",\"target\":{\"@type\":\"EntryPoint\",\"urlTemplate\":\"https:\\\/\\\/triceps.com.tr\\\/tr\\\/?s={search_term_string}\"},\"query-input\":{\"@type\":\"PropertyValueSpecification\",\"valueRequired\":true,\"valueName\":\"search_term_string\"}}],\"inLanguage\":\"tr\"},{\"@type\":\"Organization\",\"@id\":\"https:\\\/\\\/triceps.com.tr\\\/tr\\\/#organization\",\"name\":\"Triceps - The Web Tailor\",\"url\":\"https:\\\/\\\/triceps.com.tr\\\/tr\\\/\",\"logo\":{\"@type\":\"ImageObject\",\"inLanguage\":\"tr\",\"@id\":\"https:\\\/\\\/triceps.com.tr\\\/tr\\\/#\\\/schema\\\/logo\\\/image\\\/\",\"url\":\"https:\\\/\\\/triceps.com.tr\\\/wp-content\\\/uploads\\\/2014\\\/11\\\/favicon-1.png\",\"contentUrl\":\"https:\\\/\\\/triceps.com.tr\\\/wp-content\\\/uploads\\\/2014\\\/11\\\/favicon-1.png\",\"width\":1024,\"height\":1024,\"caption\":\"Triceps - The Web Tailor\"},\"image\":{\"@id\":\"https:\\\/\\\/triceps.com.tr\\\/tr\\\/#\\\/schema\\\/logo\\\/image\\\/\"},\"sameAs\":[\"https:\\\/\\\/www.facebook.com\\\/thewebtailor\",\"https:\\\/\\\/x.com\\\/thewebtailor\",\"https:\\\/\\\/www.linkedin.com\\\/company\\\/triceps-the-web-tailor\"]}]}<\/script>\n<!-- \/ Yoast SEO plugin. -->","yoast_head_json":{"title":"Ek Kullan\u0131m Ko\u015fullar\u0131 (S\u0131n\u0131rl\u0131l\u0131klar) &#8212; Triceps - the web tailor","description":"Bu Kullan\u0131m Politikas\u0131, hizmetlerimiz ile ba\u011flant\u0131l\u0131 olarak yasaklanm\u0131\u015f davran\u0131\u015f \u00f6rneklerini \u00f6zetlemektedir.","robots":{"index":"index","follow":"follow","max-snippet":"max-snippet:-1","max-image-preview":"max-image-preview:large","max-video-preview":"max-video-preview:-1"},"canonical":"https:\/\/triceps.com.tr\/tr\/ek-kullanim-kosullari\/","og_locale":"tr_TR","og_type":"article","og_title":"Ek Kullan\u0131m Ko\u015fullar\u0131 (S\u0131n\u0131rl\u0131l\u0131klar) &#8212; Triceps - the web tailor","og_description":"Bu Kullan\u0131m Politikas\u0131, hizmetlerimiz ile ba\u011flant\u0131l\u0131 olarak yasaklanm\u0131\u015f davran\u0131\u015f \u00f6rneklerini \u00f6zetlemektedir.","og_url":"https:\/\/triceps.com.tr\/tr\/ek-kullanim-kosullari\/","og_site_name":"Triceps - the web tailor","article_publisher":"https:\/\/www.facebook.com\/thewebtailor","article_modified_time":"2018-10-16T23:47:06+00:00","twitter_card":"summary_large_image","twitter_site":"@thewebtailor","twitter_misc":{"Tahmini okuma s\u00fcresi":"7 dakika"},"schema":{"@context":"https:\/\/schema.org","@graph":[{"@type":"WebPage","@id":"https:\/\/triceps.com.tr\/tr\/ek-kullanim-kosullari\/","url":"https:\/\/triceps.com.tr\/tr\/ek-kullanim-kosullari\/","name":"Ek Kullan\u0131m Ko\u015fullar\u0131 (S\u0131n\u0131rl\u0131l\u0131klar) &#8212; Triceps - the web tailor","isPartOf":{"@id":"https:\/\/triceps.com.tr\/tr\/#website"},"datePublished":"2018-05-23T17:58:41+00:00","dateModified":"2018-10-16T23:47:06+00:00","description":"Bu Kullan\u0131m Politikas\u0131, hizmetlerimiz ile ba\u011flant\u0131l\u0131 olarak yasaklanm\u0131\u015f davran\u0131\u015f \u00f6rneklerini \u00f6zetlemektedir.","breadcrumb":{"@id":"https:\/\/triceps.com.tr\/tr\/ek-kullanim-kosullari\/#breadcrumb"},"inLanguage":"tr","potentialAction":[{"@type":"ReadAction","target":["https:\/\/triceps.com.tr\/tr\/ek-kullanim-kosullari\/"]}]},{"@type":"BreadcrumbList","@id":"https:\/\/triceps.com.tr\/tr\/ek-kullanim-kosullari\/#breadcrumb","itemListElement":[{"@type":"ListItem","position":1,"name":"Home","item":"https:\/\/triceps.com.tr\/tr\/"},{"@type":"ListItem","position":2,"name":"Ek Kullan\u0131m Ko\u015fullar\u0131 (S\u0131n\u0131rl\u0131l\u0131klar)"}]},{"@type":"WebSite","@id":"https:\/\/triceps.com.tr\/tr\/#website","url":"https:\/\/triceps.com.tr\/tr\/","name":"Triceps - the web tailor","description":"Haute Couture Web Design","publisher":{"@id":"https:\/\/triceps.com.tr\/tr\/#organization"},"potentialAction":[{"@type":"SearchAction","target":{"@type":"EntryPoint","urlTemplate":"https:\/\/triceps.com.tr\/tr\/?s={search_term_string}"},"query-input":{"@type":"PropertyValueSpecification","valueRequired":true,"valueName":"search_term_string"}}],"inLanguage":"tr"},{"@type":"Organization","@id":"https:\/\/triceps.com.tr\/tr\/#organization","name":"Triceps - The Web Tailor","url":"https:\/\/triceps.com.tr\/tr\/","logo":{"@type":"ImageObject","inLanguage":"tr","@id":"https:\/\/triceps.com.tr\/tr\/#\/schema\/logo\/image\/","url":"https:\/\/triceps.com.tr\/wp-content\/uploads\/2014\/11\/favicon-1.png","contentUrl":"https:\/\/triceps.com.tr\/wp-content\/uploads\/2014\/11\/favicon-1.png","width":1024,"height":1024,"caption":"Triceps - The Web Tailor"},"image":{"@id":"https:\/\/triceps.com.tr\/tr\/#\/schema\/logo\/image\/"},"sameAs":["https:\/\/www.facebook.com\/thewebtailor","https:\/\/x.com\/thewebtailor","https:\/\/www.linkedin.com\/company\/triceps-the-web-tailor"]}]}},"_links":{"self":[{"href":"https:\/\/triceps.com.tr\/tr\/wp-json\/wp\/v2\/pages\/4206","targetHints":{"allow":["GET"]}}],"collection":[{"href":"https:\/\/triceps.com.tr\/tr\/wp-json\/wp\/v2\/pages"}],"about":[{"href":"https:\/\/triceps.com.tr\/tr\/wp-json\/wp\/v2\/types\/page"}],"author":[{"embeddable":true,"href":"https:\/\/triceps.com.tr\/tr\/wp-json\/wp\/v2\/users\/1"}],"replies":[{"embeddable":true,"href":"https:\/\/triceps.com.tr\/tr\/wp-json\/wp\/v2\/comments?post=4206"}],"version-history":[{"count":0,"href":"https:\/\/triceps.com.tr\/tr\/wp-json\/wp\/v2\/pages\/4206\/revisions"}],"wp:attachment":[{"href":"https:\/\/triceps.com.tr\/tr\/wp-json\/wp\/v2\/media?parent=4206"}],"curies":[{"name":"wp","href":"https:\/\/api.w.org\/{rel}","templated":true}]}}