{"id":4204,"date":"2018-05-23T17:57:53","date_gmt":"2018-05-23T17:57:53","guid":{"rendered":"https:\/\/triceps.com.tr\/?page_id=4204"},"modified":"2018-10-16T23:45:34","modified_gmt":"2018-10-16T23:45:34","slug":"cerezler","status":"publish","type":"page","link":"https:\/\/triceps.com.tr\/tr\/cerezler\/","title":{"rendered":"\u00c7erezler"},"content":{"rendered":"<div class=\"wpb-content-wrapper\">[vc_row row_id=&#8221;about-us&#8221; css=&#8221;.vc_custom_1538424468710{padding-top: 110px !important;padding-bottom: 40px !important;}&#8221; parallax_direction=&#8221;up&#8221;][vc_column][vc_column_text animation=&#8221;animation bottom-to-top&#8221;]\n<div class=\"title-ctr\">Yasal Y\u00fck\u00fcml\u00fcl\u00fckler<\/div>\n[\/vc_column_text][vc_column_text animation=&#8221;animation bottom-to-top&#8221;]\n<h1 class=\"pages-h1\"><strong>S\u00f6zle\u015fmeler<\/strong><\/h1>\n[\/vc_column_text][\/vc_column][\/vc_row][vc_row css=&#8221;.vc_custom_1538513864784{padding-top: 30px !important;padding-bottom: 30px !important;background-color: #e6e9ee !important;}&#8221; el_class=&#8221;care-first&#8221;][vc_column width=&#8221;1\/3&#8243; el_class=&#8221;kariyer&#8221;][vc_column_text animation=&#8221;animation bottom-to-top&#8221; css=&#8221;.vc_custom_1539733499382{padding-bottom: 30px !important;}&#8221;]\n<h2><strong>\u00c7erezler<\/strong><\/h2>\n[\/vc_column_text][vc_column_text animation=&#8221;animation bottom-to-top&#8221; css_animation=&#8221;bottom-to-top&#8221; css=&#8221;.vc_custom_1538534397991{padding-top: 10px !important;}&#8221;]<a href=\"https:\/\/triceps.com.tr\/tr\/kullanim-kosullari\/\"><strong>Kullan\u0131m Ko\u015fullar\u0131\u00a0\u2192<\/strong><\/a>[\/vc_column_text][vc_column_text animation=&#8221;animation bottom-to-top&#8221; css_animation=&#8221;bottom-to-top&#8221; css=&#8221;.vc_custom_1538589242592{padding-top: 10px !important;}&#8221;]<a href=\"https:\/\/triceps.com.tr\/tr\/gizlilik-politikasi\/\"><strong>Gizlilik Politikas\u0131 \u2192<\/strong><\/a>[\/vc_column_text][vc_column_text animation=&#8221;animation bottom-to-top&#8221; css_animation=&#8221;bottom-to-top&#8221; css=&#8221;.vc_custom_1539733517869{padding-top: 10px !important;}&#8221; el_class=&#8221;current&#8221;]<a href=\"http:\/\/triceps.com.tr\/tr\/cerez-politikasi\/\"><strong>\u00c7erez Politikas\u0131<\/strong><\/a>[\/vc_column_text][vc_column_text animation=&#8221;animation bottom-to-top&#8221; css_animation=&#8221;bottom-to-top&#8221; css=&#8221;.vc_custom_1538423757531{padding-top: 10px !important;}&#8221;]<a href=\"https:\/\/triceps.com.tr\/tr\/mesafeli-satis-sozlesmesi\/\"><strong>Mesafeli Sat\u0131\u015f S\u00f6zle\u015fmesi\u00a0\u2192<\/strong><\/a>[\/vc_column_text][vc_column_text animation=&#8221;animation bottom-to-top&#8221; css_animation=&#8221;bottom-to-top&#8221; css=&#8221;.vc_custom_1538589406805{padding-top: 10px !important;}&#8221;]<a href=\"https:\/\/triceps.com.tr\/tr\/ek-kullanim-kosullari\/\"><strong>Kullan\u0131m Politikas\u0131\u00a0\u2192<\/strong><\/a>[\/vc_column_text][vc_column_text animation=&#8221;animation bottom-to-top&#8221; css_animation=&#8221;bottom-to-top&#8221; css=&#8221;.vc_custom_1538423781651{padding-top: 10px !important;}&#8221;]<a href=\"https:\/\/triceps.com.tr\/tr\/telif-hakki-politikasi\/\"><strong>Telif Hakk\u0131 Politikas\u0131\u00a0\u2192<\/strong><\/a>[\/vc_column_text][vc_column_text animation=&#8221;animation bottom-to-top&#8221; css_animation=&#8221;bottom-to-top&#8221; css=&#8221;.vc_custom_1538423792236{padding-top: 10px !important;}&#8221;]<a href=\"https:\/\/triceps.com.tr\/tr\/veri-isleme-ek-bilgilendirme\/\"><strong>Veri \u0130\u015fleme Ek Bilgilendirme\u00a0\u2192<\/strong><\/a>[\/vc_column_text][vc_column_text animation=&#8221;animation bottom-to-top&#8221; css_animation=&#8221;bottom-to-top&#8221; css=&#8221;.vc_custom_1538514217522{padding-top: 10px !important;}&#8221;]<a href=\"https:\/\/triceps.com.tr\/tr\/guvenlik-onlemleri\/\"><strong>G\u00fcvenlik \u00d6nlemleri\u00a0\u2192<\/strong><\/a>[\/vc_column_text][\/vc_column][vc_column width=&#8221;2\/3&#8243;][vc_row_inner css=&#8221;.vc_custom_1538513097331{padding-top: 30px !important;padding-right: 30px !important;padding-bottom: 30px !important;padding-left: 30px !important;}&#8221;][vc_column_inner][vc_column_text]<em>G\u00fcncelleme: 02 Kas\u0131m, 2018.<\/em><\/p>\n<h4>\u00c7erez Politikas\u0131<\/h4>\n<p><strong>\u00c7erez Politikas\u0131, Triceps Bilgi Teknolojileri (A.B.D.\u2019deki resmi \u00fcnvan\u0131: The Web Tailor, Inc.) (TRICEPS)\u2019in \u00e7erez (cookie) kullan\u0131m esaslar\u0131na ili\u015fkin olarak kullan\u0131c\u0131lar\u0131 bilgilendirmek amac\u0131yla haz\u0131rlanm\u0131\u015ft\u0131r. <\/strong><\/p>\n<p>L\u00fctfen a\u015fa\u011f\u0131daki bilgilendirmeyi okuyun. \u00c7erez Politikas\u0131 ve a\u015fa\u011f\u0131da beyan edilen ko\u015fullar, TRICEPS \u00fcr\u00fcn ve hizmetlerinden faydaland\u0131\u011f\u0131n\u0131z web sayfas\u0131, ma\u011faza ve \u00e7e\u015fitli uygulamalar\u0131 kullan\u0131rken kabul etmi\u015f say\u0131ld\u0131\u011f\u0131n\u0131z politikalar ve ko\u015fullardan sizi haberdar etmek amac\u0131yla d\u00fczenlenmi\u015ftir.[\/vc_column_text][\/vc_column_inner][\/vc_row_inner][\/vc_column][\/vc_row][vc_row css=&#8221;.vc_custom_1538514120501{padding-top: 60px !important;padding-right: 30px !important;padding-bottom: 60px !important;padding-left: 30px !important;}&#8221;][vc_column][vc_column_text]<strong>TRICEPS \u00c7erezleri;<\/strong><\/p>\n<p>Kullan\u0131c\u0131lar\u0131n web sitesi, mobil uygulama ve\/veya mobil site kullan\u0131mlar\u0131n\u0131 ki\u015fiselle\u015ftirmek i\u00e7in kullan\u0131r. Bu kullan\u0131m; Parolan\u0131z\u0131 kaydeden ve web sitesi\/mobil uygulama\/mobil sitesi oturumunuzun s\u00fcrekli a\u00e7\u0131k kalmas\u0131n\u0131 sa\u011flayan, b\u00f6ylece her ziyaretinizde birden fazla kez parola girme zahmetinden kurtaran \u00e7erezleri ve web sitesi, mobil uygulama ve\/veya mobil siteye daha sonraki ziyaretlerde kullan\u0131c\u0131y\u0131 hat\u0131rlayan ve tan\u0131yan \u00e7erezleri i\u00e7erir.<\/p>\n<p>Kullan\u0131c\u0131lar\u0131n web sitesi, mobil uygulama ve\/veya mobil siteye nereden ve hangi cihazlardan ba\u011fland\u0131\u011f\u0131, web sitesi\/mobil uygulama\/mobil sitesi \u00fczerinde hangi i\u00e7eri\u011fi g\u00f6r\u00fcnt\u00fcledi\u011fi ve ziyaret s\u00fcresi gibi web sitesini\/mobil uygulamay\u0131\/mobil sitesini nas\u0131l kulland\u0131\u011f\u0131n\u0131z\u0131n tespiti de dahil olmak \u00fczere; web sitesi, mobil uygulama ve\/veya mobil siteyi kullan\u0131c\u0131n\u0131n nas\u0131l kulland\u0131\u011f\u0131n\u0131 belirlemek amac\u0131yla kullan\u0131r.<\/p>\n<p>Kullan\u0131c\u0131n\u0131n ilgi alan\u0131na uygun i\u00e7erik ve reklamlar\u0131 sunmak, di\u011fer bir ifade ile hedeflenmi\u015f reklam veya tan\u0131t\u0131m amac\u0131yla kullan\u0131r.<\/p>\n<p>TRICEPS \u00fc\u00e7\u00fcnc\u00fc taraf \u00e7erezlerini reklam ve yeniden hedefleme i\u00e7in nas\u0131l kullanmaktad\u0131r?<\/p>\n<p>TRICEPS \u00e7erezleri ayr\u0131ca; arama motorlar\u0131n\u0131, TRICEPS web sitesini, mobil uygulamas\u0131n\u0131 veya mobil sitesi ve\/veya TRICEPS\u2019nin reklam verdi\u011fi web sitelerini ziyaret etti\u011finizde ilginizi \u00e7ekebilece\u011fini d\u00fc\u015f\u00fcnd\u00fc\u011f\u00fc reklamlar\u0131 size sunabilmek amac\u0131yla kullanabilir. Bu ama\u00e7la; size \u00f6zel reklamlar sunabilmek i\u00e7in web sitesine, mobil uygulamaya, mobil sitesine ve TRICEPS\u2019nin reklam verdi\u011fi web sitelerine, mobil uygulama ve\/veya mobil sitesine yapt\u0131\u011f\u0131n\u0131z \u00f6nceki ziyaretlerle ilgili bilgileri kullan\u0131r. Ki\u015fiselle\u015ftirilmi\u015f bu reklamlar\u0131 sunarken, TRICEPS\u2019nin sizi tan\u0131yabilmesi amac\u0131yla taray\u0131c\u0131n\u0131za benzersiz bir \u00fc\u00e7\u00fcnc\u00fc taraf \u00e7erezi yerle\u015ftirilebilir. TRICEPS ayr\u0131ca Google, Inc. (\u201cGoogle\u201d) taraf\u0131ndan sa\u011flanan bir web analizi hizmeti olan Google Analytics kullanmaktad\u0131r. Google Analytics, \u00e7erezleri kullan\u0131c\u0131lar\u0131n web sitesini, mobil uygulamay\u0131 ve\/veya mobil sitesini nas\u0131l kulland\u0131klar\u0131n\u0131 istatistiki bilgiler\/raporlar ile analiz etmek amac\u0131yla kullan\u0131r.<\/p>\n<p>Google Analytics kullan\u0131m\u0131 hakk\u0131nda daha fazla bilgi i\u00e7in (reddetme se\u00e7enekleri dahil), \u015fu adresi ziyaret edebilirsiniz: http:\/\/www.google.com<\/p>\n<p>Bunun yan\u0131 s\u0131ra ilginizi \u00e7ekebilecek reklamlar\u0131 size sunabilmek amac\u0131yla, Facebook ile \u00f6zel hedef kitle olu\u015fturmak i\u00e7in ki\u015fisel verilerinizden e-posta adresiniz Facebook ile payla\u015f\u0131lmaktad\u0131r. E-posta adresiniz Facebook\u2019un olu\u015fturdu\u011fu g\u00fcvenli kanal \u00fczerinden payla\u015f\u0131lmaktad\u0131r. e-Posta adresiniz, Facebook taraf\u0131ndan SHA 256 algoritmas\u0131 ile \u015fifrelenmekte ve yaln\u0131zca e\u015fle\u015ftirme i\u015flemi i\u00e7in kullan\u0131lmaktad\u0131r. e-Posta adresiniz \u00fc\u00e7\u00fcnc\u00fc taraflarla veya di\u011fer reklam verenlerle payla\u015f\u0131lmaz ve e\u015fle\u015ftirme i\u015flemi tamamland\u0131ktan sonra m\u00fcmk\u00fcn olan en k\u0131sa s\u00fcrede Facebook sistemlerinden silinir. Facebook, (a) ki\u015fisel veriniz Facebook sistemlerinde bulundu\u011fu s\u00fcrece verilerin g\u00fcvenli\u011fini ve b\u00fct\u00fcnl\u00fc\u011f\u00fcn\u00fc korumak ve (b) Facebook sistemlerinde bulunan ki\u015fisel verinize yanl\u0131\u015fl\u0131kla veya yetkisiz olarak eri\u015filmesine ve verinizin yanl\u0131\u015fl\u0131kla veya yetkisiz olarak kullan\u0131lmas\u0131na, de\u011fi\u015ftirilmesine veya if\u015fa edilmesine kar\u015f\u0131 korumak i\u00e7in geli\u015ftirilen teknik ve fiziksel g\u00fcvenlik \u00f6nlemlerini de i\u00e7erecek \u015fekilde, \u00f6zel hedef kitlenizi (\u201c\u00f6zel hedef kitleniz\u201d) olu\u015fturan hash y\u00f6ntemiyle \u015fifrelenen e-posta adresinizin ve Facebook Kullan\u0131c\u0131 Kimli\u011fi koleksiyonunun gizlili\u011fini ve g\u00fcvenli\u011fini sa\u011flamaktad\u0131r. Ayr\u0131ca, izniniz olmadan veya yasalar gerektirmedi\u011fi s\u00fcrece, Facebook \u00fc\u00e7\u00fcnc\u00fc taraflara veya di\u011fer reklam verenlere \u00f6zel hedef kitleniz i\u00e7in eri\u015fim veya bilgi vermez, \u00f6zel hedef kitle bilgilerinizi kullan\u0131c\u0131lar\u0131m\u0131z hakk\u0131ndaki bilgilere eklemez veya ilgi alan\u0131na dayal\u0131 profiller olu\u015fturmaz ya da \u00f6zel hedef kitlenizi size hizmet sunman\u0131n haricinde kullanmaz.<\/p>\n<p>Facebook \u00f6zel hedef kitleler ko\u015fullar\u0131 i\u00e7in https:\/\/www.facebook.com adresini, Facebook Gizlilik \u0130lkeleri i\u00e7in https:\/\/www.facebook.com adresini ziyaret edebilirsiniz.<\/p>\n<p>Mobil uygulamada \u00e7erez yerine ilgili uygulaman\u0131n SDK\u2019s\u0131 (Software Development Kit) kullan\u0131lmaktad\u0131r. Vogue mobil uygulamas\u0131na entegre olan SDK bilgileri a\u015fa\u011f\u0131daki gibidir.<\/p>\n<p><strong>\u00c7erezleri Nas\u0131l Y\u00f6netebilirsiniz?<\/strong><\/p>\n<p>\u0130nternet taray\u0131c\u0131n\u0131z\u0131n \u00e7e\u015fidine g\u00f6re a\u015fa\u011f\u0131daki ad\u0131mlar\u0131 izleyerek, \u00e7erezler hakk\u0131nda bilgi edinip, izin verme veya reddetme hakk\u0131n\u0131z\u0131 kullanabilirsiniz:<\/p>\n<p>&#8211; Google Chrome: Browser\u2019\u0131n\u0131z\u0131n \u201cadres b\u00f6l\u00fcm\u00fcnde\u201d yer alan, \u201ckilit i\u015fareti\u201d veya \u201ci\u201d harfini t\u0131klayarak, \u201cCookie\u201d sekmesinden \u00e7erezlere izin verebilir veya bloke edebilirsiniz.<br \/>\n&#8211; \u0130nternet Explorer: Browser\u2019\u0131n\u0131z\u0131n sa\u011f \u00fcst k\u00f6\u015fesinde yer alan \u201cTool\u201d veya \u201cAra\u00e7lar\u201d B\u00f6l\u00fcm\u00fcnden \u201cG\u00fcvenlik\u201d sekmesini t\u0131klay\u0131n ve \u201cizin ver\u201d veya \u201cizin verme\u201d \u015feklinde \u00e7erez y\u00f6netimizi ger\u00e7ekle\u015ftirin.<br \/>\n&#8211; Mozilla Firefox: Browser\u2019\u0131n\u0131z\u0131n sa\u011f \u00fcst k\u00f6\u015fesinde yer alan \u201cmen\u00fcy\u00fc a\u00e7\u201d sekmesini t\u0131klay\u0131n\u0131z. \u201cSe\u00e7enekler\u201d g\u00f6rselini t\u0131klayarak \u201cGizlilik ve G\u00fcvenlik\u201d butonunu kullanarak \u00e7erez y\u00f6netiminizi yap\u0131n\u0131z.<br \/>\n&#8211; Di\u011fer browserlar i\u00e7in de (opera, microsoft edge gibi), ilgili browser\u2019\u0131n yard\u0131m veya destek sayfalar\u0131n\u0131 inceleyebilirsiniz.<br \/>\n&#8211; Safari: Telefonunuzun \u201cAyarlar\u201d b\u00f6l\u00fcm\u00fcnden \u201csafari\u201d sekmesini se\u00e7ip, \u201cGizlilik ve G\u00fcvenlik\u201d B\u00f6l\u00fcm\u00fcnden t\u00fcm \u00e7erez y\u00f6netiminizi sa\u011flayabilirsiniz.<\/p>\n<p>Yukar\u0131daki se\u00e7eneklerin yan\u0131s\u0131ra; t\u00fcm \u00e7erezler hakk\u0131nda bilgi sahibi olmak ve \u00e7erez y\u00f6netimi i\u00e7in:<\/p>\n<p>&#8211; www.allaboutcookies.org<br \/>\n&#8211; \u201cwww.youronlinechoices.eu\u201d adresini ziyaret edebilirsiniz, veya<br \/>\n&#8211; \u201cPrivacy Badger\u201d uygulamas\u0131n\u0131 kullanabilirsiniz (https:\/\/www.eff.org\/tr\/privacybadger)<br \/>\n&#8211; Mobil uygulamalarda \u00e7erez veya SDK y\u00f6netimi i\u00e7in cihaz\u0131n\u0131z\u0131n Gizlilik veya Ayarlar B\u00f6l\u00fcm\u00fcnde yer alan y\u00f6nlendirmeleri takip edebilir veya Lumen Privacy Monitor\u2019\u00fc (https:\/\/haystack.mobi\/) telefonunuza indirerek kullanabilirsiniz.<\/p>\n<p>Kal\u0131c\u0131 \u00e7erezleri veya oturum \u00e7erezlerini reddederseniz, web sitesini, mobil uygulamay\u0131 ve mobil sitesini kullanmaya devam edebilirsiniz fakat web sitesinin, mobil uygulaman\u0131n ve mobil sitesinin t\u00fcm i\u015flevlerine eri\u015femeyebilirsiniz veya eri\u015fiminiz s\u0131n\u0131rl\u0131 olabilir. Mobil uygulamada s\u00f6z konusu durum de\u011fi\u015fkenlik g\u00f6sterebilmektedir.<\/p>\n<p>\u00c7erezler ve \u00e7erez y\u00f6netimi ile ilgili daha fazla bilgi i\u00e7in web sitemizdeki Ki\u015fisel Verilerin \u0130\u015flenmesi Politikam\u0131z\u0131 inceleyebilir veya info@triceps.com.tr adresine e-posta g\u00f6nderebilirsiniz.<\/p>\n<p><strong>\u00c7erez \u00c7e\u015fitleri<\/strong><\/p>\n<p>Kullan\u0131m s\u00fcresine g\u00f6re \u00e7erez \u00e7e\u015fitleri: TRICEPS taraf\u0131ndan i\u015fletilen elektronik ticaret platformlar\u0131n\u0131n web sitesinde, mobil uygulamas\u0131nda ve mobil sitesinde kullan\u0131m s\u00fcrelerine g\u00f6re, oturum \u00e7erezleri ve kal\u0131c\u0131 \u00e7erezler kullanmaktad\u0131r. Oturum \u00e7erezi, taray\u0131c\u0131n\u0131z\u0131 kapatt\u0131\u011f\u0131n\u0131zda sona erer. Kal\u0131c\u0131 \u00e7erez ise sabit diskinizde uzun bir s\u00fcre veya s\u00fcresiz olarak kal\u0131r.<\/p>\n<p>\u00c7erezin sahibi veya \u00e7erezi yerle\u015ftiren tarafa g\u00f6re \u00e7erez \u00e7e\u015fitleri: TRICEPS taraf\u0131ndan i\u015fletilen elektronik ticaret platformlar\u0131n\u0131n web sitesinde, mobil uygulamas\u0131nda ve mobil sitesinde yerle\u015ftiren tarafa g\u00f6re \u201cTRICEPS \u00e7erezleri (first party cookie)\u201d ve \u201c\u00fc\u00e7\u00fcnc\u00fc taraf (third party cookie) \u00e7erezler\u201d kullan\u0131lmaktad\u0131r. TRICEPS \u00e7erezleri, TRICEPS taraf\u0131ndan olu\u015fturulurken, \u00fc\u00e7\u00fcnc\u00fc taraf \u00e7erezleri ise i\u015fbirli\u011fi yapt\u0131\u011f\u0131m\u0131z \u00fc\u00e7\u00fcnc\u00fc taraf firmalar taraf\u0131ndan y\u00f6netilmektedir.<br \/>\nKullan\u0131m ama\u00e7lar\u0131na g\u00f6re \u00e7erez \u00e7e\u015fitleri: TRICEPS taraf\u0131ndan i\u015fletilen elektronik ticaret platformlar\u0131n\u0131n web sitesinde, mobil uygulamas\u0131nda ve mobil sitesinde kullan\u0131m amac\u0131na g\u00f6re; teknik \u00e7erezler, do\u011frulama \u00e7erezleri, hedefleme\/reklam \u00e7erezleri, ki\u015fiselle\u015ftirme \u00e7erezleri ve analitik \u00e7erezler kullan\u0131lmaktad\u0131r. TRICEPS bu \u00e7erezleri kullanarak; \u00dcyelerini birbirinden ay\u0131ran \u00f6zellikleri belirleyerek, tercih ve be\u011fenilerine uygun kampanya ve reklam yapmak amac\u0131yla \u00dcyeleri b\u00fcy\u00fck gruplara ay\u0131rarak, ortalama harcama tutar\u0131, ya\u015f, cinsiyet, al\u0131\u015fveri\u015f yap\u0131lan kategoriler, mobil kullan\u0131m oran\u0131 gibi harcama al\u0131\u015fkanl\u0131klar\u0131n\u0131 tespit etmeye y\u00f6nelik istatistiksel \u00e7al\u0131\u015fmalar yapmaktad\u0131r.<\/p>\n<p>\u00c7erez Politikas\u0131 h\u00fck\u00fcmleri de\u011fi\u015fti\u011fi takdirde, yay\u0131nland\u0131\u011f\u0131 tarihte y\u00fcr\u00fcrl\u00fck kazan\u0131r.<\/p>\n<p>\u00c7erez Politikam\u0131z ile ilgili her t\u00fcrl\u00fc soru ve \u00f6nerileriniz i\u00e7in info@triceps.com.tr e-posta adresine email g\u00f6nderebilirsiniz. TRICEPS\u2019a ait a\u015fa\u011f\u0131daki ileti\u015fim bilgilerinden ula\u015fabilirsiniz.<\/p>\n<p><strong>Firma \u00dcnvan\u0131:<\/strong> Triceps Bilgi Teknolojileri \u2013 U\u011fur Terzi<br \/>\n<strong>Adres:<\/strong> Ba\u011fl\u0131ca Mahallesi G\u00f6k\u00e7e Kent Sitesi 1272. Sokak No. 5-14 PK.06790 Etimesgut, Ankara TURK\u0130YE<br \/>\n<strong>\u0130leti\u015fim Adresi:<\/strong> Next Level, B#1305 \u00c7ankaya, Ankara, PK06520 T\u00dcRK\u0130YE<br \/>\n<strong>ABD \u0130leti\u015fim Adresi:<\/strong> Amerika Birle\u015fik Devletleri \u0130leti\u015fim Ofisi: 1647 Highlandon Ct. State College, PA, ABD<br \/>\n<strong>E-posta:<\/strong> info@triceps.com.tr<br \/>\n<strong>Tel 1:<\/strong> +90 (312) 230 21 51<br \/>\n<strong>Tel 2:<\/strong> +90 (312) 230 51 00<br \/>\n<strong>Tel ABD:<\/strong> +1 207 219-9008[\/vc_column_text][\/vc_column][\/vc_row]\n<\/div>","protected":false},"excerpt":{"rendered":"<p>[vc_row row_id=&#8221;about-us&#8221; css=&#8221;.vc_custom_1538424468710{padding-top: 110px !important;padding-bottom: 40px !important;}&#8221; parallax_direction=&#8221;up&#8221;][vc_column][vc_column_text animation=&#8221;animation bottom-to-top&#8221;] Yasal Y\u00fck\u00fcml\u00fcl\u00fckler [\/vc_column_text][vc_column_text animation=&#8221;animation bottom-to-top&#8221;] S\u00f6zle\u015fmeler [\/vc_column_text][\/vc_column][\/vc_row][vc_row css=&#8221;.vc_custom_1538513864784{padding-top: 30px !important;padding-bottom: 30px !important;background-color: #e6e9ee !important;}&#8221; el_class=&#8221;care-first&#8221;][vc_column&hellip;<\/p>\n","protected":false},"author":1,"featured_media":0,"parent":0,"menu_order":0,"comment_status":"closed","ping_status":"closed","template":"","meta":{"footnotes":""},"class_list":["post-4204","page","type-page","status-publish","hentry"],"yoast_head":"<!-- This site is optimized with the Yoast SEO plugin v27.4 - https:\/\/yoast.com\/product\/yoast-seo-wordpress\/ -->\n<title>\u00c7erezler &#8212; Triceps - the web tailor<\/title>\n<meta name=\"description\" content=\"\u00c7erez Politikas\u0131, Triceps&#039;in (The Web Tailor, Inc.) \u00e7erez (cookie) kullan\u0131m esaslar\u0131na ili\u015fkin olarak kullan\u0131c\u0131lar\u0131 bilgilendirmek amac\u0131yla haz\u0131rlanm\u0131\u015ft\u0131r.\" \/>\n<meta name=\"robots\" content=\"index, follow, max-snippet:-1, max-image-preview:large, max-video-preview:-1\" \/>\n<link rel=\"canonical\" href=\"https:\/\/triceps.com.tr\/tr\/cerezler\/\" \/>\n<meta property=\"og:locale\" content=\"tr_TR\" \/>\n<meta property=\"og:type\" content=\"article\" \/>\n<meta property=\"og:title\" content=\"\u00c7erezler &#8212; Triceps - the web tailor\" \/>\n<meta property=\"og:description\" content=\"\u00c7erez Politikas\u0131, Triceps&#039;in (The Web Tailor, Inc.) \u00e7erez (cookie) kullan\u0131m esaslar\u0131na ili\u015fkin olarak kullan\u0131c\u0131lar\u0131 bilgilendirmek amac\u0131yla haz\u0131rlanm\u0131\u015ft\u0131r.\" \/>\n<meta property=\"og:url\" content=\"https:\/\/triceps.com.tr\/tr\/cerezler\/\" \/>\n<meta property=\"og:site_name\" content=\"Triceps - the web tailor\" \/>\n<meta property=\"article:publisher\" content=\"https:\/\/www.facebook.com\/thewebtailor\" \/>\n<meta property=\"article:modified_time\" content=\"2018-10-16T23:45:34+00:00\" \/>\n<meta name=\"twitter:card\" content=\"summary_large_image\" \/>\n<meta name=\"twitter:site\" content=\"@thewebtailor\" \/>\n<meta name=\"twitter:label1\" content=\"Tahmini okuma s\u00fcresi\" \/>\n\t<meta name=\"twitter:data1\" content=\"9 dakika\" \/>\n<script type=\"application\/ld+json\" class=\"yoast-schema-graph\">{\"@context\":\"https:\\\/\\\/schema.org\",\"@graph\":[{\"@type\":\"WebPage\",\"@id\":\"https:\\\/\\\/triceps.com.tr\\\/tr\\\/cerezler\\\/\",\"url\":\"https:\\\/\\\/triceps.com.tr\\\/tr\\\/cerezler\\\/\",\"name\":\"\u00c7erezler &#8212; Triceps - the web tailor\",\"isPartOf\":{\"@id\":\"https:\\\/\\\/triceps.com.tr\\\/tr\\\/#website\"},\"datePublished\":\"2018-05-23T17:57:53+00:00\",\"dateModified\":\"2018-10-16T23:45:34+00:00\",\"description\":\"\u00c7erez Politikas\u0131, Triceps'in (The Web Tailor, Inc.) \u00e7erez (cookie) kullan\u0131m esaslar\u0131na ili\u015fkin olarak kullan\u0131c\u0131lar\u0131 bilgilendirmek amac\u0131yla haz\u0131rlanm\u0131\u015ft\u0131r.\",\"breadcrumb\":{\"@id\":\"https:\\\/\\\/triceps.com.tr\\\/tr\\\/cerezler\\\/#breadcrumb\"},\"inLanguage\":\"tr\",\"potentialAction\":[{\"@type\":\"ReadAction\",\"target\":[\"https:\\\/\\\/triceps.com.tr\\\/tr\\\/cerezler\\\/\"]}]},{\"@type\":\"BreadcrumbList\",\"@id\":\"https:\\\/\\\/triceps.com.tr\\\/tr\\\/cerezler\\\/#breadcrumb\",\"itemListElement\":[{\"@type\":\"ListItem\",\"position\":1,\"name\":\"Home\",\"item\":\"https:\\\/\\\/triceps.com.tr\\\/tr\\\/\"},{\"@type\":\"ListItem\",\"position\":2,\"name\":\"\u00c7erezler\"}]},{\"@type\":\"WebSite\",\"@id\":\"https:\\\/\\\/triceps.com.tr\\\/tr\\\/#website\",\"url\":\"https:\\\/\\\/triceps.com.tr\\\/tr\\\/\",\"name\":\"Triceps - the web tailor\",\"description\":\"Haute Couture Web Design\",\"publisher\":{\"@id\":\"https:\\\/\\\/triceps.com.tr\\\/tr\\\/#organization\"},\"potentialAction\":[{\"@type\":\"SearchAction\",\"target\":{\"@type\":\"EntryPoint\",\"urlTemplate\":\"https:\\\/\\\/triceps.com.tr\\\/tr\\\/?s={search_term_string}\"},\"query-input\":{\"@type\":\"PropertyValueSpecification\",\"valueRequired\":true,\"valueName\":\"search_term_string\"}}],\"inLanguage\":\"tr\"},{\"@type\":\"Organization\",\"@id\":\"https:\\\/\\\/triceps.com.tr\\\/tr\\\/#organization\",\"name\":\"Triceps - The Web Tailor\",\"url\":\"https:\\\/\\\/triceps.com.tr\\\/tr\\\/\",\"logo\":{\"@type\":\"ImageObject\",\"inLanguage\":\"tr\",\"@id\":\"https:\\\/\\\/triceps.com.tr\\\/tr\\\/#\\\/schema\\\/logo\\\/image\\\/\",\"url\":\"https:\\\/\\\/triceps.com.tr\\\/wp-content\\\/uploads\\\/2014\\\/11\\\/favicon-1.png\",\"contentUrl\":\"https:\\\/\\\/triceps.com.tr\\\/wp-content\\\/uploads\\\/2014\\\/11\\\/favicon-1.png\",\"width\":1024,\"height\":1024,\"caption\":\"Triceps - The Web Tailor\"},\"image\":{\"@id\":\"https:\\\/\\\/triceps.com.tr\\\/tr\\\/#\\\/schema\\\/logo\\\/image\\\/\"},\"sameAs\":[\"https:\\\/\\\/www.facebook.com\\\/thewebtailor\",\"https:\\\/\\\/x.com\\\/thewebtailor\",\"https:\\\/\\\/www.linkedin.com\\\/company\\\/triceps-the-web-tailor\"]}]}<\/script>\n<!-- \/ Yoast SEO plugin. -->","yoast_head_json":{"title":"\u00c7erezler &#8212; Triceps - the web tailor","description":"\u00c7erez Politikas\u0131, Triceps'in (The Web Tailor, Inc.) \u00e7erez (cookie) kullan\u0131m esaslar\u0131na ili\u015fkin olarak kullan\u0131c\u0131lar\u0131 bilgilendirmek amac\u0131yla haz\u0131rlanm\u0131\u015ft\u0131r.","robots":{"index":"index","follow":"follow","max-snippet":"max-snippet:-1","max-image-preview":"max-image-preview:large","max-video-preview":"max-video-preview:-1"},"canonical":"https:\/\/triceps.com.tr\/tr\/cerezler\/","og_locale":"tr_TR","og_type":"article","og_title":"\u00c7erezler &#8212; Triceps - the web tailor","og_description":"\u00c7erez Politikas\u0131, Triceps'in (The Web Tailor, Inc.) \u00e7erez (cookie) kullan\u0131m esaslar\u0131na ili\u015fkin olarak kullan\u0131c\u0131lar\u0131 bilgilendirmek amac\u0131yla haz\u0131rlanm\u0131\u015ft\u0131r.","og_url":"https:\/\/triceps.com.tr\/tr\/cerezler\/","og_site_name":"Triceps - the web tailor","article_publisher":"https:\/\/www.facebook.com\/thewebtailor","article_modified_time":"2018-10-16T23:45:34+00:00","twitter_card":"summary_large_image","twitter_site":"@thewebtailor","twitter_misc":{"Tahmini okuma s\u00fcresi":"9 dakika"},"schema":{"@context":"https:\/\/schema.org","@graph":[{"@type":"WebPage","@id":"https:\/\/triceps.com.tr\/tr\/cerezler\/","url":"https:\/\/triceps.com.tr\/tr\/cerezler\/","name":"\u00c7erezler &#8212; Triceps - the web tailor","isPartOf":{"@id":"https:\/\/triceps.com.tr\/tr\/#website"},"datePublished":"2018-05-23T17:57:53+00:00","dateModified":"2018-10-16T23:45:34+00:00","description":"\u00c7erez Politikas\u0131, Triceps'in (The Web Tailor, Inc.) \u00e7erez (cookie) kullan\u0131m esaslar\u0131na ili\u015fkin olarak kullan\u0131c\u0131lar\u0131 bilgilendirmek amac\u0131yla haz\u0131rlanm\u0131\u015ft\u0131r.","breadcrumb":{"@id":"https:\/\/triceps.com.tr\/tr\/cerezler\/#breadcrumb"},"inLanguage":"tr","potentialAction":[{"@type":"ReadAction","target":["https:\/\/triceps.com.tr\/tr\/cerezler\/"]}]},{"@type":"BreadcrumbList","@id":"https:\/\/triceps.com.tr\/tr\/cerezler\/#breadcrumb","itemListElement":[{"@type":"ListItem","position":1,"name":"Home","item":"https:\/\/triceps.com.tr\/tr\/"},{"@type":"ListItem","position":2,"name":"\u00c7erezler"}]},{"@type":"WebSite","@id":"https:\/\/triceps.com.tr\/tr\/#website","url":"https:\/\/triceps.com.tr\/tr\/","name":"Triceps - the web tailor","description":"Haute Couture Web Design","publisher":{"@id":"https:\/\/triceps.com.tr\/tr\/#organization"},"potentialAction":[{"@type":"SearchAction","target":{"@type":"EntryPoint","urlTemplate":"https:\/\/triceps.com.tr\/tr\/?s={search_term_string}"},"query-input":{"@type":"PropertyValueSpecification","valueRequired":true,"valueName":"search_term_string"}}],"inLanguage":"tr"},{"@type":"Organization","@id":"https:\/\/triceps.com.tr\/tr\/#organization","name":"Triceps - The Web Tailor","url":"https:\/\/triceps.com.tr\/tr\/","logo":{"@type":"ImageObject","inLanguage":"tr","@id":"https:\/\/triceps.com.tr\/tr\/#\/schema\/logo\/image\/","url":"https:\/\/triceps.com.tr\/wp-content\/uploads\/2014\/11\/favicon-1.png","contentUrl":"https:\/\/triceps.com.tr\/wp-content\/uploads\/2014\/11\/favicon-1.png","width":1024,"height":1024,"caption":"Triceps - The Web Tailor"},"image":{"@id":"https:\/\/triceps.com.tr\/tr\/#\/schema\/logo\/image\/"},"sameAs":["https:\/\/www.facebook.com\/thewebtailor","https:\/\/x.com\/thewebtailor","https:\/\/www.linkedin.com\/company\/triceps-the-web-tailor"]}]}},"_links":{"self":[{"href":"https:\/\/triceps.com.tr\/tr\/wp-json\/wp\/v2\/pages\/4204","targetHints":{"allow":["GET"]}}],"collection":[{"href":"https:\/\/triceps.com.tr\/tr\/wp-json\/wp\/v2\/pages"}],"about":[{"href":"https:\/\/triceps.com.tr\/tr\/wp-json\/wp\/v2\/types\/page"}],"author":[{"embeddable":true,"href":"https:\/\/triceps.com.tr\/tr\/wp-json\/wp\/v2\/users\/1"}],"replies":[{"embeddable":true,"href":"https:\/\/triceps.com.tr\/tr\/wp-json\/wp\/v2\/comments?post=4204"}],"version-history":[{"count":0,"href":"https:\/\/triceps.com.tr\/tr\/wp-json\/wp\/v2\/pages\/4204\/revisions"}],"wp:attachment":[{"href":"https:\/\/triceps.com.tr\/tr\/wp-json\/wp\/v2\/media?parent=4204"}],"curies":[{"name":"wp","href":"https:\/\/api.w.org\/{rel}","templated":true}]}}