{"id":3676,"date":"2017-02-28T21:47:31","date_gmt":"2017-02-28T21:47:31","guid":{"rendered":"https:\/\/triceps.com.tr\/?page_id=3676\/"},"modified":"2020-04-13T19:50:49","modified_gmt":"2020-04-13T19:50:49","slug":"iletisim","status":"publish","type":"page","link":"https:\/\/triceps.com.tr\/tr\/iletisim\/","title":{"rendered":"\u0130leti\u015fim"},"content":{"rendered":"<div class=\"wpb-content-wrapper\">[vc_row thb_full_width=&#8221;true&#8221; thb_row_padding=&#8221;true&#8221; content_placement=&#8221;middle&#8221; thb_video_bg=&#8221;https:\/\/triceps.com.tr\/wp-content\/uploads\/2018\/09\/Office-Day.mp4&#8243; thb_video_overlay_color=&#8221;rgba(0,0,0,0.6)&#8221; css=&#8221;.vc_custom_1537294245530{padding-top: 90px !important;padding-bottom: 70px !important;background-color: #000000 !important;}&#8221;][vc_column][vc_column_text animation=&#8221;animation top-to-bottom&#8221; css=&#8221;.vc_custom_1537294789086{padding-top: 50px !important;padding-bottom: 30px !important;}&#8221;]\n<h1 class=\"pages-h1\" style=\"color: white;\">Bize<strong>Ula\u015f\u0131n<\/strong><\/h1>\n[\/vc_column_text][\/vc_column][\/vc_row][vc_row thb_full_width=&#8221;true&#8221; css=&#8221;.vc_custom_1537294042428{padding-top: 70px !important;padding-bottom: 40px !important;}&#8221;][vc_column width=&#8221;1\/3&#8243; offset=&#8221;vc_col-lg-4 vc_col-md-4 vc_col-xs-12&#8243; el_class=&#8221;kariyer&#8221;][vc_column_text css_animation=&#8221;bottom-to-top&#8221; css=&#8221;.vc_custom_1586807444657{padding-bottom: 20px !important;}&#8221;]\n<div class=\"office\"><strong>TRICEPS Bilgi Teknolojileri<\/strong><br \/>\n<em><strong>WORKINTON<\/strong>, <em>Next Level<\/em><br \/>\n<em>K\u0131z\u0131l\u0131rmak Mah. Dumlup\u0131nar Bul.<br \/>\n3C-1 #160 \u00c7ankaya, Ankara<br \/>\nPK.06520 T\u00dcRK\u0130YE<\/em><\/em><\/div>\n[\/vc_column_text][vc_icon icon_fontawesome=&#8221;fa fa-facebook&#8221; color=&#8221;custom&#8221; size=&#8221;xs&#8221; css_animation=&#8221;top-to-bottom&#8221; custom_color=&#8221;#4267b2&#8243; link=&#8221;url:https%3A%2F%2Fwww.facebook.com%2Fthewebtailor%2F||target:%20_blank|rel:nofollow&#8221;][vc_icon icon_fontawesome=&#8221;fa fa-twitter&#8221; color=&#8221;custom&#8221; size=&#8221;xs&#8221; css_animation=&#8221;top-to-bottom&#8221; custom_color=&#8221;#1da1f2&#8243; link=&#8221;url:https%3A%2F%2Ftwitter.com%2Fthewebtailor||target:%20_blank|rel:nofollow&#8221;][vc_icon icon_fontawesome=&#8221;fa fa-linkedin&#8221; color=&#8221;custom&#8221; size=&#8221;xs&#8221; css_animation=&#8221;top-to-bottom&#8221; custom_color=&#8221;#0077b5&#8243; link=&#8221;url:https%3A%2F%2Fwww.linkedin.com%2Fcompany%2Ftriceps-the-web-tailor%2F||target:%20_blank|rel:nofollow&#8221;][vc_column_text animation=&#8221;animation bottom-to-top&#8221; el_class=&#8221;kariyer-mini-info&#8221;]Triceps merkez ofisi Ankara <a href=\"https:\/\/www.google.com\/maps\/place\/Next+Level\/@39.9115508,32.811621,15z\/data=!4m5!3m4!1s0x0:0x9ef3e1957b025555!8m2!3d39.9115508!4d32.811621\" target=\"_blank\" rel=\"noopener noreferrer\">Next Level<\/a> i\u015f merkezindedir. L\u00fctfen daha fazla detay i\u00e7in ileti\u015fime ge\u00e7in.[\/vc_column_text][vc_column_text animation=&#8221;animation bottom-to-top&#8221; css=&#8221;.vc_custom_1537295821351{padding-top: 30px !important;padding-bottom: 30px !important;}&#8221;]\n<div><a class=\"btn kariyer-mini-btn\" role=\"button\" href=\"http:\/\/triceps.com.tr\/tr\/musteri-hizmetleri\/\">M\u00fc\u015fteri Hizmetleri<\/a><\/div>\n[\/vc_column_text][\/vc_column][vc_column width=&#8221;2\/3&#8243; offset=&#8221;vc_col-lg-8 vc_col-md-8 vc_col-xs-12&#8243;][vc_row_inner][vc_column_inner][vc_column_text]\n<div class=\"profiles ankara\">\n<div class=\"profile\">\n<div class=\"profilediv\">\n<div class=\"year contactus\">2002&#8217;den itibaren<\/div>\n<div class=\"profilename\">Resmi Adres<\/div>\n<div class=\"officetitle\"><em>Ba\u011fl\u0131ca Mah. G\u00f6k\u00e7ekent Sit.<br \/>\n1272. Sokak No.5-14, Etimesgut<br \/>\nAnkara, PK06790 T\u00dcRK\u0130YE<\/em><br \/>\n<strong>T.<\/strong> +90 (312) 230 2151<br \/>\n<strong>F.<\/strong> +90 (312) 231 9647<\/div>\n<p><span class=\"link\"><a href=\"http:\/\/triceps.com.tr\/tr\/musteri-hizmetleri\/\">E-posta g\u00f6nderin \u2192<\/a><\/span><\/p>\n<\/div>\n<\/div>\n<\/div>\n[\/vc_column_text][vc_column_text css=&#8221;.vc_custom_1537296049479{padding-bottom: 20px !important;}&#8221;]\n<div class=\"copy\">G\u00f6rselin yasal haklar\u0131: Levent Cantek, <a href=\"http:\/\/www.dr.com.tr\/Kitap\/Dumankara-Hayat-Bir-Yangindir\/Levent-Cantek\/Cizgi-Roman\/urunno=0000000436045\" target=\"_blank\" rel=\"noopener noreferrer\">&#8220;Dumankara &#8211; Hayat Bir Yang\u0131nd\u0131r&#8221;<\/a><\/div>\n[\/vc_column_text][vc_column_text css=&#8221;.vc_custom_1586807281784{padding-top: 20px !important;padding-bottom: 20px !important;}&#8221;]\n<div class=\"profiles istanbul\">\n<div class=\"profile\">\n<div class=\"profilediv\">\n<div class=\"year contactus\">2020&#8217;den itibaren<\/div>\n<div class=\"profilename\">\u0130leti\u015fim Ofisi<\/div>\n<div class=\"officetitle\"><strong>WORKINTON<\/strong>, <em>Next Level<\/em><br \/>\n<em>K\u0131z\u0131l\u0131rmak Mah. Dumlup\u0131nar Bul. 3C-1 No.160 \u00c7ankaya,<br \/>\nAnkara, PK.06520 T\u00dcRK\u0130YE<\/em><br \/>\n<strong>T.<\/strong> +90 (312) 230 5100<\/div>\n<p><span class=\"link\"><a href=\"http:\/\/triceps.com.tr\/tr\/musteri-hizmetleri\/\" target=\"_self\" rel=\"noopener noreferrer\">Misafirimiz olun<\/a><\/span><\/p>\n<\/div>\n<\/div>\n<\/div>\n[\/vc_column_text][vc_column_text css=&#8221;.vc_custom_1583355953972{padding-top: 20px !important;padding-bottom: 20px !important;}&#8221;]\n<div class=\"profiles orono\">\n<div class=\"profile\">\n<div class=\"profilediv\">\n<div class=\"year contactus\">2018&#8217;den itibaren<\/div>\n<div class=\"profilename\">ABD\u00a0\u015eube<\/div>\n<div class=\"officetitle\"><em>243 S Allen Street, Suite 337<\/em><br \/>\nState College, PA 16801 United States<br \/>\n<strong>T.<\/strong> +1 (207) 219-9008<\/div>\n<p><span class=\"link\"><a href=\"http:\/\/triceps.com.tr\/tr\/musteri-hizmetleri\/\" target=\"_self\" rel=\"noopener noreferrer\">Birlikte ke\u015ffedelim!<\/a><\/span><\/p>\n<\/div>\n<\/div>\n<\/div>\n[\/vc_column_text][\/vc_column_inner][\/vc_row_inner][\/vc_column][\/vc_row][vc_row thb_full_width=&#8221;true&#8221; css=&#8221;.vc_custom_1471971527536{padding-top: 20px !important;padding-bottom: 40px !important;}&#8221;][vc_column width=&#8221;1\/3&#8243; offset=&#8221;vc_col-lg-4 vc_col-md-4 vc_col-xs-12&#8243; el_class=&#8221;kariyer&#8221;][vc_column_text css_animation=&#8221;bottom-to-top&#8221; css=&#8221;.vc_custom_1537296251191{padding-bottom: 20px !important;}&#8221;]\n<div class=\"office\"><strong>Yasal Ba\u015fl\u0131klar<\/strong><br \/>\n<em>Bilgi Toplumu Hizmetleri<\/em><\/div>\n[\/vc_column_text][vc_column_text animation=&#8221;animation bottom-to-top&#8221; el_class=&#8221;kariyer-mini-info&#8221;]Triceps\u2019in hizmetlerinden herhangi birini kullanarak <a href=\"http:\/\/triceps.com.tr\/tr\/kullanim-kosullari\/\">Kullan\u0131m Ko\u015fullar\u0131<\/a>&#8216;n\u0131 kabul etti\u011finizi onayl\u0131yor ve bu <a href=\"http:\/\/triceps.com.tr\/tr\/gizlilik-politikasi\/\">Gizlilik<\/a> ve <a href=\"http:\/\/triceps.com.tr\/tr\/cerez-politikasi\/\">\u00c7erez Politikam\u0131z\u0131<\/a> okudu\u011funuzu ve anlad\u0131\u011f\u0131n\u0131z\u0131 onayl\u0131yorsunuz.[\/vc_column_text][vc_row_inner css=&#8221;.vc_custom_1537290845193{padding-top: 30px !important;padding-bottom: 30px !important;}&#8221;][vc_column_inner][vc_column_text animation=&#8221;animation bottom-to-top&#8221; css=&#8221;.vc_custom_1537296516027{padding-bottom: 20px !important;}&#8221;]\n<div><a class=\"btn kariyer-mini-btn\" role=\"button\" href=\"http:\/\/triceps.com.tr\/tr\/kullanim-kosullari\/\">Kullan\u0131m Ko\u015fullar\u0131<\/a><\/div>\n[\/vc_column_text][vc_column_text animation=&#8221;animation bottom-to-top&#8221; css=&#8221;.vc_custom_1537296496387{padding-top: 0px !important;padding-bottom: 20px !important;}&#8221;]\n<div><a class=\"btn kariyer-mini-btn\" role=\"button\" href=\"http:\/\/triceps.com.tr\/tr\/gizlilik-politikasi\/\">Gizlilik Politikas\u0131<\/a><\/div>\n[\/vc_column_text][vc_column_text animation=&#8221;animation bottom-to-top&#8221; css=&#8221;.vc_custom_1537296472651{padding-bottom: 20px !important;}&#8221;]\n<div><a class=\"btn kariyer-mini-btn\" role=\"button\" href=\"http:\/\/triceps.com.tr\/tr\/cerez-politikasi\/\">\u00c7erez Politikas\u0131<\/a><\/div>\n[\/vc_column_text][\/vc_column_inner][\/vc_row_inner][\/vc_column][vc_column width=&#8221;2\/3&#8243; offset=&#8221;vc_col-lg-8 vc_col-md-8 vc_col-xs-12&#8243;][vc_row_inner][vc_column_inner][vc_column_text css=&#8221;.vc_custom_1537296795981{padding-bottom: 20px !important;}&#8221;]\n<div class=\"profiles\">\n<div class=\"profile\">\n<div class=\"profilediv\">\n<div class=\"year contactus\">2002<\/div>\n<div class=\"profilename\">TRICEPS Bilgi Teknolojileri<\/div>\n<div class=\"officetitle\"><em>Yetkili: Ugur Terzi<br \/>\nT\u00fcr: \u015eah\u0131s Firmas\u0131<\/em><br \/>\nTitle: Triceps Bilgi Teknolojileri &#8211; U\u011fur Terzi<\/div>\n<p><span class=\"link\"><a href=\"http:\/\/triceps.com.tr\/tr\/musteri-hizmetleri\/\" target=\"_self\" rel=\"noopener noreferrer\">Daha fazla bilgi<\/a><\/span><\/p>\n<\/div>\n<\/div>\n<\/div>\n[\/vc_column_text][vc_column_text css=&#8221;.vc_custom_1537296744258{padding-bottom: 20px !important;}&#8221;]\n<div class=\"profiles\">\n<div class=\"profile\">\n<div class=\"profilediv\">\n<div class=\"year bilgitoplumu\">\u00dcyelikler<\/div>\n<div class=\"profilename\">\u00dcyelikler &amp; Oda Bilgileri<\/div>\n<div class=\"officetitle\">T.C. BTK (Bilgi Teknolojileri ve \u0130leti\u015fim Kurumu): YS- (2520)<br \/>\nAnkara Ticaret Odas\u0131 (ATO): 2\/177<br \/>\nTicaret Sicil No: 193270<br \/>\nMersis No : 840025466000011<br \/>\nVergi Dairesi: Etimesgut 840 025 4660<\/div>\n<p><span class=\"link\"><a href=\"http:\/\/triceps.com.tr\/tr\/musteri-hizmetleri\/\" target=\"_self\" rel=\"noopener noreferrer\">Daha fazla bilgi<\/a><\/span><\/p>\n<\/div>\n<\/div>\n<\/div>\n[\/vc_column_text][\/vc_column_inner][\/vc_row_inner][\/vc_column][\/vc_row][vc_row thb_full_width=&#8221;true&#8221; full_width=&#8221;stretch_row&#8221; type=&#8221;full_width_background&#8221; css=&#8221;.vc_custom_1471971517302{padding-top: 40px !important;padding-bottom: 40px !important;background-color: #dddbdb !important;}&#8221;][vc_column][vc_raw_html]JTNDaDIlMjBjbGFzcyUzRCUyMnBhZ2VzLWgyJTIyJTNFU2l6ZSUyMCUzQ3N0cm9uZyUzRSVDMyVCNnplbCUzQyUyRnN0cm9uZyUzRSUyMGtlc2ltJTIwYmlyJTIwdGFzYXIlQzQlQjFtYSUyMGhheiVDNCVCMXIlMjBvbHVuJTIxJTNDJTJGaDIlM0UlMEElM0NkaXYlM0UlM0NhJTIwY2xhc3MlM0QlMjJidG4lMjByZWd1bGFyJTIyJTIwaHJlZiUzRCUyMiUyRnRyJTJGaGFra2ltaXpkYSUyRiUyMiUyMHJvbGUlM0QlMjJidXR0b24lMjIlM0VIYWtrJUM0JUIxbSVDNCVCMXpkYSUzQyUyRmElM0UlM0NhJTIwY2xhc3MlM0QlMjJidG4lMjByZWd1bGFyJTIyJTIwaHJlZiUzRCUyMiUyRnRyJTJGbXVzdGVyaS1oaXptZXRsZXJpJTJGJTIyJTIwcm9sZSUzRCUyMmJ1dHRvbiUyMiUzRU0lQzMlQkMlQzUlOUZ0ZXJpJTIwSGl6bWV0bGVyaSUzQyUyRmElM0UlM0MlMkZkaXYlM0UlMEElMEE=[\/vc_raw_html][\/vc_column][\/vc_row]\n<\/div>","protected":false},"excerpt":{"rendered":"<p>[vc_row thb_full_width=&#8221;true&#8221; thb_row_padding=&#8221;true&#8221; content_placement=&#8221;middle&#8221; thb_video_bg=&#8221;https:\/\/triceps.com.tr\/wp-content\/uploads\/2018\/09\/Office-Day.mp4&#8243; thb_video_overlay_color=&#8221;rgba(0,0,0,0.6)&#8221; css=&#8221;.vc_custom_1537294245530{padding-top: 90px !important;padding-bottom: 70px !important;background-color: #000000 !important;}&#8221;][vc_column][vc_column_text animation=&#8221;animation top-to-bottom&#8221; css=&#8221;.vc_custom_1537294789086{padding-top: 50px !important;padding-bottom: 30px !important;}&#8221;] BizeUla\u015f\u0131n [\/vc_column_text][\/vc_column][\/vc_row][vc_row thb_full_width=&#8221;true&#8221; css=&#8221;.vc_custom_1537294042428{padding-top: 70px&hellip;<\/p>\n","protected":false},"author":1,"featured_media":0,"parent":0,"menu_order":0,"comment_status":"closed","ping_status":"closed","template":"","meta":{"footnotes":""},"class_list":["post-3676","page","type-page","status-publish","hentry"],"yoast_head":"<!-- This site is optimized with the Yoast SEO plugin v27.4 - https:\/\/yoast.com\/product\/yoast-seo-wordpress\/ -->\n<title>\u0130leti\u015fim &#8212; Triceps - the web tailor<\/title>\n<meta name=\"description\" content=\"Triceps - The web tailor, Ankara ve State College, ABD&#039;de faaliyet g\u00f6stermekte olan bir web ajans\u0131d\u0131r. Hadi hemen bize yaz\u0131n, aray\u0131n, ileti\u015fim kurun.\" \/>\n<meta name=\"robots\" content=\"index, follow, max-snippet:-1, max-image-preview:large, max-video-preview:-1\" \/>\n<link rel=\"canonical\" href=\"https:\/\/triceps.com.tr\/tr\/iletisim\/\" \/>\n<meta property=\"og:locale\" content=\"tr_TR\" \/>\n<meta property=\"og:type\" content=\"article\" \/>\n<meta property=\"og:title\" content=\"\u0130leti\u015fim &#8212; Triceps - the web tailor\" \/>\n<meta property=\"og:description\" content=\"Triceps - The web tailor, Ankara ve State College, ABD&#039;de faaliyet g\u00f6stermekte olan bir web ajans\u0131d\u0131r. Hadi hemen bize yaz\u0131n, aray\u0131n, ileti\u015fim kurun.\" \/>\n<meta property=\"og:url\" content=\"https:\/\/triceps.com.tr\/tr\/iletisim\/\" \/>\n<meta property=\"og:site_name\" content=\"Triceps - the web tailor\" \/>\n<meta property=\"article:publisher\" content=\"https:\/\/www.facebook.com\/thewebtailor\" \/>\n<meta property=\"article:modified_time\" content=\"2020-04-13T19:50:49+00:00\" \/>\n<meta name=\"twitter:card\" content=\"summary_large_image\" \/>\n<meta name=\"twitter:site\" content=\"@thewebtailor\" \/>\n<meta name=\"twitter:label1\" content=\"Tahmini okuma s\u00fcresi\" \/>\n\t<meta name=\"twitter:data1\" content=\"4 dakika\" \/>\n<script type=\"application\/ld+json\" class=\"yoast-schema-graph\">{\"@context\":\"https:\\\/\\\/schema.org\",\"@graph\":[{\"@type\":\"WebPage\",\"@id\":\"https:\\\/\\\/triceps.com.tr\\\/tr\\\/iletisim\\\/\",\"url\":\"https:\\\/\\\/triceps.com.tr\\\/tr\\\/iletisim\\\/\",\"name\":\"\u0130leti\u015fim &#8212; Triceps - the web tailor\",\"isPartOf\":{\"@id\":\"https:\\\/\\\/triceps.com.tr\\\/tr\\\/#website\"},\"datePublished\":\"2017-02-28T21:47:31+00:00\",\"dateModified\":\"2020-04-13T19:50:49+00:00\",\"description\":\"Triceps - The web tailor, Ankara ve State College, ABD'de faaliyet g\u00f6stermekte olan bir web ajans\u0131d\u0131r. Hadi hemen bize yaz\u0131n, aray\u0131n, ileti\u015fim kurun.\",\"breadcrumb\":{\"@id\":\"https:\\\/\\\/triceps.com.tr\\\/tr\\\/iletisim\\\/#breadcrumb\"},\"inLanguage\":\"tr\",\"potentialAction\":[{\"@type\":\"ReadAction\",\"target\":[\"https:\\\/\\\/triceps.com.tr\\\/tr\\\/iletisim\\\/\"]}]},{\"@type\":\"BreadcrumbList\",\"@id\":\"https:\\\/\\\/triceps.com.tr\\\/tr\\\/iletisim\\\/#breadcrumb\",\"itemListElement\":[{\"@type\":\"ListItem\",\"position\":1,\"name\":\"Home\",\"item\":\"https:\\\/\\\/triceps.com.tr\\\/tr\\\/\"},{\"@type\":\"ListItem\",\"position\":2,\"name\":\"\u0130leti\u015fim\"}]},{\"@type\":\"WebSite\",\"@id\":\"https:\\\/\\\/triceps.com.tr\\\/tr\\\/#website\",\"url\":\"https:\\\/\\\/triceps.com.tr\\\/tr\\\/\",\"name\":\"Triceps - the web tailor\",\"description\":\"Haute Couture Web Design\",\"publisher\":{\"@id\":\"https:\\\/\\\/triceps.com.tr\\\/tr\\\/#organization\"},\"potentialAction\":[{\"@type\":\"SearchAction\",\"target\":{\"@type\":\"EntryPoint\",\"urlTemplate\":\"https:\\\/\\\/triceps.com.tr\\\/tr\\\/?s={search_term_string}\"},\"query-input\":{\"@type\":\"PropertyValueSpecification\",\"valueRequired\":true,\"valueName\":\"search_term_string\"}}],\"inLanguage\":\"tr\"},{\"@type\":\"Organization\",\"@id\":\"https:\\\/\\\/triceps.com.tr\\\/tr\\\/#organization\",\"name\":\"Triceps - The Web Tailor\",\"url\":\"https:\\\/\\\/triceps.com.tr\\\/tr\\\/\",\"logo\":{\"@type\":\"ImageObject\",\"inLanguage\":\"tr\",\"@id\":\"https:\\\/\\\/triceps.com.tr\\\/tr\\\/#\\\/schema\\\/logo\\\/image\\\/\",\"url\":\"https:\\\/\\\/triceps.com.tr\\\/wp-content\\\/uploads\\\/2014\\\/11\\\/favicon-1.png\",\"contentUrl\":\"https:\\\/\\\/triceps.com.tr\\\/wp-content\\\/uploads\\\/2014\\\/11\\\/favicon-1.png\",\"width\":1024,\"height\":1024,\"caption\":\"Triceps - The Web Tailor\"},\"image\":{\"@id\":\"https:\\\/\\\/triceps.com.tr\\\/tr\\\/#\\\/schema\\\/logo\\\/image\\\/\"},\"sameAs\":[\"https:\\\/\\\/www.facebook.com\\\/thewebtailor\",\"https:\\\/\\\/x.com\\\/thewebtailor\",\"https:\\\/\\\/www.linkedin.com\\\/company\\\/triceps-the-web-tailor\"]}]}<\/script>\n<!-- \/ Yoast SEO plugin. -->","yoast_head_json":{"title":"\u0130leti\u015fim &#8212; Triceps - the web tailor","description":"Triceps - The web tailor, Ankara ve State College, ABD'de faaliyet g\u00f6stermekte olan bir web ajans\u0131d\u0131r. Hadi hemen bize yaz\u0131n, aray\u0131n, ileti\u015fim kurun.","robots":{"index":"index","follow":"follow","max-snippet":"max-snippet:-1","max-image-preview":"max-image-preview:large","max-video-preview":"max-video-preview:-1"},"canonical":"https:\/\/triceps.com.tr\/tr\/iletisim\/","og_locale":"tr_TR","og_type":"article","og_title":"\u0130leti\u015fim &#8212; Triceps - the web tailor","og_description":"Triceps - The web tailor, Ankara ve State College, ABD'de faaliyet g\u00f6stermekte olan bir web ajans\u0131d\u0131r. Hadi hemen bize yaz\u0131n, aray\u0131n, ileti\u015fim kurun.","og_url":"https:\/\/triceps.com.tr\/tr\/iletisim\/","og_site_name":"Triceps - the web tailor","article_publisher":"https:\/\/www.facebook.com\/thewebtailor","article_modified_time":"2020-04-13T19:50:49+00:00","twitter_card":"summary_large_image","twitter_site":"@thewebtailor","twitter_misc":{"Tahmini okuma s\u00fcresi":"4 dakika"},"schema":{"@context":"https:\/\/schema.org","@graph":[{"@type":"WebPage","@id":"https:\/\/triceps.com.tr\/tr\/iletisim\/","url":"https:\/\/triceps.com.tr\/tr\/iletisim\/","name":"\u0130leti\u015fim &#8212; Triceps - the web tailor","isPartOf":{"@id":"https:\/\/triceps.com.tr\/tr\/#website"},"datePublished":"2017-02-28T21:47:31+00:00","dateModified":"2020-04-13T19:50:49+00:00","description":"Triceps - The web tailor, Ankara ve State College, ABD'de faaliyet g\u00f6stermekte olan bir web ajans\u0131d\u0131r. Hadi hemen bize yaz\u0131n, aray\u0131n, ileti\u015fim kurun.","breadcrumb":{"@id":"https:\/\/triceps.com.tr\/tr\/iletisim\/#breadcrumb"},"inLanguage":"tr","potentialAction":[{"@type":"ReadAction","target":["https:\/\/triceps.com.tr\/tr\/iletisim\/"]}]},{"@type":"BreadcrumbList","@id":"https:\/\/triceps.com.tr\/tr\/iletisim\/#breadcrumb","itemListElement":[{"@type":"ListItem","position":1,"name":"Home","item":"https:\/\/triceps.com.tr\/tr\/"},{"@type":"ListItem","position":2,"name":"\u0130leti\u015fim"}]},{"@type":"WebSite","@id":"https:\/\/triceps.com.tr\/tr\/#website","url":"https:\/\/triceps.com.tr\/tr\/","name":"Triceps - the web tailor","description":"Haute Couture Web Design","publisher":{"@id":"https:\/\/triceps.com.tr\/tr\/#organization"},"potentialAction":[{"@type":"SearchAction","target":{"@type":"EntryPoint","urlTemplate":"https:\/\/triceps.com.tr\/tr\/?s={search_term_string}"},"query-input":{"@type":"PropertyValueSpecification","valueRequired":true,"valueName":"search_term_string"}}],"inLanguage":"tr"},{"@type":"Organization","@id":"https:\/\/triceps.com.tr\/tr\/#organization","name":"Triceps - The Web Tailor","url":"https:\/\/triceps.com.tr\/tr\/","logo":{"@type":"ImageObject","inLanguage":"tr","@id":"https:\/\/triceps.com.tr\/tr\/#\/schema\/logo\/image\/","url":"https:\/\/triceps.com.tr\/wp-content\/uploads\/2014\/11\/favicon-1.png","contentUrl":"https:\/\/triceps.com.tr\/wp-content\/uploads\/2014\/11\/favicon-1.png","width":1024,"height":1024,"caption":"Triceps - The Web Tailor"},"image":{"@id":"https:\/\/triceps.com.tr\/tr\/#\/schema\/logo\/image\/"},"sameAs":["https:\/\/www.facebook.com\/thewebtailor","https:\/\/x.com\/thewebtailor","https:\/\/www.linkedin.com\/company\/triceps-the-web-tailor"]}]}},"_links":{"self":[{"href":"https:\/\/triceps.com.tr\/tr\/wp-json\/wp\/v2\/pages\/3676","targetHints":{"allow":["GET"]}}],"collection":[{"href":"https:\/\/triceps.com.tr\/tr\/wp-json\/wp\/v2\/pages"}],"about":[{"href":"https:\/\/triceps.com.tr\/tr\/wp-json\/wp\/v2\/types\/page"}],"author":[{"embeddable":true,"href":"https:\/\/triceps.com.tr\/tr\/wp-json\/wp\/v2\/users\/1"}],"replies":[{"embeddable":true,"href":"https:\/\/triceps.com.tr\/tr\/wp-json\/wp\/v2\/comments?post=3676"}],"version-history":[{"count":0,"href":"https:\/\/triceps.com.tr\/tr\/wp-json\/wp\/v2\/pages\/3676\/revisions"}],"wp:attachment":[{"href":"https:\/\/triceps.com.tr\/tr\/wp-json\/wp\/v2\/media?parent=3676"}],"curies":[{"name":"wp","href":"https:\/\/api.w.org\/{rel}","templated":true}]}}