{"id":3669,"date":"2017-02-28T21:32:16","date_gmt":"2017-02-28T21:32:16","guid":{"rendered":"https:\/\/triceps.com.tr\/?page_id=3669\/"},"modified":"2020-01-20T17:36:04","modified_gmt":"2020-01-20T17:36:04","slug":"kariyer","status":"publish","type":"page","link":"https:\/\/triceps.com.tr\/tr\/kariyer\/","title":{"rendered":"Kariyer"},"content":{"rendered":"<div class=\"wpb-content-wrapper\">[vc_row css=&#8221;.vc_custom_1537206154694{padding-top: 40px !important;padding-bottom: 65px !important;}&#8221; type=&#8221;in_container&#8221; parallax_speed=&#8221;1&#8243; parallax_direction=&#8221;up&#8221;][vc_column][vc_column_text]\n<h1 class=\"pages-h1\">Bize<strong>Kat\u0131l\u0131n<\/strong><\/h1>\n[\/vc_column_text][\/vc_column][\/vc_row][vc_row thb_full_width=&#8221;true&#8221; thb_video_bg=&#8221;https:\/\/triceps.com.tr\/wp-content\/uploads\/2018\/09\/Stress-free-office.mp4&#8243; thb_video_overlay_color=&#8221;rgba(255,255,255,0.8)&#8221; css=&#8221;.vc_custom_1537210226943{padding-top: 70px !important;padding-bottom: 70px !important;background-image: url(https:\/\/triceps.com.tr\/wp-content\/uploads\/2018\/09\/Stress-free-office.jpg?id=4542) !important;}&#8221; el_class=&#8221;kariyer&#8221;][vc_column width=&#8221;1\/3&#8243; offset=&#8221;vc_col-lg-4 vc_col-md-4 vc_col-xs-12&#8243;][vc_column_text]\n<div class=\"office\"><strong>Ekip &amp; Ofis Hayat\u0131<\/strong><\/div>\n[\/vc_column_text][vc_icon icon_fontawesome=&#8221;fa fa-facebook&#8221; color=&#8221;custom&#8221; size=&#8221;xs&#8221; css_animation=&#8221;top-to-bottom&#8221; custom_color=&#8221;#4267b2&#8243; link=&#8221;url:https%3A%2F%2Fwww.facebook.com%2Fthewebtailor%2F||target:%20_blank|rel:nofollow&#8221;][vc_icon icon_fontawesome=&#8221;fa fa-twitter&#8221; color=&#8221;custom&#8221; size=&#8221;xs&#8221; css_animation=&#8221;top-to-bottom&#8221; custom_color=&#8221;#1da1f2&#8243; link=&#8221;url:https%3A%2F%2Ftwitter.com%2Fthewebtailor||target:%20_blank|rel:nofollow&#8221;][vc_icon icon_fontawesome=&#8221;fa fa-linkedin&#8221; color=&#8221;custom&#8221; size=&#8221;xs&#8221; css_animation=&#8221;top-to-bottom&#8221; custom_color=&#8221;#0077b5&#8243; link=&#8221;url:https%3A%2F%2Fwww.linkedin.com%2Fcompany%2Ftriceps-the-web-tailor%2F||target:%20_blank|rel:nofollow&#8221;][vc_column_text animation=&#8221;animation bottom-to-top&#8221; el_class=&#8221;kariyer-mini-info&#8221;]Triceps ile \u00e7al\u0131\u015f\u0131rken tatil asla dert de\u011fildir. Olmas\u0131 gerekti\u011fi gibi sadece tatildir. Sizi kimse rahats\u0131z etmez.[\/vc_column_text][vc_column_text animation=&#8221;animation bottom-to-top&#8221; css=&#8221;.vc_custom_1537209617147{padding-top: 30px !important;padding-bottom: 30px !important;}&#8221;]\n<div><a class=\"btn kariyer-mini-btn\" role=\"button\" href=\"http:\/\/triceps.com.tr\/tr\/hakkimizda\/\">Hakk\u0131m\u0131zda<\/a><\/div>\n[\/vc_column_text][\/vc_column][vc_column width=&#8221;2\/3&#8243; offset=&#8221;vc_col-lg-8 vc_col-md-8 vc_col-xs-12&#8243;][vc_row_inner][vc_column_inner][vc_column_text]<strong>Triceps olarak, sekt\u00f6rde e\u015fsiz bir m\u00fc\u015fteri deneyimi sunma konusundaki \u0131srar\u0131m\u0131z ile tan\u0131mlanmak isteriz. Ekip \u00fcyelerimizin tamam\u0131, m\u00fc\u015fterilerimizi memnun etmek i\u00e7in, bu bitmeyen macerada, sorumluluklar\u0131na yarat\u0131c\u0131l\u0131k, d\u00fcr\u00fcstl\u00fck ve entellekt\u00fcel titizlik getirmekle y\u00fck\u00fcml\u00fcd\u00fcr.<\/strong><\/p>\n<p>Bu \u00e7er\u00e7eve i\u00e7inde, ekip \u00fcyelerimizden beklentilerimiz y\u00fcksektir. Bir ekip olarak gurur duydu\u011fumuz \u015feyler in\u015fa etmek i\u00e7in \u00e7al\u0131\u015f\u0131yoruz. Bug\u00fcne kadar, bu zihniyet, uygulamalar\u0131m\u0131z yan\u0131 s\u0131ra Triceps&#8217;e devrim niteli\u011finde \u00fcr\u00fcnler yaratabilmesinde \u00f6nderlik etmi\u015ftir.<\/p>\n<p>Triceps maceran\u0131zda mesai saatleri veya di\u011fer standart prosed\u00fcrlerle s\u0131n\u0131rl\u0131 de\u011filsiniz. Hepimiz kodlay\u0131c\u0131, tasar\u0131mc\u0131 ve web uzmanlar\u0131y\u0131z, bu nedenle \u00e7al\u0131\u015f\u0131rken veya bir \u015feyler yarat\u0131rken kendimizi \u00f6zg\u00fcr hissetmek \u00f6nceli\u011fimizdir. Triceps ana ilkesi e\u011flenmek ve ve i\u015fin tad\u0131n\u0131 \u00e7\u0131karmakt\u0131r! B\u00fct\u00fcn bunlar ilginizi \u00e7ekiyorsa a\u00e7\u0131k pozisyonlara g\u00f6zat\u0131n ve l\u00fctfen ileti\u015fime ge\u00e7in.<\/p>\n<p>Triceps \u00e7al\u0131\u015fma ofisi <a href=\"https:\/\/www.google.com\/maps\/place\/Next+Level\/@39.9115508,32.811621,15z\/data=!4m5!3m4!1s0x0:0x9ef3e1957b025555!8m2!3d39.9115508!4d32.811621\" target=\"_blank\" rel=\"noopener noreferrer\">Ankara Next Level<\/a> i\u015f merkezindedir. Ankara ofisimiz harika manzaras\u0131 ve canl\u0131, dinamik, konforlu dekorasyonu ile \u00e7al\u0131\u015fanlar\u0131n rahatl\u0131\u011f\u0131 ve tabii ki verimlili\u011fi i\u00e7in tasarlanm\u0131\u015ft\u0131r. ABD&#8217;de bulunan ileti\u015fim ofisimiz ise State College \u015fehirinde hizmet vermektedir.[\/vc_column_text][\/vc_column_inner][\/vc_row_inner][\/vc_column][\/vc_row][vc_row thb_full_width=&#8221;true&#8221; css=&#8221;.vc_custom_1579541762435{padding-top: 70px !important;padding-bottom: 70px !important;}&#8221; type=&#8221;in_container&#8221; parallax_speed=&#8221;1&#8243; parallax_direction=&#8221;up&#8221;][vc_column width=&#8221;1\/3&#8243; offset=&#8221;vc_col-lg-4 vc_col-md-4 vc_col-xs-12&#8243; css=&#8221;.vc_custom_1477331614619{padding-bottom: 30px !important;}&#8221;][vc_column_text animation=&#8221;animation left-to-right&#8221; css=&#8221;.vc_custom_1536984669467{padding-top: 20px !important;padding-right: 20px !important;padding-bottom: 20px !important;padding-left: 20px !important;}&#8221;]\n<h3 class=\"solutions-h3 starting\">Yeni tasar\u0131mlar yaratmak i\u00e7in yeni \u015feyler \u00f6\u011frenmeye haz\u0131r\u0131z!<\/h3>\n[\/vc_column_text][\/vc_column][vc_column width=&#8221;2\/3&#8243; offset=&#8221;vc_col-lg-8 vc_col-md-8 vc_col-xs-12&#8243;][vc_column_text animation=&#8221;animation left-to-right&#8221; css_animation=&#8221;bottom-to-top&#8221;]\n<h5>A\u00e7\u0131k Pozisyonlar<\/h5>\n[\/vc_column_text][vc_column_text animation=&#8221;animation left-to-right&#8221; css_animation=&#8221;left-to-right&#8221;]\n<div class=\"jobbox\"><strong>A\u00e7\u0131k Pozisyon Yok<\/strong><br \/>\n<em>Daha sonra tekrar bak\u0131n\u0131z.<\/em><br \/>\n<span class=\"jobboxp\">\u015eu anda ihtiya\u00e7 olan bir a\u00e7\u0131k pozisyon bulunmuyor. L\u00fctfen daha sonra tekrar kontrol edin.<\/span><\/div>\n[\/vc_column_text][vc_row_inner disable_element=&#8221;yes&#8221; css=&#8221;.vc_custom_1579541626162{padding-bottom: 70px !important;}&#8221; el_id=&#8221;theformitself&#8221;][vc_column_inner width=&#8221;1\/4&#8243;][\/vc_column_inner][vc_column_inner width=&#8221;3\/4&#8243;][vc_column_text css_animation=&#8221;bottom-to-top&#8221; css=&#8221;.vc_custom_1537209242622{padding-top: 20px !important;padding-bottom: 20px !important;}&#8221;]\n<h4><strong>Ba\u015fvuru Formu<\/strong><\/h4>\n[\/vc_column_text]\n<div class=\"wpcf7 no-js\" id=\"wpcf7-f3744-o1\" lang=\"en-US\" dir=\"ltr\" data-wpcf7-id=\"3744\">\n<div class=\"screen-reader-response\"><p role=\"status\" aria-live=\"polite\" aria-atomic=\"true\"><\/p> <ul><\/ul><\/div>\n<form action=\"\/tr\/wp-json\/wp\/v2\/pages\/3669#wpcf7-f3744-o1\" method=\"post\" class=\"wpcf7-form init\" aria-label=\"Contact form\" enctype=\"multipart\/form-data\" novalidate=\"novalidate\" data-status=\"init\">\n<fieldset class=\"hidden-fields-container\"><input type=\"hidden\" name=\"_wpcf7\" value=\"3744\" \/><input type=\"hidden\" name=\"_wpcf7_version\" value=\"6.1.5\" \/><input type=\"hidden\" name=\"_wpcf7_locale\" value=\"en_US\" \/><input type=\"hidden\" name=\"_wpcf7_unit_tag\" value=\"wpcf7-f3744-o1\" \/><input type=\"hidden\" name=\"_wpcf7_container_post\" value=\"0\" \/><input type=\"hidden\" name=\"_wpcf7_posted_data_hash\" value=\"\" \/><input type=\"hidden\" name=\"_wpcf7_recaptcha_response\" value=\"\" \/>\n<\/fieldset>\n<div class=\"row\">\n\t<div class=\"small-12  columns\">\n\t\t<p><label>L\u00fctfen ad\u0131n\u0131z\u0131 yaz\u0131n\u0131z<\/label><br \/>\n<span class=\"wpcf7-form-control-wrap\" data-name=\"your-firstname\"><input size=\"40\" maxlength=\"400\" class=\"wpcf7-form-control wpcf7-text wpcf7-validates-as-required full\" aria-required=\"true\" aria-invalid=\"false\" value=\"\" type=\"text\" name=\"your-firstname\" \/><\/span>\n\t\t<\/p>\n\t<\/div>\n\t<div class=\"small-12 columns\">\n\t\t<p><label>E-posta adresiniz<\/label><br \/>\n<span class=\"wpcf7-form-control-wrap\" data-name=\"your-email\"><input size=\"40\" maxlength=\"400\" class=\"wpcf7-form-control wpcf7-text wpcf7-validates-as-required full\" aria-required=\"true\" aria-invalid=\"false\" value=\"\" type=\"text\" name=\"your-email\" \/><\/span>\n\t\t<\/p>\n\t<\/div>\n<\/div>\n<div class=\"row\">\n\t<div class=\"small-12 columns\">\n\t\t<p><label>L\u00fctfen ba\u015fvurdu\u011funuz pozisyonu se\u00e7iniz<\/label><br \/>\n<span class=\"wpcf7-form-control-wrap\" data-name=\"checkbox-207\"><span class=\"wpcf7-form-control wpcf7-checkbox careform\"><span class=\"wpcf7-list-item first\"><span class=\"wpcf7-list-item-label\">M\u00fc\u015fteri Operasyon<\/span><input type=\"checkbox\" name=\"checkbox-207[]\" value=\"M\u00fc\u015fteri Operasyon\" \/><\/span><span class=\"wpcf7-list-item\"><span class=\"wpcf7-list-item-label\">PR<\/span><input type=\"checkbox\" name=\"checkbox-207[]\" value=\"PR\" \/><\/span><span class=\"wpcf7-list-item last\"><span class=\"wpcf7-list-item-label\">Web Developer<\/span><input type=\"checkbox\" name=\"checkbox-207[]\" value=\"Web Developer\" \/><\/span><\/span><\/span>\n\t\t<\/p>\n\t<\/div>\n\t<div class=\"small-12 columns\">\n\t\t<p><label>\u00d6n Mektup<\/label><br \/>\n<span class=\"wpcf7-form-control-wrap\" data-name=\"your-message\"><textarea cols=\"40\" rows=\"10\" maxlength=\"2000\" class=\"wpcf7-form-control wpcf7-textarea full\" aria-invalid=\"false\" name=\"your-message\"><\/textarea><\/span>\n\t\t<\/p>\n\t<\/div>\n\t<div class=\"small-12 columns\">\n\t\t<p><label>\u00d6zge\u00e7mi\u015finizi Y\u00fckleyin<\/label><br \/>\n<span class=\"wpcf7-form-control-wrap\" data-name=\"file-368\"><input size=\"40\" class=\"wpcf7-form-control wpcf7-file resume\" accept=\".pdf,.doc,.docx\" aria-invalid=\"false\" type=\"file\" name=\"file-368\" \/><\/span>\n\t\t<\/p>\n\t<\/div>\n\t<div class=\"small-12 columns\">\n\t\t<p><label>G\u00fcvenlik kontrol\u00fc<\/label>\n\t\t\n\t\t<\/p>\n\t<\/div>\n<\/div>\n<div class=\"row\">\n\t<div class=\"small-12 columns\">\n\t\t<p><input class=\"wpcf7-form-control wpcf7-submit has-spinner\" type=\"submit\" value=\"G\u00f6nder\" \/>\n\t\t<\/p>\n\t<\/div>\n<\/div><p style=\"display: none !important;\" class=\"akismet-fields-container\" data-prefix=\"_wpcf7_ak_\"><label>&#916;<textarea name=\"_wpcf7_ak_hp_textarea\" cols=\"45\" rows=\"8\" maxlength=\"100\"><\/textarea><\/label><input type=\"hidden\" id=\"ak_js_1\" name=\"_wpcf7_ak_js\" value=\"138\"\/><script type=\"text\/javascript\">\n\/* <![CDATA[ *\/\ndocument.getElementById( \"ak_js_1\" ).setAttribute( \"value\", ( new Date() ).getTime() );\n\/* ]]> *\/\n<\/script>\n<\/p><div class=\"wpcf7-response-output\" aria-hidden=\"true\"><\/div>\n<\/form>\n<\/div>\n[\/vc_column_inner][\/vc_row_inner][\/vc_column][\/vc_row][vc_row thb_full_width=&#8221;true&#8221; full_width=&#8221;stretch_row&#8221; css=&#8221;.vc_custom_1537208042125{padding-top: 40px !important;padding-bottom: 40px !important;background-color: #eeeeee !important;}&#8221; type=&#8221;full_width_background&#8221; parallax_speed=&#8221;1&#8243; parallax_direction=&#8221;up&#8221;][vc_column][vc_raw_html]JTNDaDIlMjBjbGFzcyUzRCUyMnBhZ2VzLWgyJTIyJTNFU2l6ZSUyMCUzQ3N0cm9uZyUzRSVDMyVCNnplbCUzQyUyRnN0cm9uZyUzRSUyMGtlc2ltJTIwYmlyJTIwdGFzYXIlQzQlQjFtYSUyMGhheiVDNCVCMXIlMjBvbHVuJTIxJTNDJTJGaDIlM0UlMEElM0NkaXYlM0UlM0NhJTIwY2xhc3MlM0QlMjJidG4lMjByZWd1bGFyJTIwc21hbGwlMjBtZWV0JTIyJTIwaHJlZiUzRCUyMiUyRnRyJTJGaGFra2ltaXpkYSUyRiUyMiUyMHJvbGUlM0QlMjJidXR0b24lMjIlM0VIYWtrJUM0JUIxbSVDNCVCMXpkYSUzQyUyRmElM0UlM0NhJTIwY2xhc3MlM0QlMjJidG4lMjByZWd1bGFyJTIwc21hbGwlMjBtZWV0JTIyJTIwaHJlZiUzRCUyMiUyRnRyJTJGaWxldGlzaW0lMkYlMjIlMjByb2xlJTNEJTIyYnV0dG9uJTIyJTNFQml6ZSUyMFVsYSVDNSU5RiVDNCVCMW4lM0MlMkZhJTNFJTNDJTJGZGl2JTNF[\/vc_raw_html][\/vc_column][\/vc_row]\n<\/div>","protected":false},"excerpt":{"rendered":"<p>[vc_row css=&#8221;.vc_custom_1537206154694{padding-top: 40px !important;padding-bottom: 65px !important;}&#8221; type=&#8221;in_container&#8221; parallax_speed=&#8221;1&#8243; parallax_direction=&#8221;up&#8221;][vc_column][vc_column_text] BizeKat\u0131l\u0131n [\/vc_column_text][\/vc_column][\/vc_row][vc_row thb_full_width=&#8221;true&#8221; thb_video_bg=&#8221;https:\/\/triceps.com.tr\/wp-content\/uploads\/2018\/09\/Stress-free-office.mp4&#8243; thb_video_overlay_color=&#8221;rgba(255,255,255,0.8)&#8221; css=&#8221;.vc_custom_1537210226943{padding-top: 70px !important;padding-bottom: 70px !important;background-image: url(https:\/\/triceps.com.tr\/wp-content\/uploads\/2018\/09\/Stress-free-office.jpg?id=4542) !important;}&#8221; el_class=&#8221;kariyer&#8221;][vc_column width=&#8221;1\/3&#8243; offset=&#8221;vc_col-lg-4 vc_col-md-4&hellip;<\/p>\n","protected":false},"author":1,"featured_media":0,"parent":0,"menu_order":0,"comment_status":"closed","ping_status":"closed","template":"","meta":{"footnotes":""},"class_list":["post-3669","page","type-page","status-publish","hentry"],"yoast_head":"<!-- This site is optimized with the Yoast SEO plugin v27.4 - https:\/\/yoast.com\/product\/yoast-seo-wordpress\/ -->\n<title>Kariyer &#8212; Triceps - the web tailor<\/title>\n<meta name=\"description\" content=\"Join us. Review open positions and apply. You&#039;re in good company!\" \/>\n<meta name=\"robots\" content=\"index, follow, max-snippet:-1, max-image-preview:large, max-video-preview:-1\" \/>\n<link rel=\"canonical\" href=\"https:\/\/triceps.com.tr\/tr\/kariyer\/\" \/>\n<meta property=\"og:locale\" content=\"tr_TR\" \/>\n<meta property=\"og:type\" content=\"article\" \/>\n<meta property=\"og:title\" content=\"Kariyer &#8212; Triceps - the web tailor\" \/>\n<meta property=\"og:description\" content=\"Join us. Review open positions and apply. You&#039;re in good company!\" \/>\n<meta property=\"og:url\" content=\"https:\/\/triceps.com.tr\/tr\/kariyer\/\" \/>\n<meta property=\"og:site_name\" content=\"Triceps - the web tailor\" \/>\n<meta property=\"article:publisher\" content=\"https:\/\/www.facebook.com\/thewebtailor\" \/>\n<meta property=\"article:modified_time\" content=\"2020-01-20T17:36:04+00:00\" \/>\n<meta name=\"twitter:card\" content=\"summary_large_image\" \/>\n<meta name=\"twitter:site\" content=\"@thewebtailor\" \/>\n<meta name=\"twitter:label1\" content=\"Tahmini okuma s\u00fcresi\" \/>\n\t<meta name=\"twitter:data1\" content=\"4 dakika\" \/>\n<script type=\"application\/ld+json\" class=\"yoast-schema-graph\">{\"@context\":\"https:\\\/\\\/schema.org\",\"@graph\":[{\"@type\":\"WebPage\",\"@id\":\"https:\\\/\\\/triceps.com.tr\\\/tr\\\/kariyer\\\/\",\"url\":\"https:\\\/\\\/triceps.com.tr\\\/tr\\\/kariyer\\\/\",\"name\":\"Kariyer &#8212; Triceps - the web tailor\",\"isPartOf\":{\"@id\":\"https:\\\/\\\/triceps.com.tr\\\/tr\\\/#website\"},\"datePublished\":\"2017-02-28T21:32:16+00:00\",\"dateModified\":\"2020-01-20T17:36:04+00:00\",\"description\":\"Join us. Review open positions and apply. You're in good company!\",\"breadcrumb\":{\"@id\":\"https:\\\/\\\/triceps.com.tr\\\/tr\\\/kariyer\\\/#breadcrumb\"},\"inLanguage\":\"tr\",\"potentialAction\":[{\"@type\":\"ReadAction\",\"target\":[\"https:\\\/\\\/triceps.com.tr\\\/tr\\\/kariyer\\\/\"]}]},{\"@type\":\"BreadcrumbList\",\"@id\":\"https:\\\/\\\/triceps.com.tr\\\/tr\\\/kariyer\\\/#breadcrumb\",\"itemListElement\":[{\"@type\":\"ListItem\",\"position\":1,\"name\":\"Home\",\"item\":\"https:\\\/\\\/triceps.com.tr\\\/tr\\\/\"},{\"@type\":\"ListItem\",\"position\":2,\"name\":\"Kariyer\"}]},{\"@type\":\"WebSite\",\"@id\":\"https:\\\/\\\/triceps.com.tr\\\/tr\\\/#website\",\"url\":\"https:\\\/\\\/triceps.com.tr\\\/tr\\\/\",\"name\":\"Triceps - the web tailor\",\"description\":\"Haute Couture Web Design\",\"publisher\":{\"@id\":\"https:\\\/\\\/triceps.com.tr\\\/tr\\\/#organization\"},\"potentialAction\":[{\"@type\":\"SearchAction\",\"target\":{\"@type\":\"EntryPoint\",\"urlTemplate\":\"https:\\\/\\\/triceps.com.tr\\\/tr\\\/?s={search_term_string}\"},\"query-input\":{\"@type\":\"PropertyValueSpecification\",\"valueRequired\":true,\"valueName\":\"search_term_string\"}}],\"inLanguage\":\"tr\"},{\"@type\":\"Organization\",\"@id\":\"https:\\\/\\\/triceps.com.tr\\\/tr\\\/#organization\",\"name\":\"Triceps - The Web Tailor\",\"url\":\"https:\\\/\\\/triceps.com.tr\\\/tr\\\/\",\"logo\":{\"@type\":\"ImageObject\",\"inLanguage\":\"tr\",\"@id\":\"https:\\\/\\\/triceps.com.tr\\\/tr\\\/#\\\/schema\\\/logo\\\/image\\\/\",\"url\":\"https:\\\/\\\/triceps.com.tr\\\/wp-content\\\/uploads\\\/2014\\\/11\\\/favicon-1.png\",\"contentUrl\":\"https:\\\/\\\/triceps.com.tr\\\/wp-content\\\/uploads\\\/2014\\\/11\\\/favicon-1.png\",\"width\":1024,\"height\":1024,\"caption\":\"Triceps - The Web Tailor\"},\"image\":{\"@id\":\"https:\\\/\\\/triceps.com.tr\\\/tr\\\/#\\\/schema\\\/logo\\\/image\\\/\"},\"sameAs\":[\"https:\\\/\\\/www.facebook.com\\\/thewebtailor\",\"https:\\\/\\\/x.com\\\/thewebtailor\",\"https:\\\/\\\/www.linkedin.com\\\/company\\\/triceps-the-web-tailor\"]}]}<\/script>\n<!-- \/ Yoast SEO plugin. -->","yoast_head_json":{"title":"Kariyer &#8212; Triceps - the web tailor","description":"Join us. Review open positions and apply. You're in good company!","robots":{"index":"index","follow":"follow","max-snippet":"max-snippet:-1","max-image-preview":"max-image-preview:large","max-video-preview":"max-video-preview:-1"},"canonical":"https:\/\/triceps.com.tr\/tr\/kariyer\/","og_locale":"tr_TR","og_type":"article","og_title":"Kariyer &#8212; Triceps - the web tailor","og_description":"Join us. Review open positions and apply. You're in good company!","og_url":"https:\/\/triceps.com.tr\/tr\/kariyer\/","og_site_name":"Triceps - the web tailor","article_publisher":"https:\/\/www.facebook.com\/thewebtailor","article_modified_time":"2020-01-20T17:36:04+00:00","twitter_card":"summary_large_image","twitter_site":"@thewebtailor","twitter_misc":{"Tahmini okuma s\u00fcresi":"4 dakika"},"schema":{"@context":"https:\/\/schema.org","@graph":[{"@type":"WebPage","@id":"https:\/\/triceps.com.tr\/tr\/kariyer\/","url":"https:\/\/triceps.com.tr\/tr\/kariyer\/","name":"Kariyer &#8212; Triceps - the web tailor","isPartOf":{"@id":"https:\/\/triceps.com.tr\/tr\/#website"},"datePublished":"2017-02-28T21:32:16+00:00","dateModified":"2020-01-20T17:36:04+00:00","description":"Join us. Review open positions and apply. You're in good company!","breadcrumb":{"@id":"https:\/\/triceps.com.tr\/tr\/kariyer\/#breadcrumb"},"inLanguage":"tr","potentialAction":[{"@type":"ReadAction","target":["https:\/\/triceps.com.tr\/tr\/kariyer\/"]}]},{"@type":"BreadcrumbList","@id":"https:\/\/triceps.com.tr\/tr\/kariyer\/#breadcrumb","itemListElement":[{"@type":"ListItem","position":1,"name":"Home","item":"https:\/\/triceps.com.tr\/tr\/"},{"@type":"ListItem","position":2,"name":"Kariyer"}]},{"@type":"WebSite","@id":"https:\/\/triceps.com.tr\/tr\/#website","url":"https:\/\/triceps.com.tr\/tr\/","name":"Triceps - the web tailor","description":"Haute Couture Web Design","publisher":{"@id":"https:\/\/triceps.com.tr\/tr\/#organization"},"potentialAction":[{"@type":"SearchAction","target":{"@type":"EntryPoint","urlTemplate":"https:\/\/triceps.com.tr\/tr\/?s={search_term_string}"},"query-input":{"@type":"PropertyValueSpecification","valueRequired":true,"valueName":"search_term_string"}}],"inLanguage":"tr"},{"@type":"Organization","@id":"https:\/\/triceps.com.tr\/tr\/#organization","name":"Triceps - The Web Tailor","url":"https:\/\/triceps.com.tr\/tr\/","logo":{"@type":"ImageObject","inLanguage":"tr","@id":"https:\/\/triceps.com.tr\/tr\/#\/schema\/logo\/image\/","url":"https:\/\/triceps.com.tr\/wp-content\/uploads\/2014\/11\/favicon-1.png","contentUrl":"https:\/\/triceps.com.tr\/wp-content\/uploads\/2014\/11\/favicon-1.png","width":1024,"height":1024,"caption":"Triceps - The Web Tailor"},"image":{"@id":"https:\/\/triceps.com.tr\/tr\/#\/schema\/logo\/image\/"},"sameAs":["https:\/\/www.facebook.com\/thewebtailor","https:\/\/x.com\/thewebtailor","https:\/\/www.linkedin.com\/company\/triceps-the-web-tailor"]}]}},"_links":{"self":[{"href":"https:\/\/triceps.com.tr\/tr\/wp-json\/wp\/v2\/pages\/3669","targetHints":{"allow":["GET"]}}],"collection":[{"href":"https:\/\/triceps.com.tr\/tr\/wp-json\/wp\/v2\/pages"}],"about":[{"href":"https:\/\/triceps.com.tr\/tr\/wp-json\/wp\/v2\/types\/page"}],"author":[{"embeddable":true,"href":"https:\/\/triceps.com.tr\/tr\/wp-json\/wp\/v2\/users\/1"}],"replies":[{"embeddable":true,"href":"https:\/\/triceps.com.tr\/tr\/wp-json\/wp\/v2\/comments?post=3669"}],"version-history":[{"count":0,"href":"https:\/\/triceps.com.tr\/tr\/wp-json\/wp\/v2\/pages\/3669\/revisions"}],"wp:attachment":[{"href":"https:\/\/triceps.com.tr\/tr\/wp-json\/wp\/v2\/media?parent=3669"}],"curies":[{"name":"wp","href":"https:\/\/api.w.org\/{rel}","templated":true}]}}